{"id":11977,"date":"2016-12-01T13:11:40","date_gmt":"2016-12-01T18:11:40","guid":{"rendered":"http:\/\/52.229.122.34\/fr\/?page_id=11977"},"modified":"2016-12-01T13:11:40","modified_gmt":"2016-12-01T18:11:40","slug":"recherche","status":"publish","type":"page","link":"https:\/\/www.ottawahospital.on.ca\/fr\/services-cliniques\/deptpgrmcs\/departements\/pneumologie\/recherche\/","title":{"rendered":"Recherche"},"content":{"rendered":"<p>Les membres de la Division de pneumologie de L\u2019H\u00f4pital d\u2019Ottawa participent activement \u00e0 des projets de recherche clinique pour trouver des fa\u00e7ons d\u2019am\u00e9liorer les soins et l\u2019\u00e9tat des patients qui souffrent d\u2019une maladie pulmonaire.<\/p>\n<p>La division regroupe de nombreux chercheurs actifs qui b\u00e9n\u00e9ficient de subventions d\u2019organismes comme les Instituts de recherche en sant\u00e9 du Canada, la Soci\u00e9t\u00e9 canadienne de thoracologie (Ontario) et la Fondation canadienne de la fibrose kystique.<\/p>\n<p>Les membres de la division publient r\u00e9guli\u00e8rement les r\u00e9sultats de leurs recherches dans des revues r\u00e9vis\u00e9es par des pairs et participent aussi activement au recrutement des patients pour les essais cliniques.<\/p>\n<p>La Division de pneumologie vise \u00e0 atteindre l&rsquo;excellence en recherche pour pouvoir am\u00e9liorer les soins fournis aux patients.<\/p>\n<h2>Voici les int\u00e9r\u00eats de recherche de quelques-uns de nos membres\u00a0:<\/h2>\n<p><strong>D<sup>r<\/sup> Shawn Aaron<\/strong>: Recherche clinique sur les maladies pulmonaires obstructives chroniques (bronchite chronique et emphys\u00e8me). Fibrose kystique. Asthme.<\/p>\n<p><strong>D<sup>r<\/sup> Gonzalo G. Alvarez<\/strong>: Sant\u00e9 internationale. Tuberculose.<\/p>\n<p><strong>D<sup>r<\/sup> Kayvan Amjadi<\/strong>: Pneumologie interventionnelle.<\/p>\n<p><strong>D<sup>r<\/sup> Robert Dales<\/strong>: Recherche sur la sant\u00e9 des populations (projet actuel\u00a0: influence de la qualit\u00e9 de l&rsquo;air int\u00e9rieur et ext\u00e9rieur sur la sant\u00e9 respiratoire).<\/p>\n<p><strong>D<sup>re<\/sup> Judy Leech<\/strong>: Apn\u00e9e obstructive et centrale du sommeil et m\u00e9tabolisme cardiaque (tomographie par \u00e9mission de positrons). Surveillance f\u0153tale par polysomnogramme nocturne.<\/p>\n<p><strong>D<sup>r<\/sup> Nha Voduc<\/strong>: Analyse clinique de tests cardiorespiratoires (projet actuel\u00a0: application des exercices utilis\u00e9s afin d&rsquo;\u00e9valuer et de g\u00e9rer la maladie).<\/p>\n","protected":false},"excerpt":{"rendered":"<p>Les membres de la Division de pneumologie de L\u2019H\u00f4pital d\u2019Ottawa participent activement \u00e0 des projets de recherche clinique pour trouver des fa\u00e7ons d\u2019am\u00e9liorer les soins et l\u2019\u00e9tat des patients qui souffrent d\u2019une maladie pulmonaire. La division regroupe de nombreux chercheurs actifs qui b\u00e9n\u00e9ficient de subventions d\u2019organismes comme les Instituts de recherche en sant\u00e9 du Canada, [&hellip;]<\/p>\n","protected":false},"author":25,"featured_media":0,"parent":11947,"menu_order":5,"comment_status":"closed","ping_status":"closed","template":"","meta":{"_acf_changed":false,"_mc_calendar":[],"footnotes":""},"class_list":["post-11977","page","type-page","status-publish","hentry"],"acf":[],"wps_subtitle":"","_links":{"self":[{"href":"https:\/\/www.ottawahospital.on.ca\/fr\/wp-json\/wp\/v2\/pages\/11977","targetHints":{"allow":["GET"]}}],"collection":[{"href":"https:\/\/www.ottawahospital.on.ca\/fr\/wp-json\/wp\/v2\/pages"}],"about":[{"href":"https:\/\/www.ottawahospital.on.ca\/fr\/wp-json\/wp\/v2\/types\/page"}],"author":[{"embeddable":true,"href":"https:\/\/www.ottawahospital.on.ca\/fr\/wp-json\/wp\/v2\/users\/25"}],"replies":[{"embeddable":true,"href":"https:\/\/www.ottawahospital.on.ca\/fr\/wp-json\/wp\/v2\/comments?post=11977"}],"version-history":[{"count":0,"href":"https:\/\/www.ottawahospital.on.ca\/fr\/wp-json\/wp\/v2\/pages\/11977\/revisions"}],"up":[{"embeddable":true,"href":"https:\/\/www.ottawahospital.on.ca\/fr\/wp-json\/wp\/v2\/pages\/11947"}],"wp:attachment":[{"href":"https:\/\/www.ottawahospital.on.ca\/fr\/wp-json\/wp\/v2\/media?parent=11977"}],"curies":[{"name":"wp","href":"https:\/\/api.w.org\/{rel}","templated":true}]}}