{"id":11969,"date":"2016-12-01T13:09:05","date_gmt":"2016-12-01T18:09:05","guid":{"rendered":"http:\/\/52.229.122.34\/fr\/?page_id=11969"},"modified":"2024-02-21T15:45:35","modified_gmt":"2024-02-21T20:45:35","slug":"formation-des-residents","status":"publish","type":"page","link":"https:\/\/www.ottawahospital.on.ca\/fr\/services-cliniques\/deptpgrmcs\/departements\/pneumologie\/formation-des-residents\/","title":{"rendered":"Formation des r\u00e9sidents"},"content":{"rendered":"<h2>Objectif<\/h2>\n<p>L\u2019objectif du programme (donn\u00e9 uniquement en anglais) est de pr\u00e9parer les m\u00e9decins \u00e0 exercer la profession de mani\u00e8re autonome en milieu universitaire et communautaire en respectant les lignes directrices du projet de cadre de comp\u00e9tences essentielles pour les m\u00e9decins sp\u00e9cialis\u00e9s canadiens (CanMEDS) de 2000 du Coll\u00e8ge royal des m\u00e9decins et chirurgiens du Canada.<\/p>\n<h2>Programme<\/h2>\n<p>Le programme de deux ans est con\u00e7u pour donner aux r\u00e9sidents les qualifications requises pour devenir des sp\u00e9cialistes de la m\u00e9decine respiratoire au Canada. Il comprend de nombreuses heures de travail et de formation clinique en milieu communautaire et hospitalier (aupr\u00e8s de patients hospitalis\u00e9s et externes).<\/p>\n<p>Les r\u00e9sidents font des stages \u00e0 option pendant plusieurs mois. Nous pouvons facilement les orienter vers des sous-sp\u00e9cialit\u00e9s chirurgicales, les soins critiques, la radiologie, la r\u00e9adaptation, la pathologie, l\u2019oncologie, la pneumologie p\u00e9diatrique et la pneumologie en milieu communautaire dans un \u00e9tablissement d\u2019Ottawa ou d\u2019une autre r\u00e9gion.<\/p>\n<p>Nous les encourageons aussi \u00e0 faire de la recherche fondamentale ou clinique. Nous leur assignons un superviseur de la Division de pneumologie ou d\u2019une autre division pour faciliter le processus. Nous r\u00e9servons aussi du temps pour une demi-journ\u00e9e de cours chaque semaine.<\/p>\n<h2>Stages<\/h2>\n<p><strong>Patients hospitalis\u00e9s et consultations<\/strong><br \/>\nLes r\u00e9sidents participent \u00e0 la supervision des r\u00e9sidents d\u00e9butants et des \u00e9tudiants en m\u00e9decine qui offrent des services aux patients hospitalis\u00e9s au Campus G\u00e9n\u00e9ral. Ils aident aussi les pneumologues qui s\u2019occupent des patients hospitalis\u00e9s au Campus Civic ou au Campus G\u00e9n\u00e9ral.<\/p>\n<p><strong>Cliniques<\/strong><br \/>\nNous encourageons les r\u00e9sidents \u00e0 se rendre dans des cliniques de pneumologie g\u00e9n\u00e9rale et de sous-sp\u00e9cialit\u00e9 (fibrose kystique chez l\u2019adulte, tuberculose et hypertension et r\u00e9adaptation pulmonaire) en milieu hospitalier. Accompagn\u00e9s de membres de la Division de pneumologie, ils ont aussi l\u2019occasion de se rendre dans des cliniques de pneumologie g\u00e9n\u00e9rale d\u2019Ottawa et d\u2019autres r\u00e9gions.<\/p>\n<p><strong>Soins critiques<\/strong><br \/>\nLes r\u00e9sidents font diff\u00e9rents stages \u00e0 l\u2019Unit\u00e9 des soins intensifs du Campus Civic et du Campus G\u00e9n\u00e9ral. Ils peuvent aussi faire des stages \u00e0 l\u2019Unit\u00e9 des soins coronariens et \u00e0 l\u2019Unit\u00e9 de chirurgie cardiaque de l\u2019Institut de cardiologie.<\/p>\n<p><strong>M\u00e9decine du sommeil<\/strong><br \/>\nLes r\u00e9sidents passent deux mois dans des cliniques de m\u00e9decine du sommeil et participent au diagnostic et \u00e0 la gestion des patients dans le laboratoire. \u00c0 la fin du programme, ils peuvent en g\u00e9n\u00e9ral \u00eatre admis dans un programme de sous-sp\u00e9cialit\u00e9 en m\u00e9decine du sommeil.<\/p>\n<p><strong>Laboratoire d\u2019analyse des fonctions pulmonaires<\/strong><br \/>\nLes r\u00e9sidents re\u00e7oivent une formation compl\u00e8te sur la physiologie du syst\u00e8me respiratoire et l\u2019application des principes d\u2019analyse des fonctions pulmonaires et des tests cardiorespiratoires. Ils apprennent comment administrer les tests, interpr\u00e9ter les r\u00e9sultats et \u00e9valuer le contr\u00f4le de la qualit\u00e9 dans un laboratoire.<\/p>\n<p><strong>Bronchoscopie et bronchoscopie interventionnelle<\/strong><br \/>\nLes r\u00e9sidents ont plusieurs occasions de pratiquer une bronchoscopie sous supervision. Ils peuvent voir de pr\u00e8s les techniques avanc\u00e9es de diagnostic et de traitement (bronchoscopie interventionnelle), gr\u00e2ce \u00e0 nos professionnels qualifi\u00e9s et notre nouvel \u00e9quipement \u00e0 la fine pointe de la technologie.<\/p>\n<p><strong>R\u00e9adaptation pulmonaire<\/strong><br \/>\nLes r\u00e9sidents passent aussi du temps au Centre de r\u00e9adaptation aupr\u00e8s des patients qui souffrent d\u2019une maladie pulmonaire chronique ou d\u2019une maladie neuromusculaire. Ils apprennent comment \u00e9valuer et g\u00e9rer les patients qui suivent un programme de r\u00e9adaptation pulmonaire.<\/p>\n<h2>Venez suivre notre programme de formation!<\/h2>\n<p>Nous invitons les personnes qualifi\u00e9es \u00e0 pr\u00e9senter une demande d\u2019admission. N\u2019h\u00e9sitez pas \u00e0 <a href=\"\/fr\/services-cliniques\/deptpgrmcs\/departements\/pneumologie\/nous-joindre\/\">communiquer avec le directeur du programme, le Dr Vanessa Luks<\/a>, (en appelant \u00e0 l\u2019administration). Il r\u00e9pondra avec plaisir \u00e0 vos questions.<\/p>\n","protected":false},"excerpt":{"rendered":"<p>Objectif L\u2019objectif du programme (donn\u00e9 uniquement en anglais) est de pr\u00e9parer les m\u00e9decins \u00e0 exercer la profession de mani\u00e8re autonome en milieu universitaire et communautaire en respectant les lignes directrices du projet de cadre de comp\u00e9tences essentielles pour les m\u00e9decins sp\u00e9cialis\u00e9s canadiens (CanMEDS) de 2000 du Coll\u00e8ge royal des m\u00e9decins et chirurgiens du Canada. Programme [&hellip;]<\/p>\n","protected":false},"author":25,"featured_media":0,"parent":11947,"menu_order":4,"comment_status":"closed","ping_status":"closed","template":"","meta":{"_acf_changed":false,"_mc_calendar":[],"footnotes":""},"class_list":["post-11969","page","type-page","status-publish","hentry"],"acf":[],"wps_subtitle":"","_links":{"self":[{"href":"https:\/\/www.ottawahospital.on.ca\/fr\/wp-json\/wp\/v2\/pages\/11969","targetHints":{"allow":["GET"]}}],"collection":[{"href":"https:\/\/www.ottawahospital.on.ca\/fr\/wp-json\/wp\/v2\/pages"}],"about":[{"href":"https:\/\/www.ottawahospital.on.ca\/fr\/wp-json\/wp\/v2\/types\/page"}],"author":[{"embeddable":true,"href":"https:\/\/www.ottawahospital.on.ca\/fr\/wp-json\/wp\/v2\/users\/25"}],"replies":[{"embeddable":true,"href":"https:\/\/www.ottawahospital.on.ca\/fr\/wp-json\/wp\/v2\/comments?post=11969"}],"version-history":[{"count":0,"href":"https:\/\/www.ottawahospital.on.ca\/fr\/wp-json\/wp\/v2\/pages\/11969\/revisions"}],"up":[{"embeddable":true,"href":"https:\/\/www.ottawahospital.on.ca\/fr\/wp-json\/wp\/v2\/pages\/11947"}],"wp:attachment":[{"href":"https:\/\/www.ottawahospital.on.ca\/fr\/wp-json\/wp\/v2\/media?parent=11969"}],"curies":[{"name":"wp","href":"https:\/\/api.w.org\/{rel}","templated":true}]}}