{"id":11959,"date":"2016-12-01T13:03:52","date_gmt":"2016-12-01T18:03:52","guid":{"rendered":"http:\/\/52.229.122.34\/fr\/?page_id=11959"},"modified":"2017-01-03T13:00:58","modified_gmt":"2017-01-03T18:00:58","slug":"cliniques-et-programmes","status":"publish","type":"page","link":"https:\/\/www.ottawahospital.on.ca\/fr\/services-cliniques\/deptpgrmcs\/departements\/pneumologie\/cliniques-et-programmes\/","title":{"rendered":"Cliniques et programmes"},"content":{"rendered":"<p>Il existe de nombreux programmes sp\u00e9cialis\u00e9s con\u00e7us pour r\u00e9pondre aux besoins des patients en pneumologie \u00e0 L\u2019H\u00f4pital d\u2019Ottawa et \u00e0 l\u2019ext\u00e9rieur. Le Centre de r\u00e9adaptation offre notamment un <a href=\"\/fr\/services-cliniques\/deptpgrmcs\/cliniques-et-services\/readaptation-respiratoire-pour-les-personnes-atteintes-de-bronchopneumopathie-chronique-obstructive\/\">service de r\u00e9adaptation respiratoire<\/a>, qui fournit des soins multidisciplinaires aux patients atteints d\u2019une maladie pulmonaire chronique.<\/p>\n<p>Il existe aussi des cliniques sp\u00e9cialis\u00e9es dans le traitement de la tuberculose et de la fibrose kystique chez l\u2019adulte.<\/p>\n<h2>Cliniques et services<\/h2>\n<ul>\n<li><a href=\"\/fr\/services-cliniques\/deptpgrmcs\/cliniques-et-services\/cardiologie\/services-cardiorespiratoires\/\">Laboratoire d\u2019analyse des fonctions pulmonaires<\/a><\/li>\n<li><a href=\"\/fr\/services-cliniques\/deptpgrmcs\/cliniques-et-services\/readaptation-respiratoire-pour-les-personnes-atteintes-de-bronchopneumopathie-chronique-obstructive\/\">R\u00e9adaptation respiratoire pour personnes atteintes d\u2019une maladie pulmonaire obstructive chronique (MPOC)<\/a><\/li>\n<li><a href=\"\/fr\/services-cliniques\/deptpgrmcs\/cliniques-et-services\/readaptation-respiratoire-pour-les-personnes-atteintes-de-bronchopneumopathie-chronique-obstructive\/\" target=\"_blank\">R\u00e9adaptation respiratoire pour personnes atteintes d\u2019une maladie neuromusculaire<\/a> (principalement non invasive)<\/li>\n<li><a href=\"\/fr\/services-cliniques\/deptpgrmcs\/cliniques-et-services\/pneumologie\/\">Pneumologie<span style=\"display: none;\"> page<\/span><\/a><\/li>\n<li><a href=\"\/fr\/services-cliniques\/deptpgrmcs\/cliniques-et-services\/tuberculose\/\">Tuberculose<\/a><\/li>\n<\/ul>\n","protected":false},"excerpt":{"rendered":"<p>Il existe de nombreux programmes sp\u00e9cialis\u00e9s con\u00e7us pour r\u00e9pondre aux besoins des patients en pneumologie \u00e0 L\u2019H\u00f4pital d\u2019Ottawa et \u00e0 l\u2019ext\u00e9rieur. Le Centre de r\u00e9adaptation offre notamment un service de r\u00e9adaptation respiratoire, qui fournit des soins multidisciplinaires aux patients atteints d\u2019une maladie pulmonaire chronique. Il existe aussi des cliniques sp\u00e9cialis\u00e9es dans le traitement de la [&hellip;]<\/p>\n","protected":false},"author":25,"featured_media":0,"parent":11947,"menu_order":2,"comment_status":"closed","ping_status":"closed","template":"","meta":{"_acf_changed":false,"_mc_calendar":[],"footnotes":""},"class_list":["post-11959","page","type-page","status-publish","hentry"],"acf":[],"wps_subtitle":"","_links":{"self":[{"href":"https:\/\/www.ottawahospital.on.ca\/fr\/wp-json\/wp\/v2\/pages\/11959","targetHints":{"allow":["GET"]}}],"collection":[{"href":"https:\/\/www.ottawahospital.on.ca\/fr\/wp-json\/wp\/v2\/pages"}],"about":[{"href":"https:\/\/www.ottawahospital.on.ca\/fr\/wp-json\/wp\/v2\/types\/page"}],"author":[{"embeddable":true,"href":"https:\/\/www.ottawahospital.on.ca\/fr\/wp-json\/wp\/v2\/users\/25"}],"replies":[{"embeddable":true,"href":"https:\/\/www.ottawahospital.on.ca\/fr\/wp-json\/wp\/v2\/comments?post=11959"}],"version-history":[{"count":0,"href":"https:\/\/www.ottawahospital.on.ca\/fr\/wp-json\/wp\/v2\/pages\/11959\/revisions"}],"up":[{"embeddable":true,"href":"https:\/\/www.ottawahospital.on.ca\/fr\/wp-json\/wp\/v2\/pages\/11947"}],"wp:attachment":[{"href":"https:\/\/www.ottawahospital.on.ca\/fr\/wp-json\/wp\/v2\/media?parent=11959"}],"curies":[{"name":"wp","href":"https:\/\/api.w.org\/{rel}","templated":true}]}}