{"id":11952,"date":"2016-12-01T12:57:11","date_gmt":"2016-12-01T17:57:11","guid":{"rendered":"http:\/\/52.229.122.34\/fr\/?page_id=11952"},"modified":"2016-12-15T15:13:23","modified_gmt":"2016-12-15T20:13:23","slug":"pneumologues","status":"publish","type":"page","link":"https:\/\/www.ottawahospital.on.ca\/fr\/services-cliniques\/deptpgrmcs\/departements\/pneumologie\/pneumologues\/","title":{"rendered":"Pneumologues"},"content":{"rendered":"<p>Les membres de la Division de pneumologie travaillent aux trois campus de L\u2019H\u00f4pital d\u2019Ottawa. Vous trouverez leurs coordonn\u00e9es dans le\u00a0<strong><a href=\"\/fr\/services-cliniques\/repertoire-des-medecins\/\">R\u00e9pertoire des m\u00e9decins<\/a><\/strong> de L&rsquo;H\u00f4pital d&rsquo;Ottawa..<\/p>\n<p><strong>M\u00e9decins traitants<\/strong><br \/>\nVeuillez nous envoyer une demande de consultation si vous voulez que l\u2019un de nos pneumologues voie votre patient.<\/p>\n<p><strong>Patients<\/strong><br \/>\nVotre m\u00e9decin de famille ou un autre sp\u00e9cialiste doit envoyer une demande de consultation \u00e0 l\u2019un de nos pneumologues. Vous ne pourrez pas obtenir un rendez vous si cette demande n\u2019a pas \u00e9t\u00e9 envoy\u00e9e.<\/p>\n<h2>Pneumologues<\/h2>\n<div class=\"table-responsive\">\n<table class=\"table-bordered table\">\n<tbody>\n<tr>\n<td>D<sup>r<\/sup> Shawn Aaron<\/td>\n<td>D<sup>r<\/sup> Judith Leech<\/td>\n<\/tr>\n<tr>\n<td>D<sup>r<\/sup> Gonzalo G. Alvarez<\/td>\n<td>D<sup>r<\/sup> Doug McKim<\/td>\n<\/tr>\n<tr>\n<td>D<sup>r<\/sup> Kayvan Amjadi<\/td>\n<td>D<sup>r<\/sup> Krishna Sharma<\/td>\n<\/tr>\n<tr>\n<td>D<sup>r<\/sup> Steven Bencze<\/td>\n<td>D<sup>r<\/sup> Nha Voduc<\/td>\n<\/tr>\n<tr>\n<td>D<sup>r<\/sup> George Chandy<\/td>\n<td>D<sup>r<\/sup> Ken Willis<\/td>\n<\/tr>\n<tr>\n<td>D<sup>r<\/sup> \u00a0Robert Dales<\/td>\n<td><\/td>\n<\/tr>\n<\/tbody>\n<\/table>\n<\/div>\n","protected":false},"excerpt":{"rendered":"<p>Les membres de la Division de pneumologie travaillent aux trois campus de L\u2019H\u00f4pital d\u2019Ottawa. Vous trouverez leurs coordonn\u00e9es dans le\u00a0R\u00e9pertoire des m\u00e9decins de L&rsquo;H\u00f4pital d&rsquo;Ottawa.. M\u00e9decins traitants Veuillez nous envoyer une demande de consultation si vous voulez que l\u2019un de nos pneumologues voie votre patient. Patients Votre m\u00e9decin de famille ou un autre sp\u00e9cialiste doit [&hellip;]<\/p>\n","protected":false},"author":25,"featured_media":0,"parent":11947,"menu_order":1,"comment_status":"closed","ping_status":"closed","template":"","meta":{"_acf_changed":false,"_mc_calendar":[],"footnotes":""},"class_list":["post-11952","page","type-page","status-publish","hentry"],"acf":[],"wps_subtitle":"","_links":{"self":[{"href":"https:\/\/www.ottawahospital.on.ca\/fr\/wp-json\/wp\/v2\/pages\/11952","targetHints":{"allow":["GET"]}}],"collection":[{"href":"https:\/\/www.ottawahospital.on.ca\/fr\/wp-json\/wp\/v2\/pages"}],"about":[{"href":"https:\/\/www.ottawahospital.on.ca\/fr\/wp-json\/wp\/v2\/types\/page"}],"author":[{"embeddable":true,"href":"https:\/\/www.ottawahospital.on.ca\/fr\/wp-json\/wp\/v2\/users\/25"}],"replies":[{"embeddable":true,"href":"https:\/\/www.ottawahospital.on.ca\/fr\/wp-json\/wp\/v2\/comments?post=11952"}],"version-history":[{"count":0,"href":"https:\/\/www.ottawahospital.on.ca\/fr\/wp-json\/wp\/v2\/pages\/11952\/revisions"}],"up":[{"embeddable":true,"href":"https:\/\/www.ottawahospital.on.ca\/fr\/wp-json\/wp\/v2\/pages\/11947"}],"wp:attachment":[{"href":"https:\/\/www.ottawahospital.on.ca\/fr\/wp-json\/wp\/v2\/media?parent=11952"}],"curies":[{"name":"wp","href":"https:\/\/api.w.org\/{rel}","templated":true}]}}