{"id":11947,"date":"2016-12-01T12:51:46","date_gmt":"2016-12-01T17:51:46","guid":{"rendered":"http:\/\/52.229.122.34\/fr\/?page_id=11947"},"modified":"2017-01-03T10:56:03","modified_gmt":"2017-01-03T15:56:03","slug":"pneumologie","status":"publish","type":"page","link":"https:\/\/www.ottawahospital.on.ca\/fr\/services-cliniques\/deptpgrmcs\/departements\/pneumologie\/","title":{"rendered":"Pneumologie"},"content":{"rendered":"<p>Bienvenue \u00e0 la Division de pneumologie de L\u2019H\u00f4pital d\u2019Ottawa. La Division est reconnue pour l\u2019excellence de ses soins aux patients et de ses activit\u00e9s de recherche et d\u2019enseignement. Nous offrons d\u2019ailleurs une formation universitaire au sein du D\u00e9partement de m\u00e9decine de l\u2019H\u00f4pital.<\/p>\n<p>Les membres de notre division offrent des soins aux patients hospitalis\u00e9s et externes aux trois campus de L\u2019H\u00f4pital d\u2019Ottawa et dans d\u2019autres cliniques externes. Les m\u00e9decins collaborent \u00e9troitement avec les infirmi\u00e8res, les chercheurs et le personnel param\u00e9dical pour continuer d\u2019am\u00e9liorer les soins aux patients et trouver de nouveaux traitements. La Division de pneumologie offre un <a href=\"\/fr\/services-cliniques\/deptpgrmcs\/departements\/pneumologie\/formation-des-residents\/\">excellent programme de formation des r\u00e9sidents en pneumologie<\/a> de deux ans (en anglais seulement).<\/p>\n<h2>Recherche<\/h2>\n<p>Les membres de notre division participent activement \u00e0 des projets de recherche sur la pr\u00e9vention, le d\u00e9pistage pr\u00e9coce, le diagnostic et le traitement de maladies respiratoires.<\/p>\n<h2>Essais cliniques<\/h2>\n<p>Les patients peuvent participer \u00e0 des essais cliniques. Ce sont des \u00e9tudes supervis\u00e9es avec soin par un comit\u00e9 d\u2019\u00e9thique. Ces recherches aident \u00e0 d\u00e9terminer quels traitements sont plus efficaces.<\/p>\n","protected":false},"excerpt":{"rendered":"<p>Bienvenue \u00e0 la Division de pneumologie de L\u2019H\u00f4pital d\u2019Ottawa. La Division est reconnue pour l\u2019excellence de ses soins aux patients et de ses activit\u00e9s de recherche et d\u2019enseignement. Nous offrons d\u2019ailleurs une formation universitaire au sein du D\u00e9partement de m\u00e9decine de l\u2019H\u00f4pital. Les membres de notre division offrent des soins aux patients hospitalis\u00e9s et externes [&hellip;]<\/p>\n","protected":false},"author":25,"featured_media":0,"parent":7868,"menu_order":22,"comment_status":"closed","ping_status":"closed","template":"","meta":{"_acf_changed":false,"_mc_calendar":[],"footnotes":""},"class_list":["post-11947","page","type-page","status-publish","hentry"],"acf":[],"wps_subtitle":"","_links":{"self":[{"href":"https:\/\/www.ottawahospital.on.ca\/fr\/wp-json\/wp\/v2\/pages\/11947","targetHints":{"allow":["GET"]}}],"collection":[{"href":"https:\/\/www.ottawahospital.on.ca\/fr\/wp-json\/wp\/v2\/pages"}],"about":[{"href":"https:\/\/www.ottawahospital.on.ca\/fr\/wp-json\/wp\/v2\/types\/page"}],"author":[{"embeddable":true,"href":"https:\/\/www.ottawahospital.on.ca\/fr\/wp-json\/wp\/v2\/users\/25"}],"replies":[{"embeddable":true,"href":"https:\/\/www.ottawahospital.on.ca\/fr\/wp-json\/wp\/v2\/comments?post=11947"}],"version-history":[{"count":0,"href":"https:\/\/www.ottawahospital.on.ca\/fr\/wp-json\/wp\/v2\/pages\/11947\/revisions"}],"up":[{"embeddable":true,"href":"https:\/\/www.ottawahospital.on.ca\/fr\/wp-json\/wp\/v2\/pages\/7868"}],"wp:attachment":[{"href":"https:\/\/www.ottawahospital.on.ca\/fr\/wp-json\/wp\/v2\/media?parent=11947"}],"curies":[{"name":"wp","href":"https:\/\/api.w.org\/{rel}","templated":true}]}}