{"id":11943,"date":"2016-12-01T12:37:46","date_gmt":"2016-12-01T17:37:46","guid":{"rendered":"http:\/\/52.229.122.34\/fr\/?page_id=11943"},"modified":"2021-02-09T15:00:32","modified_gmt":"2021-02-09T20:00:32","slug":"formation-medicale","status":"publish","type":"page","link":"https:\/\/www.ottawahospital.on.ca\/fr\/services-cliniques\/deptpgrmcs\/departements\/nephrologie\/formation-medicale\/","title":{"rendered":"Formation m\u00e9dicale"},"content":{"rendered":"<div class=\"row\">\n<div class=\"col-md-7\">\n<h2>Mission<\/h2>\n<p>Notre mission est de pr\u00e9parer les futurs n\u00e9phrologues \u00e0 prendre soin des patients qui ont des probl\u00e8mes r\u00e9naux avec comp\u00e9tence et compassion. Nous leur apprenons \u00e0 d\u00e9velopper les aptitudes n\u00e9cessaires pour maintenir leurs comp\u00e9tences cliniques et poursuivre leur apprentissage tout au long de leur carri\u00e8re.<\/p>\n<h2>Quelques mots au sujet du programme<\/h2>\n<p>Le Programme de formation en n\u00e9phrologie de l\u2019Universit\u00e9 d\u2019Ottawa est reconnu par le <a href=\"https:\/\/www.royalcollege.ca\/rcsite\/home-f\" target=\"_blank\" rel=\"noopener noreferrer\">Coll\u00e8ge royal des m\u00e9decins et chirurgiens du Canada.<\/a> Le programme de base comprend deux ann\u00e9es de formation. Il est con\u00e7u pour pr\u00e9parer les \u00ab recrues \u00bb \u00e0 une carri\u00e8re en enseignement de la n\u00e9phrologie ou en exercice de la n\u00e9phrologie communautaire. Nous offrons \u00e9galement un programme de sursp\u00e9cialisation clinique en n\u00e9phrologie \u00e0 des n\u00e9phrologues qualifi\u00e9s pour leur permettre d\u2019acqu\u00e9rir une expertise suppl\u00e9mentaire. Notre programme de sursp\u00e9cialisation clinique est reconnu par l\u2019American Society of Nephrology, l\u2019American Society of Transplantation et l\u2019American Society of Hypertension.<\/p>\n<\/div>\n<div class=\"col-md-5\"><img decoding=\"async\" class=\"alignright img-responsive\" src=\"\/wp-content\/uploads\/2016\/12\/ResidencyTrainingProgram2010.jpg\" alt=\"Residency Training Program 2010\" width=\"448\" height=\"310\" \/><\/div>\n<\/div>\n<h2>Stages obligatoires en n\u00e9phrologie<\/h2>\n<div class=\"table-responsive\">\n<table class=\"table-bordered table\">\n<caption>Stages obligatoires en n\u00e9phrologie<\/caption>\n<tbody>\n<tr>\n<th style=\"text-align: left;\" colspan=\"2\" scope=\"col\">Premi\u00e8re ann\u00e9e &#8211; mois et stages<\/th>\n<\/tr>\n<tr>\n<td style=\"text-align: left;\">1<\/td>\n<td>H\u00e9modialyse \u2013 Campus G\u00e9n\u00e9ral<\/td>\n<\/tr>\n<tr>\n<td>2<\/td>\n<td>H\u00e9modialyse \u2013 Campus G\u00e9n\u00e9ral<\/td>\n<\/tr>\n<tr>\n<td>3<\/td>\n<td>N\u00e9phrologie &#8211; Campus G\u00e9n\u00e9ral<\/td>\n<\/tr>\n<tr>\n<td>4<\/td>\n<td>Transplantation<\/td>\n<\/tr>\n<tr>\n<td>5<\/td>\n<td>Transplantation<\/td>\n<\/tr>\n<tr>\n<td>6<\/td>\n<td>N\u00e9phrologie &#8211; Campus G\u00e9n\u00e9ral<\/td>\n<\/tr>\n<tr>\n<td>7<\/td>\n<td>Consultations \u2013 Campus Civic<\/td>\n<\/tr>\n<tr>\n<td>8<\/td>\n<td>Consultations \u2013 Campus Civic<\/td>\n<\/tr>\n<tr>\n<td>9<\/td>\n<td>Dialyse \u00e0 domicile (p\u00e9riton\u00e9ale et h\u00e9modialyse)<\/td>\n<\/tr>\n<tr>\n<td>10<\/td>\n<td>H\u00e9modialyse \u2013 Campus Civic<\/td>\n<\/tr>\n<tr>\n<td>11<\/td>\n<td>Clinique de soins ambulatoires<\/td>\n<\/tr>\n<tr>\n<td>12<\/td>\n<td>Clinique de soins ambulatoires<\/td>\n<\/tr>\n<\/tbody>\n<\/table>\n<\/div>\n<p>En plus des stages de la premi\u00e8re et la deuxi\u00e8me ann\u00e9e, les futurs n\u00e9phrologues prendront en charge leur propre clinique de soins ambulatoires chaque mardi apr\u00e8s-midi.<\/p>\n<h3>Stages aux choix pour la deuxi\u00e8me ann\u00e9e<\/h3>\n<ul>\n<li>Clinique d\u2019insuffisance r\u00e9nale progressive<\/li>\n<li>Hypertension<\/li>\n<li>N\u00e9phrologie communautaire<\/li>\n<li>N\u00e9phrologie p\u00e9diatrique<\/li>\n<li>Pathologie<\/li>\n<li>Recherche<\/li>\n<li>Unit\u00e9 satellite de dialyse<\/li>\n<\/ul>\n<h3>Programme du Coll\u00e8ge royal<\/h3>\n<p>Le programme du Coll\u00e8ge royal est aussi r\u00e9parti sur deux ann\u00e9es. La premi\u00e8re ann\u00e9e comprend des stages cliniques structur\u00e9s \u00e0 l\u2019avance. La deuxi\u00e8me peut \u00eatre personnalis\u00e9e pour r\u00e9pondre aux besoins de chaque futur n\u00e9phrologue en fonction du domaine vis\u00e9. Voici quelques choix offerts \u00e0 la deuxi\u00e8me ann\u00e9e : recherche clinique, recherche fondamentale, n\u00e9phrologie communautaire, hypertension, unit\u00e9 satellite de dialyse, insuffisance r\u00e9nale progressive et n\u00e9phrologie p\u00e9diatrique. Chaque futur n\u00e9phrologue prend en charge une clinique une fois par semaine tout au long du programme.<\/p>\n<h3>Corps professoral<\/h3>\n<p>La force du programme \u00e9mane du corps professoral : notre division comprend 20 n\u00e9phrologues. Elle regroupe des sp\u00e9cialistes en \u00e9pid\u00e9miologie clinique, en science fondamentale, en recherche translationnelle et en enseignement m\u00e9dical.<\/p>\n<h3>H\u00f4pitaux et programmes affili\u00e9s<\/h3>\n<p>Le Campus Civic de L\u2019H\u00f4pital d\u2019Ottawa comprend un service de consultation et une unit\u00e9 d\u2019h\u00e9modialyse de 22 postes. Les patients de l\u2019Institut de cardiologie ont acc\u00e8s \u00e0 ces deux services. Le Campus G\u00e9n\u00e9ral poss\u00e8de une unit\u00e9 d\u2019enseignement en n\u00e9phrologie de 25 lits, une unit\u00e9 d\u2019h\u00e9modialyse de 32 postes et un service de consultation. Le Campus Riverside regroupe les cliniques de n\u00e9phrologie g\u00e9n\u00e9rale, de transplantation, d\u2019hypertension et d\u2019insuffisance r\u00e9nale progressive, ainsi qu\u2019une unit\u00e9 d\u2019h\u00e9modialyse de 32 postes et une unit\u00e9 de dialyse \u00e0 domicile.<\/p>\n<h3>Enseignement<\/h3>\n<p>En plus de l\u2019enseignement dispens\u00e9 dans le cadre de chaque stage par nos professeurs qui ont gagn\u00e9 de nombreux prix, notre programme comprend diff\u00e9rentes s\u00e9ances de formation obligatoire :<\/p>\n<ul>\n<li>Club de lecture<\/li>\n<li>Discussion de cas cliniques<\/li>\n<li>Le\u00e7ons cliniques \u2013 N\u00e9phrologie<\/li>\n<li>Le\u00e7ons cliniques \u2013 Pathologie<\/li>\n<li>Le\u00e7ons cliniques fond\u00e9es sur des donn\u00e9es probantes \u2013 N\u00e9phrologie<\/li>\n<li>S\u00e9ances de discussion clinique avec des n\u00e9phrologues ayant termin\u00e9 le programme<\/li>\n<li>S\u00e9ances scientifiques \u2013 N\u00e9phrologie<\/li>\n<\/ul>\n<h3>Recherche<\/h3>\n<p>La Division de n\u00e9phrologie regroupe \u00e9galement des chercheurs sp\u00e9cialis\u00e9s en recherche clinique et fondamentale, qui offrent diff\u00e9rentes possibilit\u00e9s de recherche en laboratoire et au chevet des patients. Le <a title=\"https:\/\/www.irho.ca\/centres\/KRC\/default.asp\" href=\"https:\/\/www.irho.ca\/centres\/KRC\/default.asp\" target=\"_blank\" rel=\"noopener noreferrer\">Centre de recherche sur les maladies du rein<\/a> est le premier en son genre au Canada : il poss\u00e8de des laboratoires sp\u00e9cialis\u00e9s dans les mod\u00e8les de diab\u00e8te sucr\u00e9, de glom\u00e9ruloscl\u00e9rose focale et segmentaire (FSGS) et d\u2019hypertension. Les travaux en recherche clinique, en physiologie et en \u00e9pid\u00e9miologie sont ax\u00e9s sur plusieurs secteurs importants de la n\u00e9phrologie, notamment l\u2019hypertension, les maladies r\u00e9nales chroniques, la dialyse et la transplantation.<\/p>\n<p>Nos chercheurs b\u00e9n\u00e9ficient de subventions des Instituts de recherche en sant\u00e9 du Canada, de la Fondation des maladies du c\u0153ur et de la Fondation canadienne du rein. Les n\u00e9phrologues en formation peuvent prendre part \u00e0 d\u2019autres projets de recherche financ\u00e9s \u00e0 l\u2019\u00e9chelle locale et nationale.<\/p>\n<h2>Pour nous joindre<\/h2>\n<p>N&rsquo;h\u00e9sitez pas \u00e0 communiquer avec nous pour avoir plus de renseignements au sujet du\u00a0programme.<\/p>\n<ul>\n<li>Directrice du programme du Coll\u00e8ge royal : <a href=\"mailto:mbiyani@toh.ca\">D<sup>r<\/sup> Mohan Biyani <\/a><\/li>\n<li>Directeur du programme de sursp\u00e9cialisation clinique : <a href=\"mailto:mbiyani@toh.ca\" target=\"_blank\" rel=\"noopener noreferrer\">D<sup>r<\/sup> Mohan Biyani<\/a><\/li>\n<li>Coordonnatrice de la formation : <a href=\"mailto:lransome@toh.ca\">Lesli Ransome<\/a><\/li>\n<\/ul>\n","protected":false},"excerpt":{"rendered":"<p>Mission Notre mission est de pr\u00e9parer les futurs n\u00e9phrologues \u00e0 prendre soin des patients qui ont des probl\u00e8mes r\u00e9naux avec comp\u00e9tence et compassion. Nous leur apprenons \u00e0 d\u00e9velopper les aptitudes n\u00e9cessaires pour maintenir leurs comp\u00e9tences cliniques et poursuivre leur apprentissage tout au long de leur carri\u00e8re. Quelques mots au sujet du programme Le Programme de [&hellip;]<\/p>\n","protected":false},"author":25,"featured_media":0,"parent":11812,"menu_order":5,"comment_status":"closed","ping_status":"closed","template":"","meta":{"_acf_changed":false,"_mc_calendar":[],"footnotes":""},"class_list":["post-11943","page","type-page","status-publish","hentry"],"acf":[],"wps_subtitle":"","_links":{"self":[{"href":"https:\/\/www.ottawahospital.on.ca\/fr\/wp-json\/wp\/v2\/pages\/11943","targetHints":{"allow":["GET"]}}],"collection":[{"href":"https:\/\/www.ottawahospital.on.ca\/fr\/wp-json\/wp\/v2\/pages"}],"about":[{"href":"https:\/\/www.ottawahospital.on.ca\/fr\/wp-json\/wp\/v2\/types\/page"}],"author":[{"embeddable":true,"href":"https:\/\/www.ottawahospital.on.ca\/fr\/wp-json\/wp\/v2\/users\/25"}],"replies":[{"embeddable":true,"href":"https:\/\/www.ottawahospital.on.ca\/fr\/wp-json\/wp\/v2\/comments?post=11943"}],"version-history":[{"count":0,"href":"https:\/\/www.ottawahospital.on.ca\/fr\/wp-json\/wp\/v2\/pages\/11943\/revisions"}],"up":[{"embeddable":true,"href":"https:\/\/www.ottawahospital.on.ca\/fr\/wp-json\/wp\/v2\/pages\/11812"}],"wp:attachment":[{"href":"https:\/\/www.ottawahospital.on.ca\/fr\/wp-json\/wp\/v2\/media?parent=11943"}],"curies":[{"name":"wp","href":"https:\/\/api.w.org\/{rel}","templated":true}]}}