{"id":11918,"date":"2016-12-01T12:17:24","date_gmt":"2016-12-01T17:17:24","guid":{"rendered":"http:\/\/52.229.122.34\/fr\/?page_id=11918"},"modified":"2017-07-07T14:25:11","modified_gmt":"2017-07-07T18:25:11","slug":"dre-deborah-zimmerman","status":"publish","type":"page","link":"https:\/\/www.ottawahospital.on.ca\/fr\/services-cliniques\/deptpgrmcs\/departements\/nephrologie\/medecins\/dre-deborah-zimmerman\/","title":{"rendered":"Dre Deborah Zimmerman"},"content":{"rendered":"<h2><strong>N\u00e9phrologue<br \/>\n<\/strong><strong>Directrice m\u00e9dicale, Programme d\u2019h\u00e9modialyse \u00e0 domicile<br \/>\n<\/strong><strong>Professeure agr\u00e9g\u00e9e<\/strong><\/h2>\n<p><strong>Deborah Zimmerman<\/strong>, MD, FRCPC, est professeure agr\u00e9g\u00e9e de m\u00e9decine \u00e0 la Division de n\u00e9phrologie de L\u2019H\u00f4pital d\u2019Ottawa et de l\u2019Universit\u00e9 d\u2019Ottawa.<\/p>\n<p>La D<sup>re<\/sup> Deborah Zimmerman a suivi sa formation universitaire de premier cycle \u00e0 l\u2019Universit\u00e9 de Calgary, o\u00f9 elle a \u00e9galement effectu\u00e9 ses \u00e9tudes sup\u00e9rieures (MD) et son programme de r\u00e9sidence en m\u00e9decine interne.<\/p>\n<p>Apr\u00e8s avoir r\u00e9alis\u00e9 une sursp\u00e9cialisation clinique en n\u00e9phrologie \u00e0 l\u2019Universit\u00e9 de Toronto, elle s\u2019est inscrite \u00e0 une ma\u00eetrise en \u00e9pid\u00e9miologie clinique qu\u2019elle a termin\u00e9e en 2001.<\/p>\n<p>Elle est directrice de la recherche clinique au Centre de recherche sur les maladies du rein et vient d\u2019\u00eatre \u00e9lue pr\u00e9sidente de la Soci\u00e9t\u00e9 canadienne de n\u00e9phrologie.<\/p>\n<p><strong>Domaines d&rsquo;int\u00e9r\u00eats cliniques :<br \/>\n<\/strong><\/p>\n<ul>\n<li>H\u00e9modialyse<\/li>\n<li>Traitements quotidiens de dialyse<\/li>\n<li>Dialyse \u00e0 domicile<\/li>\n<\/ul>\n<p><strong>Domaines d&rsquo;int\u00e9r\u00eats de recherche :<\/strong><\/p>\n<ul>\n<li>Morbidit\u00e9 et mortalit\u00e9 associ\u00e9es \u00e0 l\u2019insuffisance r\u00e9nale terminale trait\u00e9e par dialyse<\/li>\n<\/ul>\n<p><strong>Domaines d\u2019int\u00e9r\u00eat en enseignement\u00a0:<br \/>\n<\/strong><\/p>\n<ul>\n<li>Enseignement de la n\u00e9phrologie aux \u00e9tudiants universitaires et perfectionnement de la rel\u00e8ve en recherche clinique<\/li>\n<\/ul>\n","protected":false},"excerpt":{"rendered":"<p>N\u00e9phrologue Directrice m\u00e9dicale, Programme d\u2019h\u00e9modialyse \u00e0 domicile Professeure agr\u00e9g\u00e9e Deborah Zimmerman, MD, FRCPC, est professeure agr\u00e9g\u00e9e de m\u00e9decine \u00e0 la Division de n\u00e9phrologie de L\u2019H\u00f4pital d\u2019Ottawa et de l\u2019Universit\u00e9 d\u2019Ottawa. La Dre Deborah Zimmerman a suivi sa formation universitaire de premier cycle \u00e0 l\u2019Universit\u00e9 de Calgary, o\u00f9 elle a \u00e9galement effectu\u00e9 ses \u00e9tudes sup\u00e9rieures (MD) [&hellip;]<\/p>\n","protected":false},"author":25,"featured_media":0,"parent":11820,"menu_order":21,"comment_status":"closed","ping_status":"closed","template":"","meta":{"_acf_changed":false,"_mc_calendar":[],"footnotes":""},"class_list":["post-11918","page","type-page","status-publish","hentry"],"acf":[],"wps_subtitle":"","_links":{"self":[{"href":"https:\/\/www.ottawahospital.on.ca\/fr\/wp-json\/wp\/v2\/pages\/11918","targetHints":{"allow":["GET"]}}],"collection":[{"href":"https:\/\/www.ottawahospital.on.ca\/fr\/wp-json\/wp\/v2\/pages"}],"about":[{"href":"https:\/\/www.ottawahospital.on.ca\/fr\/wp-json\/wp\/v2\/types\/page"}],"author":[{"embeddable":true,"href":"https:\/\/www.ottawahospital.on.ca\/fr\/wp-json\/wp\/v2\/users\/25"}],"replies":[{"embeddable":true,"href":"https:\/\/www.ottawahospital.on.ca\/fr\/wp-json\/wp\/v2\/comments?post=11918"}],"version-history":[{"count":0,"href":"https:\/\/www.ottawahospital.on.ca\/fr\/wp-json\/wp\/v2\/pages\/11918\/revisions"}],"up":[{"embeddable":true,"href":"https:\/\/www.ottawahospital.on.ca\/fr\/wp-json\/wp\/v2\/pages\/11820"}],"wp:attachment":[{"href":"https:\/\/www.ottawahospital.on.ca\/fr\/wp-json\/wp\/v2\/media?parent=11918"}],"curies":[{"name":"wp","href":"https:\/\/api.w.org\/{rel}","templated":true}]}}