{"id":11904,"date":"2016-12-01T12:12:17","date_gmt":"2016-12-01T17:12:17","guid":{"rendered":"http:\/\/52.229.122.34\/fr\/?page_id=11904"},"modified":"2017-08-09T11:44:54","modified_gmt":"2017-08-09T15:44:54","slug":"dr-steven-nadler","status":"publish","type":"page","link":"https:\/\/www.ottawahospital.on.ca\/fr\/services-cliniques\/deptpgrmcs\/departements\/nephrologie\/medecins\/dr-steven-nadler\/","title":{"rendered":"Dr Steven Nadler"},"content":{"rendered":"<h2>N\u00e9phrologue<br \/>\nDirecteur des unit\u00e9s d\u2019h\u00e9modialyse en \u00e9tablissement de sant\u00e9 autonome<br \/>\nProfesseur agr\u00e9g\u00e9<\/h2>\n<p>Le <strong>D<sup>r<\/sup>\u00a0Steven Nadler<\/strong> est professeur agr\u00e9g\u00e9 de m\u00e9decine \u00e0 la Division de n\u00e9phrologie de L\u2019H\u00f4pital d\u2019Ottawa et \u00e0 l\u2019Universit\u00e9 d\u2019Ottawa. Exer\u00e7ant principalement dans le domaine de l\u2019h\u00e9modialyse, il est directeur des unit\u00e9s d\u2019h\u00e9modialyse au sein des \u00e9tablissements de sant\u00e9 autonomes \u00e0 Ottawa et \u00e0 Cornwall.<\/p>\n<p>Le D<sup>r<\/sup>\u00a0Nadler a obtenu un baccalaur\u00e9at \u00e8s sciences en math\u00e9matiques du Massachusetts Institute of Technology et un doctorat en m\u00e9decine avec ma\u00eetrise en chirurgie de l\u2019Universit\u00e9 McGill, o\u00f9 il a \u00e9galement effectu\u00e9 sa r\u00e9sidence en m\u00e9decine interne et en n\u00e9phrologie. Il a travaill\u00e9 pendant quatre ans comme boursier de recherche \u00e0 l\u2019universit\u00e9 Harvard avant de se joindre au D\u00e9partement de m\u00e9decine de L\u2019H\u00f4pital d\u2019Ottawa en 1986.<\/p>\n<p>Il a \u00e9t\u00e9 sp\u00e9cialiste des sciences fondamentales pendant dix ans, son principal int\u00e9r\u00eat \u00e9tant centr\u00e9 sur la r\u00e9gulation des mouvements des sels et de l\u2019eau dans le canal collecteur r\u00e9nal. Ce projet \u00e9tait soutenu par le Conseil de recherches m\u00e9dicales du Canada et par la Fondation canadienne du rein.<\/p>\n<p>Le Dr Nadler a acquis une expertise en enseignement m\u00e9dical, mis au point un nouveau programme de n\u00e9phrologie de premier cycle, obtenu des prix d\u2019enseignement et pr\u00e9sid\u00e9, pendant huit ans, le Comit\u00e9 d\u2019\u00e9ducation de la Soci\u00e9t\u00e9 canadienne de n\u00e9phrologie. Au nombre de ses autres activit\u00e9s professionnelles, il a particip\u00e9 au Comit\u00e9 des finances du D\u00e9partement de m\u00e9decine et a si\u00e9g\u00e9 \u00e0 la direction de l\u2019Ontario Association of Nephrologists. Il a r\u00e9cemment achev\u00e9 le Programme de professeurs de marque de la Facult\u00e9 de m\u00e9decine de l\u2019Universit\u00e9 d\u2019Ottawa, qui dure deux\u00a0ans.<\/p>\n<p>Le D<sup>r<\/sup>\u00a0Nadler met peu \u00e0 peu fin \u00e0 sa carri\u00e8re en m\u00e9decine. Il a r\u00e9cemment ferm\u00e9 son cabinet de n\u00e9phrologie, mais il continue d\u2019enseigner et de donner des soins dans les programmes cliniques de la division.<\/p>\n<p><strong>Int\u00e9r\u00eats cliniques<\/strong><\/p>\n<ul>\n<li>H\u00e9modialyse et cin\u00e9tique associ\u00e9e<\/li>\n<li>Troubles de l\u2019\u00e9quilibre hydrique<\/li>\n<li>Base de donn\u00e9es clinique en h\u00e9modialyse<\/li>\n<\/ul>\n<p>Int\u00e9r\u00eats de recherche (travaux termin\u00e9s)<\/p>\n<ul>\n<li>Dans le cadre d\u2019un emploi ant\u00e9rieur, il a travaill\u00e9 \u00e0 un projet qui faisait appel \u00e0 des techniques de tubule isol\u00e9 perfus\u00e9 pour \u00e9tudier les m\u00e9canismes cellulaires de la r\u00e9gulation des mouvements hydriques dans le tube collecteur.<\/li>\n<\/ul>\n<p><strong>Int\u00e9r\u00eats d\u2019enseignement<\/strong><\/p>\n<ul>\n<li>Participation locale \u00e0 l\u2019enseignement de la n\u00e9phrologie pour les programmes d\u2019\u00e9tudes sup\u00e9rieures et de premier cycle. Au sein du Programme de professeurs de marque, il a enseign\u00e9 \u00e0 titre de non-expert en endocrinologie et en radiologie. Il a aussi enseign\u00e9 des techniques d\u2019entretien avec le patient et de diagnostic physique.<\/li>\n<\/ul>\n<p><strong>Publications<\/strong><\/p>\n<ul>\n<li>Entrez les mots cl\u00e9s\u00a0<strong>Nadler SP\u00a0<\/strong>dans la base de donn\u00e9es\u00a0<a href=\"https:\/\/www.ncbi.nlm.nih.gov\/sites\/entrez\" target=\"_blank\" rel=\"noopener\"><strong>PubMed<\/strong><\/a><\/li>\n<\/ul>\n","protected":false},"excerpt":{"rendered":"<p>N\u00e9phrologue Directeur des unit\u00e9s d\u2019h\u00e9modialyse en \u00e9tablissement de sant\u00e9 autonome Professeur agr\u00e9g\u00e9 Le Dr\u00a0Steven Nadler est professeur agr\u00e9g\u00e9 de m\u00e9decine \u00e0 la Division de n\u00e9phrologie de L\u2019H\u00f4pital d\u2019Ottawa et \u00e0 l\u2019Universit\u00e9 d\u2019Ottawa. Exer\u00e7ant principalement dans le domaine de l\u2019h\u00e9modialyse, il est directeur des unit\u00e9s d\u2019h\u00e9modialyse au sein des \u00e9tablissements de sant\u00e9 autonomes \u00e0 Ottawa et [&hellip;]<\/p>\n","protected":false},"author":25,"featured_media":0,"parent":11820,"menu_order":14,"comment_status":"closed","ping_status":"closed","template":"","meta":{"_acf_changed":false,"_mc_calendar":[],"footnotes":""},"class_list":["post-11904","page","type-page","status-publish","hentry"],"acf":[],"wps_subtitle":"","_links":{"self":[{"href":"https:\/\/www.ottawahospital.on.ca\/fr\/wp-json\/wp\/v2\/pages\/11904","targetHints":{"allow":["GET"]}}],"collection":[{"href":"https:\/\/www.ottawahospital.on.ca\/fr\/wp-json\/wp\/v2\/pages"}],"about":[{"href":"https:\/\/www.ottawahospital.on.ca\/fr\/wp-json\/wp\/v2\/types\/page"}],"author":[{"embeddable":true,"href":"https:\/\/www.ottawahospital.on.ca\/fr\/wp-json\/wp\/v2\/users\/25"}],"replies":[{"embeddable":true,"href":"https:\/\/www.ottawahospital.on.ca\/fr\/wp-json\/wp\/v2\/comments?post=11904"}],"version-history":[{"count":0,"href":"https:\/\/www.ottawahospital.on.ca\/fr\/wp-json\/wp\/v2\/pages\/11904\/revisions"}],"up":[{"embeddable":true,"href":"https:\/\/www.ottawahospital.on.ca\/fr\/wp-json\/wp\/v2\/pages\/11820"}],"wp:attachment":[{"href":"https:\/\/www.ottawahospital.on.ca\/fr\/wp-json\/wp\/v2\/media?parent=11904"}],"curies":[{"name":"wp","href":"https:\/\/api.w.org\/{rel}","templated":true}]}}