{"id":11898,"date":"2016-12-01T12:10:30","date_gmt":"2016-12-01T17:10:30","guid":{"rendered":"http:\/\/52.229.122.34\/fr\/?page_id=11898"},"modified":"2017-08-09T10:47:53","modified_gmt":"2017-08-09T14:47:53","slug":"dr-peter-o-magner","status":"publish","type":"page","link":"https:\/\/www.ottawahospital.on.ca\/fr\/services-cliniques\/deptpgrmcs\/departements\/nephrologie\/medecins\/dr-peter-o-magner\/","title":{"rendered":"Dr Peter Magner"},"content":{"rendered":"<h2>N\u00e9phrologue<br \/>\nProfesseur agr\u00e9g\u00e9<\/h2>\n<p>Le <strong>D<sup>r<\/sup>\u00a0Peter Magner<\/strong> a fait ses \u00e9tudes en m\u00e9decine \u00e0 l\u2019Universit\u00e9 d\u2019Ottawa et une formation postdoctorale \u00e0 Ottawa, \u00e0 Toronto et \u00e0 Christchurch, en Nouvelle-Z\u00e9lande.<\/p>\n<p>Pendant sa premi\u00e8re affectation professorale \u00e0 l\u2019Universit\u00e9 de Calgary, il a dirig\u00e9 les \u00e9tudes de premier cycle sur les blocages r\u00e9naux et re\u00e7u plusieurs prix d\u2019enseignement.<\/p>\n<p>\u00c0 Ottawa, il s\u2019est engag\u00e9 \u00e0 fond dans la gestion de la n\u00e9phrologie et dans la restructuration des services de n\u00e9phrologie de L\u2019H\u00f4pital d\u2019Ottawa nouvellement fusionn\u00e9.<\/p>\n<p>Il a r\u00e9cemment termin\u00e9 deux mandats de 5\u00a0ans comme chef de la Division de n\u00e9phrologie \u00e0 L\u2019H\u00f4pital d\u2019Ottawa et \u00e0 l\u2019Universit\u00e9 d\u2019Ottawa.<\/p>\n<p><strong>Int\u00e9r\u00eats cliniques<\/strong><\/p>\n<ul>\n<li>Maladie r\u00e9nale chronique avanc\u00e9e<\/li>\n<li>Hypertension<\/li>\n<li>H\u00e9modialyse<\/li>\n<\/ul>\n<p><strong>Int\u00e9r\u00eats <\/strong><strong>en <\/strong><strong>enseignement<\/strong><\/p>\n<ul>\n<li>Enseignement aux programmes de premier cycle et d\u2019\u00e9tudes sup\u00e9rieures, plus particuli\u00e8rement l\u2019hypertension, la physiologie des \u00e9lectrolytes et la prise en charge de l\u2019insuffisance r\u00e9nale aigu\u00eb et chronique; formation m\u00e9dicale continue, plus particuli\u00e8rement dans les domaines de l\u2019insuffisance r\u00e9nale progressive et de l\u2019hypertension.<\/li>\n<\/ul>\n<p><strong>Int\u00e9r\u00eats en administration<\/strong><\/p>\n<ul>\n<li>Responsable m\u00e9dical du financement et de la planification au R\u00e9seau r\u00e9nal de l\u2019Ontario, il est engag\u00e9 \u00e0 fond dans la gestion et la planification provinciales des services r\u00e9naux.<\/li>\n<\/ul>\n<p><strong>Publications<\/strong><strong><\/p>\n<p><\/strong><\/p>\n<ul>\n<li>Entrez les mots cl\u00e9s <strong>Magner P<\/strong> dans la base de donn\u00e9es <a href=\"https:\/\/www.ncbi.nlm.nih.gov\/sites\/entrez\" target=\"_blank\" rel=\"noopener\"><strong>PubMed<\/strong><\/a>.<\/li>\n<\/ul>\n","protected":false},"excerpt":{"rendered":"<p>N\u00e9phrologue Professeur agr\u00e9g\u00e9 Le Dr\u00a0Peter Magner a fait ses \u00e9tudes en m\u00e9decine \u00e0 l\u2019Universit\u00e9 d\u2019Ottawa et une formation postdoctorale \u00e0 Ottawa, \u00e0 Toronto et \u00e0 Christchurch, en Nouvelle-Z\u00e9lande. Pendant sa premi\u00e8re affectation professorale \u00e0 l\u2019Universit\u00e9 de Calgary, il a dirig\u00e9 les \u00e9tudes de premier cycle sur les blocages r\u00e9naux et re\u00e7u plusieurs prix d\u2019enseignement. \u00c0 [&hellip;]<\/p>\n","protected":false},"author":25,"featured_media":0,"parent":11820,"menu_order":13,"comment_status":"closed","ping_status":"closed","template":"","meta":{"_acf_changed":false,"_mc_calendar":[],"footnotes":""},"class_list":["post-11898","page","type-page","status-publish","hentry"],"acf":[],"wps_subtitle":"","_links":{"self":[{"href":"https:\/\/www.ottawahospital.on.ca\/fr\/wp-json\/wp\/v2\/pages\/11898","targetHints":{"allow":["GET"]}}],"collection":[{"href":"https:\/\/www.ottawahospital.on.ca\/fr\/wp-json\/wp\/v2\/pages"}],"about":[{"href":"https:\/\/www.ottawahospital.on.ca\/fr\/wp-json\/wp\/v2\/types\/page"}],"author":[{"embeddable":true,"href":"https:\/\/www.ottawahospital.on.ca\/fr\/wp-json\/wp\/v2\/users\/25"}],"replies":[{"embeddable":true,"href":"https:\/\/www.ottawahospital.on.ca\/fr\/wp-json\/wp\/v2\/comments?post=11898"}],"version-history":[{"count":0,"href":"https:\/\/www.ottawahospital.on.ca\/fr\/wp-json\/wp\/v2\/pages\/11898\/revisions"}],"up":[{"embeddable":true,"href":"https:\/\/www.ottawahospital.on.ca\/fr\/wp-json\/wp\/v2\/pages\/11820"}],"wp:attachment":[{"href":"https:\/\/www.ottawahospital.on.ca\/fr\/wp-json\/wp\/v2\/media?parent=11898"}],"curies":[{"name":"wp","href":"https:\/\/api.w.org\/{rel}","templated":true}]}}