{"id":11892,"date":"2016-12-01T12:08:45","date_gmt":"2016-12-01T17:08:45","guid":{"rendered":"http:\/\/52.229.122.34\/fr\/?page_id=11892"},"modified":"2017-07-12T15:13:40","modified_gmt":"2017-07-12T19:13:40","slug":"dr-gregory-knoll","status":"publish","type":"page","link":"https:\/\/www.ottawahospital.on.ca\/fr\/services-cliniques\/deptpgrmcs\/departements\/nephrologie\/medecins\/dr-gregory-knoll\/","title":{"rendered":"Dr Gregory Knoll"},"content":{"rendered":"<h2><strong>N\u00e9phrologue<br \/>\n<\/strong><strong>Chef, Division de n\u00e9phrologie<\/strong><\/h2>\n<p><strong>Greg Knoll<\/strong> est chef de la Division de n\u00e9phrologie \u00e0 L\u2019H\u00f4pital d\u2019Ottawa et professeur de m\u00e9decine \u00e0 l\u2019Universit\u00e9 d\u2019Ottawa.<\/p>\n<p>Il est titulaire de la chaire de recherche clinique en transplantation de l\u2019Universit\u00e9 d\u2019Ottawa et scientifique principal au Programme d\u2019\u00e9pid\u00e9miologie clinique de l\u2019Institut de recherche de l\u2019H\u00f4pital d\u2019Ottawa.<\/p>\n<p>Ancien pr\u00e9sident de la Soci\u00e9t\u00e9 canadienne de transplantation, Greg Knoll si\u00e8ge au conseil de r\u00e9daction de <em>l\u2019American Journal of Kidney Diseases<\/em> et du <em>Journal canadien de la sant\u00e9 et de la maladie r\u00e9nale<\/em>.<\/p>\n<p>Il participe \u00e0 des \u00e9tudes sur la mesure de la fonction r\u00e9nale chez les greff\u00e9s du rein, sur le d\u00e9pistage de troubles cardiaques chez les personnes admissibles \u00e0 une greffe de rein et sur la mesure de la qualit\u00e9 des transplantations ainsi qu\u2019\u00e0 des revues syst\u00e9matiques de strat\u00e9gies d\u2019immunosuppression.<\/p>\n<p>Il copr\u00e9side le comit\u00e9 des lignes directrices internationales des KDIGO en \u00e9valuation et en gestion des personnes admissibles \u00e0 une greffe de rein.<\/p>\n<p><strong>Int\u00e9r\u00eats cliniques\u00a0:<\/strong><\/p>\n<ul>\n<li>Transplantation r\u00e9nale<\/li>\n<\/ul>\n<p><strong>Int\u00e9r\u00eats de recherche\u00a0:<\/strong><\/p>\n<ul>\n<li>\u00c9tudes cliniques sur le don d\u2019organes et les transplantations r\u00e9nales<\/li>\n<\/ul>\n<p><strong>Publications\u00a0:<\/strong><\/p>\n<ul>\n<li>Cherchez \u00ab\u00a0Knoll GA\u00a0\u00bb dans <a href=\"https:\/\/www.ncbi.nlm.nih.gov\/pubmed?term=(((((((((((Knoll%20G%5BAuthor%5D)%20OR%20Knoll%2C%20Greg%5BAuthor%5D)%20OR%20Knoll%20GA%5BAuthor%5D)%20OR%20Knoll%2C%20Greg%20A%5BAuthor%5D)%20OR%20Knoll%2C%20Gregory%5BAuthor%5D)%20OR%20Knoll%2C%20Gregory%20A%5BAuthor%5D))%20NOT%20Knoll%20GM%5BAuthor%5D))))%20NOT%20schizophrenia)\" target=\"_blank\" rel=\"noopener\">PubMed<\/a><\/li>\n<\/ul>\n","protected":false},"excerpt":{"rendered":"<p>N\u00e9phrologue Chef, Division de n\u00e9phrologie Greg Knoll est chef de la Division de n\u00e9phrologie \u00e0 L\u2019H\u00f4pital d\u2019Ottawa et professeur de m\u00e9decine \u00e0 l\u2019Universit\u00e9 d\u2019Ottawa. Il est titulaire de la chaire de recherche clinique en transplantation de l\u2019Universit\u00e9 d\u2019Ottawa et scientifique principal au Programme d\u2019\u00e9pid\u00e9miologie clinique de l\u2019Institut de recherche de l\u2019H\u00f4pital d\u2019Ottawa. Ancien pr\u00e9sident de [&hellip;]<\/p>\n","protected":false},"author":25,"featured_media":0,"parent":11820,"menu_order":12,"comment_status":"closed","ping_status":"closed","template":"","meta":{"_acf_changed":false,"_mc_calendar":[],"footnotes":""},"class_list":["post-11892","page","type-page","status-publish","hentry"],"acf":[],"wps_subtitle":"","_links":{"self":[{"href":"https:\/\/www.ottawahospital.on.ca\/fr\/wp-json\/wp\/v2\/pages\/11892","targetHints":{"allow":["GET"]}}],"collection":[{"href":"https:\/\/www.ottawahospital.on.ca\/fr\/wp-json\/wp\/v2\/pages"}],"about":[{"href":"https:\/\/www.ottawahospital.on.ca\/fr\/wp-json\/wp\/v2\/types\/page"}],"author":[{"embeddable":true,"href":"https:\/\/www.ottawahospital.on.ca\/fr\/wp-json\/wp\/v2\/users\/25"}],"replies":[{"embeddable":true,"href":"https:\/\/www.ottawahospital.on.ca\/fr\/wp-json\/wp\/v2\/comments?post=11892"}],"version-history":[{"count":0,"href":"https:\/\/www.ottawahospital.on.ca\/fr\/wp-json\/wp\/v2\/pages\/11892\/revisions"}],"up":[{"embeddable":true,"href":"https:\/\/www.ottawahospital.on.ca\/fr\/wp-json\/wp\/v2\/pages\/11820"}],"wp:attachment":[{"href":"https:\/\/www.ottawahospital.on.ca\/fr\/wp-json\/wp\/v2\/media?parent=11892"}],"curies":[{"name":"wp","href":"https:\/\/api.w.org\/{rel}","templated":true}]}}