{"id":11880,"date":"2016-12-01T12:05:48","date_gmt":"2016-12-01T17:05:48","guid":{"rendered":"http:\/\/52.229.122.34\/fr\/?page_id=11880"},"modified":"2017-07-25T09:25:04","modified_gmt":"2017-07-25T13:25:04","slug":"dre-stephanie-hoar","status":"publish","type":"page","link":"https:\/\/www.ottawahospital.on.ca\/fr\/services-cliniques\/deptpgrmcs\/departements\/nephrologie\/medecins\/dre-stephanie-hoar\/","title":{"rendered":"Dre Stephanie Hoar"},"content":{"rendered":"<h2>N\u00e9phrologue<br \/>\nDirectrice\u00a0m\u00e9dicale, Programme de transplantation r\u00e9nale et Programme de formation sur la transplantation d\u2019organes pleins<\/h2>\n<p><strong>\u00a0<\/strong>La <strong>D<sup>re <\/sup>Stephanie Hoar<\/strong> fait partie de la Division de n\u00e9phrologie et du D\u00e9partement de m\u00e9decine \u00e0 L\u2019H\u00f4pital d\u2019Ottawa, en plus d\u2019\u00eatre professeure adjointe \u00e0 la Facult\u00e9 de m\u00e9decine de l\u2019Universit\u00e9 d\u2019Ottawa. Elle est directrice m\u00e9dicale du Programme de transplantation r\u00e9nale de L\u2019H\u00f4pital d\u2019Ottawa et directrice du programme de formation sur la transplantation d\u2019organes pleins \u00e0 l\u2019Universit\u00e9 d\u2019Ottawa, qui est agr\u00e9\u00e9 par le Coll\u00e8ge royal des m\u00e9decins et chirurgiens du Canada.<\/p>\n<p>Elle a obtenu un baccalaur\u00e9at en sciences \u00e0 l\u2019Universit\u00e9 du Nouveau-Brunswick et un doctorat en m\u00e9decine \u00e0 l\u2019Universit\u00e9 Memorial de Terre-Neuve avant de se sp\u00e9cialiser en m\u00e9decine interne \u00e0 l\u2019Universit\u00e9 Queen\u2019s (FRCPC) et en n\u00e9phrologie \u00e0 l\u2019Universit\u00e9 McGill (FRCPC). Elle a aussi fait une ma\u00eetrise en \u00e9ducation \u00e0 l\u2019Universit\u00e9 de Toronto.<\/p>\n<p><strong>\u00a0<\/strong><strong>Domaines d\u2019int\u00e9r\u00eats cliniques\u00a0:<\/strong><\/p>\n<ul>\n<li>Transplantation r\u00e9nale<\/li>\n<li>N\u00e9phrologie g\u00e9n\u00e9rale<\/li>\n<li>H\u00e9modialyse<\/li>\n<\/ul>\n<p><strong>Domaines d\u2019int\u00e9r\u00eats en enseignement\u00a0: <\/strong><\/p>\n<ul>\n<li>Enseignement universitaire en n\u00e9phrologie<\/li>\n<\/ul>\n<p>&nbsp;<\/p>\n<p>&nbsp;<\/p>\n","protected":false},"excerpt":{"rendered":"<p>N\u00e9phrologue Directrice\u00a0m\u00e9dicale, Programme de transplantation r\u00e9nale et Programme de formation sur la transplantation d\u2019organes pleins \u00a0La Dre Stephanie Hoar fait partie de la Division de n\u00e9phrologie et du D\u00e9partement de m\u00e9decine \u00e0 L\u2019H\u00f4pital d\u2019Ottawa, en plus d\u2019\u00eatre professeure adjointe \u00e0 la Facult\u00e9 de m\u00e9decine de l\u2019Universit\u00e9 d\u2019Ottawa. Elle est directrice m\u00e9dicale du Programme de transplantation [&hellip;]<\/p>\n","protected":false},"author":25,"featured_media":0,"parent":11820,"menu_order":10,"comment_status":"closed","ping_status":"closed","template":"","meta":{"_acf_changed":false,"_mc_calendar":[],"footnotes":""},"class_list":["post-11880","page","type-page","status-publish","hentry"],"acf":[],"wps_subtitle":"","_links":{"self":[{"href":"https:\/\/www.ottawahospital.on.ca\/fr\/wp-json\/wp\/v2\/pages\/11880","targetHints":{"allow":["GET"]}}],"collection":[{"href":"https:\/\/www.ottawahospital.on.ca\/fr\/wp-json\/wp\/v2\/pages"}],"about":[{"href":"https:\/\/www.ottawahospital.on.ca\/fr\/wp-json\/wp\/v2\/types\/page"}],"author":[{"embeddable":true,"href":"https:\/\/www.ottawahospital.on.ca\/fr\/wp-json\/wp\/v2\/users\/25"}],"replies":[{"embeddable":true,"href":"https:\/\/www.ottawahospital.on.ca\/fr\/wp-json\/wp\/v2\/comments?post=11880"}],"version-history":[{"count":0,"href":"https:\/\/www.ottawahospital.on.ca\/fr\/wp-json\/wp\/v2\/pages\/11880\/revisions"}],"up":[{"embeddable":true,"href":"https:\/\/www.ottawahospital.on.ca\/fr\/wp-json\/wp\/v2\/pages\/11820"}],"wp:attachment":[{"href":"https:\/\/www.ottawahospital.on.ca\/fr\/wp-json\/wp\/v2\/media?parent=11880"}],"curies":[{"name":"wp","href":"https:\/\/api.w.org\/{rel}","templated":true}]}}