{"id":11874,"date":"2016-12-01T12:03:57","date_gmt":"2016-12-01T17:03:57","guid":{"rendered":"http:\/\/52.229.122.34\/fr\/?page_id=11874"},"modified":"2017-07-07T14:59:09","modified_gmt":"2017-07-07T18:59:09","slug":"dr-swapnil-hiremath","status":"publish","type":"page","link":"https:\/\/www.ottawahospital.on.ca\/fr\/services-cliniques\/deptpgrmcs\/departements\/nephrologie\/medecins\/dr-swapnil-hiremath\/","title":{"rendered":"Dr Swapnil Hiremath"},"content":{"rendered":"<h2><strong>N\u00e9phrologue<br \/>\n<\/strong>Professeur adjoint<\/h2>\n<p><strong>Swapnil Hiremath<\/strong>, MD, MPH, est professeur adjoint \u00e0 la Facult\u00e9 de m\u00e9decine de l\u2019Universit\u00e9 d\u2019Ottawa (depuis juillet 2007) et chercheur associ\u00e9 au Programme d\u2019\u00e9pid\u00e9miologie clinique de l\u2019Institut de recherche de l\u2019H\u00f4pital d\u2019Ottawa.<\/p>\n<p>Il a \u00e9t\u00e9 form\u00e9 en m\u00e9decine \u00e0 l\u2019Universit\u00e9 de Mumbai et \u00e0 l\u2019Universit\u00e9 d\u2019Ottawa. Il d\u00e9tient aussi une ma\u00eetrise en sant\u00e9 publique (MPH) de l\u2019\u00c9cole de sant\u00e9 publique de Harvard et une sp\u00e9cialit\u00e9 en hypertension de l\u2019American Society of Hypertension.<\/p>\n<p>\u00c0 titre de chercheur, il s\u2019int\u00e9resse principalement \u00e0 l\u2019utilisation des examens syst\u00e9matiques et \u00e0 la mod\u00e9lisation analytique d\u00e9cisionnelle pour am\u00e9liorer les soins dispens\u00e9s aux patients atteints d\u2019hypertension, d\u2019une maladie r\u00e9nale chronique ou de l\u00e9sions r\u00e9nales aigu\u00ebs, et aux patients en h\u00e9modialyse.<\/p>\n<p><strong>Int\u00e9r\u00eats cliniques\u00a0:<\/strong><\/p>\n<ul>\n<li>H\u00e9modialyse<\/li>\n<li>Insuffisance r\u00e9nale aigu\u00eb<\/li>\n<li>hypertension<\/li>\n<\/ul>\n<p><strong>Int\u00e9r\u00eats de recherche\u00a0:<\/strong><\/p>\n<ul>\n<li>Recherche sur les r\u00e9sultats cliniques en mati\u00e8re d\u2019hypertension, d\u2019acc\u00e8s vasculaire et d\u2019insuffisance r\u00e9nale aigu\u00eb<\/li>\n<\/ul>\n<p><strong>Int\u00e9r\u00eats d\u2019enseignement\u00a0:<\/strong><\/p>\n<ul>\n<li>Utilisation des m\u00e9dias sociaux pour l\u2019\u00e9ducation en n\u00e9phrologie (<a href=\"https:\/\/www.nephjc.com\/\" target=\"_blank\" rel=\"noopener\">nephjc.com<\/a>)<\/li>\n<\/ul>\n<p><strong>Publications\u00a0:<\/strong><\/p>\n<ul>\n<li>Il a \u00e9crit plus de 80 articles <a href=\"https:\/\/scholar.google.ca\/citations?hl=en&amp;user=wiHTA24AAAAJ&amp;view_op=list_works&amp;pagesize=100\" target=\"_blank\" rel=\"noopener\">voir le site <\/a>ou <a href=\"https:\/\/www.ncbi.nlm.nih.gov\/sites\/myncbi\/collections\/public\/1ByFjRgTGRDmEKH3IBkuPnT\/?sort=date&amp;direction=ascending)\" target=\"_blank\" rel=\"noopener\">Pubmed<\/a><\/li>\n<\/ul>\n","protected":false},"excerpt":{"rendered":"<p>N\u00e9phrologue Professeur adjoint Swapnil Hiremath, MD, MPH, est professeur adjoint \u00e0 la Facult\u00e9 de m\u00e9decine de l\u2019Universit\u00e9 d\u2019Ottawa (depuis juillet 2007) et chercheur associ\u00e9 au Programme d\u2019\u00e9pid\u00e9miologie clinique de l\u2019Institut de recherche de l\u2019H\u00f4pital d\u2019Ottawa. Il a \u00e9t\u00e9 form\u00e9 en m\u00e9decine \u00e0 l\u2019Universit\u00e9 de Mumbai et \u00e0 l\u2019Universit\u00e9 d\u2019Ottawa. Il d\u00e9tient aussi une ma\u00eetrise en [&hellip;]<\/p>\n","protected":false},"author":25,"featured_media":0,"parent":11820,"menu_order":9,"comment_status":"closed","ping_status":"closed","template":"","meta":{"_acf_changed":false,"_mc_calendar":[],"footnotes":""},"class_list":["post-11874","page","type-page","status-publish","hentry"],"acf":[],"wps_subtitle":"","_links":{"self":[{"href":"https:\/\/www.ottawahospital.on.ca\/fr\/wp-json\/wp\/v2\/pages\/11874","targetHints":{"allow":["GET"]}}],"collection":[{"href":"https:\/\/www.ottawahospital.on.ca\/fr\/wp-json\/wp\/v2\/pages"}],"about":[{"href":"https:\/\/www.ottawahospital.on.ca\/fr\/wp-json\/wp\/v2\/types\/page"}],"author":[{"embeddable":true,"href":"https:\/\/www.ottawahospital.on.ca\/fr\/wp-json\/wp\/v2\/users\/25"}],"replies":[{"embeddable":true,"href":"https:\/\/www.ottawahospital.on.ca\/fr\/wp-json\/wp\/v2\/comments?post=11874"}],"version-history":[{"count":0,"href":"https:\/\/www.ottawahospital.on.ca\/fr\/wp-json\/wp\/v2\/pages\/11874\/revisions"}],"up":[{"embeddable":true,"href":"https:\/\/www.ottawahospital.on.ca\/fr\/wp-json\/wp\/v2\/pages\/11820"}],"wp:attachment":[{"href":"https:\/\/www.ottawahospital.on.ca\/fr\/wp-json\/wp\/v2\/media?parent=11874"}],"curies":[{"name":"wp","href":"https:\/\/api.w.org\/{rel}","templated":true}]}}