{"id":11868,"date":"2016-12-01T12:01:58","date_gmt":"2016-12-01T17:01:58","guid":{"rendered":"http:\/\/52.229.122.34\/fr\/?page_id=11868"},"modified":"2017-07-24T09:54:01","modified_gmt":"2017-07-24T13:54:01","slug":"dr-todd-fairhead","status":"publish","type":"page","link":"https:\/\/www.ottawahospital.on.ca\/fr\/services-cliniques\/deptpgrmcs\/departements\/nephrologie\/medecins\/dr-todd-fairhead\/","title":{"rendered":"Dr Todd Fairhead"},"content":{"rendered":"<h2><strong>N\u00e9phrologue<br \/>\n<\/strong><strong>Directeur m\u00e9dical, Clinique de glom\u00e9rulon\u00e9phrite<br \/>\n<\/strong><strong>Professeur adjoint<\/strong><\/h2>\n<p>Le <strong>D<sup>r<\/sup><\/strong>\u00a0Todd Fairhead<\/strong> est professeur adjoint de m\u00e9decine \u00e0 L\u2019H\u00f4pital d\u2019Ottawa et \u00e0 l\u2019Universit\u00e9 d\u2019Ottawa. Il est titulaire d\u2019un doctorat en m\u00e9decine octroy\u00e9 en 2000 par l\u2019Universit\u00e9 Queen\u2019s et a effectu\u00e9, \u00e0 l\u2019Universit\u00e9 de l\u2019Alberta, en 2005, une formation postdoctorale en m\u00e9decine interne et en n\u00e9phrologie. Il a par la suite fait une sursp\u00e9cialisation de trois ans en immunobiologie de la transplantation \u00e0 l\u2019Universit\u00e9 de Western Ontario.<\/p>\n<p>Il est titulaire de deux sp\u00e9cialit\u00e9s reconnues par le Coll\u00e8ge royal des m\u00e9decins et chirurgiens du Canada, en n\u00e9phrologie. Le D<sup>r<\/sup>\u00a0Todd Fairhead s\u2019est joint \u00e0 l\u2019\u00e9quipe de la Division de n\u00e9phrologie en 2008.<\/p>\n<p>Il a pour responsabilit\u00e9s cliniques l&rsquo;\u00e9valuation et le soin des personnes greff\u00e9es du rein et le traitement de patients qui ont la glom\u00e9rulon\u00e9phrite.<\/p>\n<p><strong>\u00a0<\/strong><strong>Int\u00e9r\u00eats cliniques\u00a0:<\/strong><\/p>\n<ul>\n<li>Greffe du rein<\/li>\n<li>Glom\u00e9rulon\u00e9phrite<\/li>\n<\/ul>\n<p><strong>Int\u00e9r\u00eats de recherche\u00a0:<\/strong><\/p>\n<ul>\n<li>En ce qui concerne la recherche, le D<sup>r<\/sup> Fairhead s\u2019int\u00e9resse principalement \u00e0 l\u2019immunologie des maladies r\u00e9nales, y compris les blessures r\u00e9nales auto-immunes, allo-immunes et inflammatoires. Il m\u00e8ne des travaux de recherche sur les r\u00e9sultats cliniques et les essais cliniques en transplantation et en glom\u00e9rulon\u00e9phrite.<\/li>\n<\/ul>\n<p><strong>Int\u00e9r\u00eats d\u2019enseignement\u00a0:<\/strong><\/p>\n<ul>\n<li>Enseignement aux \u00e9tudiants de premier et de deuxi\u00e8me cycle en n\u00e9phrologie.<\/li>\n<\/ul>\n<p><strong>Publications\u00a0:<\/strong><\/p>\n<ul>\n<li>Entrez les mots cl\u00e9s\u00a0<strong>Fairhead T\u00a0<\/strong>dans la base de donn\u00e9es <a href=\"https:\/\/www.ncbi.nlm.nih.gov\/pubmed\/?term=fairhead+T\" target=\"_blank\" rel=\"noopener\">PubMed<\/a>.<\/li>\n<\/ul>\n","protected":false},"excerpt":{"rendered":"<p>N\u00e9phrologue Directeur m\u00e9dical, Clinique de glom\u00e9rulon\u00e9phrite Professeur adjoint Le Dr\u00a0Todd Fairhead est professeur adjoint de m\u00e9decine \u00e0 L\u2019H\u00f4pital d\u2019Ottawa et \u00e0 l\u2019Universit\u00e9 d\u2019Ottawa. Il est titulaire d\u2019un doctorat en m\u00e9decine octroy\u00e9 en 2000 par l\u2019Universit\u00e9 Queen\u2019s et a effectu\u00e9, \u00e0 l\u2019Universit\u00e9 de l\u2019Alberta, en 2005, une formation postdoctorale en m\u00e9decine interne et en n\u00e9phrologie. Il [&hellip;]<\/p>\n","protected":false},"author":25,"featured_media":0,"parent":11820,"menu_order":8,"comment_status":"closed","ping_status":"closed","template":"","meta":{"_acf_changed":false,"_mc_calendar":[],"footnotes":""},"class_list":["post-11868","page","type-page","status-publish","hentry"],"acf":[],"wps_subtitle":"","_links":{"self":[{"href":"https:\/\/www.ottawahospital.on.ca\/fr\/wp-json\/wp\/v2\/pages\/11868","targetHints":{"allow":["GET"]}}],"collection":[{"href":"https:\/\/www.ottawahospital.on.ca\/fr\/wp-json\/wp\/v2\/pages"}],"about":[{"href":"https:\/\/www.ottawahospital.on.ca\/fr\/wp-json\/wp\/v2\/types\/page"}],"author":[{"embeddable":true,"href":"https:\/\/www.ottawahospital.on.ca\/fr\/wp-json\/wp\/v2\/users\/25"}],"replies":[{"embeddable":true,"href":"https:\/\/www.ottawahospital.on.ca\/fr\/wp-json\/wp\/v2\/comments?post=11868"}],"version-history":[{"count":0,"href":"https:\/\/www.ottawahospital.on.ca\/fr\/wp-json\/wp\/v2\/pages\/11868\/revisions"}],"up":[{"embeddable":true,"href":"https:\/\/www.ottawahospital.on.ca\/fr\/wp-json\/wp\/v2\/pages\/11820"}],"wp:attachment":[{"href":"https:\/\/www.ottawahospital.on.ca\/fr\/wp-json\/wp\/v2\/media?parent=11868"}],"curies":[{"name":"wp","href":"https:\/\/api.w.org\/{rel}","templated":true}]}}