{"id":11862,"date":"2016-12-01T12:00:14","date_gmt":"2016-12-01T17:00:14","guid":{"rendered":"http:\/\/52.229.122.34\/fr\/?page_id=11862"},"modified":"2017-08-28T11:11:03","modified_gmt":"2017-08-28T15:11:03","slug":"dr-cedric-edwards","status":"publish","type":"page","link":"https:\/\/www.ottawahospital.on.ca\/fr\/services-cliniques\/deptpgrmcs\/departements\/nephrologie\/medecins\/dr-cedric-edwards\/","title":{"rendered":"Dr Cedric Edwards"},"content":{"rendered":"<h2>Directeur, Programme de formation en n\u00e9phrologie<br \/>\nProfesseur adjoint<\/h2>\n<p>Le <strong>D<sup>r<\/sup>\u00a0Cedric <\/strong><strong>Edwards<\/strong> est professeur adjoint \u00e0 la Division de n\u00e9phrologie de L\u2019H\u00f4pital d\u2019Ottawa et de l\u2019Universit\u00e9 d\u2019Ottawa. Il a obtenu son dipl\u00f4me en m\u00e9decine de l\u2019Universit\u00e9 d\u2019Ottawa et a poursuivi sa formation en m\u00e9decine interne et en n\u00e9phrologie \u00e0 Ottawa. Il exerce principalement en hypertension et h\u00e9modialyse.<\/p>\n<p>Le D<sup>r<\/sup>\u00a0Edwards participe \u00e0 la formation de premier cycle et postdoctorale.<\/p>\n<p><strong>Int\u00e9r\u00eats cliniques<\/strong><\/p>\n<ul>\n<li>H\u00e9modialyse<\/li>\n<li>Hypertension<\/li>\n<\/ul>\n<p><strong>Int\u00e9r\u00eats de recherche<\/strong><\/p>\n<ul>\n<li>Hypertension<\/li>\n<li>Formation m\u00e9dicale<\/li>\n<\/ul>\n<p><strong>Int\u00e9r\u00eats d\u2019enseignement<\/strong><\/p>\n<ul>\n<li>Directeur du programme de formation en n\u00e9phrologie et coordonnateur des stages des \u00e9tudiants en m\u00e9decine et des r\u00e9sidents<\/li>\n<li>Repr\u00e9sentant de la n\u00e9phrologie au Comit\u00e9 de formation en m\u00e9decine interne<\/li>\n<\/ul>\n<p><strong>Publications<\/strong><\/p>\n<ul>\n<li><a href=\"https:\/\/www.ncbi.nlm.nih.gov\/pubmed\/?term=edwards%2C+cedric\" target=\"_blank\">Lien<\/a><\/li>\n<\/ul>\n<p>&nbsp;<\/p>\n","protected":false},"excerpt":{"rendered":"<p>Directeur, Programme de formation en n\u00e9phrologie Professeur adjoint Le Dr\u00a0Cedric Edwards est professeur adjoint \u00e0 la Division de n\u00e9phrologie de L\u2019H\u00f4pital d\u2019Ottawa et de l\u2019Universit\u00e9 d\u2019Ottawa. Il a obtenu son dipl\u00f4me en m\u00e9decine de l\u2019Universit\u00e9 d\u2019Ottawa et a poursuivi sa formation en m\u00e9decine interne et en n\u00e9phrologie \u00e0 Ottawa. Il exerce principalement en hypertension et [&hellip;]<\/p>\n","protected":false},"author":25,"featured_media":0,"parent":11820,"menu_order":7,"comment_status":"closed","ping_status":"closed","template":"","meta":{"_acf_changed":false,"_mc_calendar":[],"footnotes":""},"class_list":["post-11862","page","type-page","status-publish","hentry"],"acf":[],"wps_subtitle":"","_links":{"self":[{"href":"https:\/\/www.ottawahospital.on.ca\/fr\/wp-json\/wp\/v2\/pages\/11862","targetHints":{"allow":["GET"]}}],"collection":[{"href":"https:\/\/www.ottawahospital.on.ca\/fr\/wp-json\/wp\/v2\/pages"}],"about":[{"href":"https:\/\/www.ottawahospital.on.ca\/fr\/wp-json\/wp\/v2\/types\/page"}],"author":[{"embeddable":true,"href":"https:\/\/www.ottawahospital.on.ca\/fr\/wp-json\/wp\/v2\/users\/25"}],"replies":[{"embeddable":true,"href":"https:\/\/www.ottawahospital.on.ca\/fr\/wp-json\/wp\/v2\/comments?post=11862"}],"version-history":[{"count":0,"href":"https:\/\/www.ottawahospital.on.ca\/fr\/wp-json\/wp\/v2\/pages\/11862\/revisions"}],"up":[{"embeddable":true,"href":"https:\/\/www.ottawahospital.on.ca\/fr\/wp-json\/wp\/v2\/pages\/11820"}],"wp:attachment":[{"href":"https:\/\/www.ottawahospital.on.ca\/fr\/wp-json\/wp\/v2\/media?parent=11862"}],"curies":[{"name":"wp","href":"https:\/\/api.w.org\/{rel}","templated":true}]}}