{"id":11856,"date":"2016-12-01T11:58:48","date_gmt":"2016-12-01T16:58:48","guid":{"rendered":"http:\/\/52.229.122.34\/fr\/?page_id=11856"},"modified":"2017-07-07T14:56:01","modified_gmt":"2017-07-07T18:56:01","slug":"dre-janet-davis","status":"publish","type":"page","link":"https:\/\/www.ottawahospital.on.ca\/fr\/services-cliniques\/deptpgrmcs\/departements\/nephrologie\/medecins\/dre-janet-davis\/","title":{"rendered":"Dre Janet Davis"},"content":{"rendered":"<h2>N\u00e9phrologue<br \/>\n<strong>Directrice, Clinique des soins du rein <\/strong><\/h2>\n<p><strong>Janet Lynn Davis<\/strong> a fait ses \u00e9tudes de m\u00e9decine \u00e0 l\u2019Universit\u00e9 de Calgary. Elle a fait sa r\u00e9sidence en m\u00e9decine interne et des sursp\u00e9cialisations en m\u00e9decine interne g\u00e9n\u00e9rale et en n\u00e9phrologie \u00e0 l\u2019Universit\u00e9 de la Colombie-Britannique.<\/p>\n<p>Elle est actuellement directrice m\u00e9dicale de la Clinique des soins du rein de L\u2019H\u00f4pital d\u2019Ottawa.<\/p>\n<p><strong>Int\u00e9r\u00eats cliniques :<br \/>\n<\/strong><\/p>\n<ul>\n<li>Maladie r\u00e9nale chronique \u00e0 un stade avanc\u00e9<\/li>\n<li>Soutien et aide \u00e0 la prise de d\u00e9cisions des patients<\/li>\n<li>Soins de soutien et palliatifs pour la maladie r\u00e9nale chronique<\/li>\n<li>Gestion r\u00e9nale conservatrice<\/li>\n<\/ul>\n<p><strong>Int\u00e9r\u00eats de recherche :<br \/>\n<\/strong><\/p>\n<ul>\n<li>Soutien \u00e0 la prise de d\u00e9cisions pour les personnes atteintes de maladie r\u00e9nale chronique \u00e0 un stade avanc\u00e9; soins de soutien et palliatifs et initiatives visant la qualit\u00e9 de vie des personnes atteintes de la maladie r\u00e9nale chronique<\/li>\n<\/ul>\n","protected":false},"excerpt":{"rendered":"<p>N\u00e9phrologue Directrice, Clinique des soins du rein Janet Lynn Davis a fait ses \u00e9tudes de m\u00e9decine \u00e0 l\u2019Universit\u00e9 de Calgary. Elle a fait sa r\u00e9sidence en m\u00e9decine interne et des sursp\u00e9cialisations en m\u00e9decine interne g\u00e9n\u00e9rale et en n\u00e9phrologie \u00e0 l\u2019Universit\u00e9 de la Colombie-Britannique. Elle est actuellement directrice m\u00e9dicale de la Clinique des soins du rein [&hellip;]<\/p>\n","protected":false},"author":25,"featured_media":0,"parent":11820,"menu_order":6,"comment_status":"closed","ping_status":"closed","template":"","meta":{"_acf_changed":false,"_mc_calendar":[],"footnotes":""},"class_list":["post-11856","page","type-page","status-publish","hentry"],"acf":[],"wps_subtitle":"","_links":{"self":[{"href":"https:\/\/www.ottawahospital.on.ca\/fr\/wp-json\/wp\/v2\/pages\/11856","targetHints":{"allow":["GET"]}}],"collection":[{"href":"https:\/\/www.ottawahospital.on.ca\/fr\/wp-json\/wp\/v2\/pages"}],"about":[{"href":"https:\/\/www.ottawahospital.on.ca\/fr\/wp-json\/wp\/v2\/types\/page"}],"author":[{"embeddable":true,"href":"https:\/\/www.ottawahospital.on.ca\/fr\/wp-json\/wp\/v2\/users\/25"}],"replies":[{"embeddable":true,"href":"https:\/\/www.ottawahospital.on.ca\/fr\/wp-json\/wp\/v2\/comments?post=11856"}],"version-history":[{"count":0,"href":"https:\/\/www.ottawahospital.on.ca\/fr\/wp-json\/wp\/v2\/pages\/11856\/revisions"}],"up":[{"embeddable":true,"href":"https:\/\/www.ottawahospital.on.ca\/fr\/wp-json\/wp\/v2\/pages\/11820"}],"wp:attachment":[{"href":"https:\/\/www.ottawahospital.on.ca\/fr\/wp-json\/wp\/v2\/media?parent=11856"}],"curies":[{"name":"wp","href":"https:\/\/api.w.org\/{rel}","templated":true}]}}