{"id":11850,"date":"2016-12-01T11:57:15","date_gmt":"2016-12-01T16:57:15","guid":{"rendered":"http:\/\/52.229.122.34\/fr\/?page_id=11850"},"modified":"2017-08-31T09:28:06","modified_gmt":"2017-08-31T13:28:06","slug":"dr-kevin-burns","status":"publish","type":"page","link":"https:\/\/www.ottawahospital.on.ca\/fr\/services-cliniques\/deptpgrmcs\/departements\/nephrologie\/medecins\/dr-kevin-burns\/","title":{"rendered":"Dr Kevin Burns"},"content":{"rendered":"<h2>Directeur, Centre de recherche sur les maladies du rein<br \/>\nProfesseur<\/h2>\n<p><strong>Le D<sup>r<\/sup>\u00a0Kevin Burns<\/strong> est professeur de m\u00e9decine \u00e0 la Division de n\u00e9phrologie de L\u2019H\u00f4pital d\u2019Ottawa et de l\u2019Universit\u00e9 d\u2019Ottawa. Il est scientifique principal et directeur du Centre de recherche sur les maladies du rein de l\u2019Institut de recherche de l\u2019H\u00f4pital d\u2019Ottawa et a une nomination conjointe au D\u00e9partement de m\u00e9decine cellulaire et mol\u00e9culaire.<\/p>\n<p>Le D<sup>r<\/sup>\u00a0Burns a obtenu son baccalaur\u00e9at en sciences et son dipl\u00f4me en m\u00e9decine de l\u2019Universit\u00e9 McGill. Il a fait une r\u00e9sidence en m\u00e9decine interne et une sursp\u00e9cialisation en n\u00e9phrologie clinique \u00e0 l\u2019Universit\u00e9 d\u2019Ottawa. Il a men\u00e9 des travaux de recherche scientifique fondamentale au centre m\u00e9dical de l\u2019Universit\u00e9 Vanderbilt, puis est retourn\u00e9 \u00e0 Ottawa, o\u00f9 il est scientifique-clinicien depuis 1992. Il a aussi \u00e9t\u00e9 chef de la N\u00e9phrologie \u00e0 l\u2019Universit\u00e9 et \u00e0 l\u2019H\u00f4pital de 1997 \u00e0 2005.<\/p>\n<p>Les travaux de recherche du D<sup>r<\/sup>\u00a0Burns ont port\u00e9 sur le fonctionnement et la r\u00e9gulation du syst\u00e8me r\u00e9nine-angiotensine intrar\u00e9nal dans la n\u00e9phropathie diab\u00e9tique et l\u2019hypertension r\u00e9nale et sur la pathogen\u00e8se et le traitement de n\u00e9phropathies aigu\u00ebs. Son laboratoire a re\u00e7u des fonds des Instituts de recherche en sant\u00e9 du Canada (IRSC), de la Fondation canadienne du rein (FCR) et de la Fondation canadienne pour l\u2019innovation \/ du Fonds ontarien pour l\u2019innovation.<\/p>\n<p>Ancien pr\u00e9sident de la Soci\u00e9t\u00e9 canadienne de n\u00e9phrologie (SCN), il pr\u00e9side le comit\u00e9 directeur du programme national KRESCENT, mis sur pied par la SCN, la FCR et les IRSC pour offrir une formation en recherche sur les maladies du rein. En 2010, le D<sup>r<\/sup>\u00a0Burns a re\u00e7u la m\u00e9daille d\u2019excellence en recherche de la FCR pour son apport \u00e0 la recherche sur les maladies du rein au Canada.<\/p>\n<p><strong>Int\u00e9r\u00eats cliniques<\/strong><\/p>\n<ul>\n<li>Hypertension<\/li>\n<li>Insuffisance r\u00e9nale aigu\u00eb<\/li>\n<li>H\u00e9modialyse<\/li>\n<li>Greffe de rein de personnes vivantes<\/li>\n<li>Prise en charge de maladies r\u00e9nales chroniques<\/li>\n<\/ul>\n<p><strong>Int\u00e9r\u00eats d\u2019enseignement<\/strong><\/p>\n<ul>\n<li>Enseignement de la n\u00e9phrologie dans les programmes de premier cycle et postdoctoraux; formation de m\u00e9decins dans la collectivit\u00e9 et sensibilisation de la population au sujet des maladies r\u00e9nales<\/li>\n<\/ul>\n<p><strong>\u200fInt\u00e9r\u00eats de recherche<\/strong><\/p>\n<ul>\n<li>Traitements novateurs des n\u00e9phropathies aigu\u00ebs, notamment la th\u00e9rapie cellulaire<\/li>\n<li>Pathogen\u00e8se de la n\u00e9phropathie diab\u00e9tique<\/li>\n<li><a href=\"https:\/\/www.ohri.ca\/profiles\/burns.asp\" target=\"_blank\" rel=\"noopener\"><strong>En savoir plus<\/strong><\/a><\/li>\n<\/ul>\n<p><strong>Publications<\/strong><\/p>\n<p>Cherchez les mots cl\u00e9s <strong>Burns KD <\/strong>dans la base de donn\u00e9es <a href=\"https:\/\/www.ncbi.nlm.nih.gov\/sites\/entrez\" target=\"_blank\" rel=\"noopener\"><strong>PubMed<\/strong><\/a>.<\/p>\n<p>&nbsp;<\/p>\n","protected":false},"excerpt":{"rendered":"<p>Directeur, Centre de recherche sur les maladies du rein Professeur Le Dr\u00a0Kevin Burns est professeur de m\u00e9decine \u00e0 la Division de n\u00e9phrologie de L\u2019H\u00f4pital d\u2019Ottawa et de l\u2019Universit\u00e9 d\u2019Ottawa. Il est scientifique principal et directeur du Centre de recherche sur les maladies du rein de l\u2019Institut de recherche de l\u2019H\u00f4pital d\u2019Ottawa et a une nomination [&hellip;]<\/p>\n","protected":false},"author":25,"featured_media":0,"parent":11820,"menu_order":5,"comment_status":"closed","ping_status":"closed","template":"","meta":{"_acf_changed":false,"_mc_calendar":[],"footnotes":""},"class_list":["post-11850","page","type-page","status-publish","hentry"],"acf":[],"wps_subtitle":"","_links":{"self":[{"href":"https:\/\/www.ottawahospital.on.ca\/fr\/wp-json\/wp\/v2\/pages\/11850","targetHints":{"allow":["GET"]}}],"collection":[{"href":"https:\/\/www.ottawahospital.on.ca\/fr\/wp-json\/wp\/v2\/pages"}],"about":[{"href":"https:\/\/www.ottawahospital.on.ca\/fr\/wp-json\/wp\/v2\/types\/page"}],"author":[{"embeddable":true,"href":"https:\/\/www.ottawahospital.on.ca\/fr\/wp-json\/wp\/v2\/users\/25"}],"replies":[{"embeddable":true,"href":"https:\/\/www.ottawahospital.on.ca\/fr\/wp-json\/wp\/v2\/comments?post=11850"}],"version-history":[{"count":0,"href":"https:\/\/www.ottawahospital.on.ca\/fr\/wp-json\/wp\/v2\/pages\/11850\/revisions"}],"up":[{"embeddable":true,"href":"https:\/\/www.ottawahospital.on.ca\/fr\/wp-json\/wp\/v2\/pages\/11820"}],"wp:attachment":[{"href":"https:\/\/www.ottawahospital.on.ca\/fr\/wp-json\/wp\/v2\/media?parent=11850"}],"curies":[{"name":"wp","href":"https:\/\/api.w.org\/{rel}","templated":true}]}}