{"id":11844,"date":"2016-12-01T11:55:25","date_gmt":"2016-12-01T16:55:25","guid":{"rendered":"http:\/\/52.229.122.34\/fr\/?page_id=11844"},"modified":"2018-01-22T12:23:16","modified_gmt":"2018-01-22T17:23:16","slug":"dre-ann-bugeja","status":"publish","type":"page","link":"https:\/\/www.ottawahospital.on.ca\/fr\/services-cliniques\/deptpgrmcs\/departements\/nephrologie\/medecins\/dre-ann-bugeja\/","title":{"rendered":"Dre Ann Bugeja"},"content":{"rendered":"<h2><strong>N\u00e9phrologue<br \/>\n<\/strong><strong>Directrice du programme\u00a0de don d\u2019organes de personnes vivantes\u00a0<\/strong><\/h2>\n<p><strong>Ann Bugeja<\/strong> a obtenu son dipl\u00f4me de m\u00e9decine et a suivi sa formation postdoctorale \u00e0 l\u2019Universit\u00e9 de Toronto. Elle a achev\u00e9 sa formation postdoctorale en m\u00e9decine interne et en n\u00e9phrologie \u00e0 l\u2019Universit\u00e9 de Toronto.<\/p>\n<p>Elle est l\u2019experte en contenu en n\u00e9phrologie au niveau du baccalaur\u00e9at \u00e0 la Facult\u00e9 de m\u00e9decine de l\u2019Universit\u00e9 d\u2019Ottawa, o\u00f9 elle enseigne divers aspects de la n\u00e9phrologie du programme d\u2019\u00e9tudes de premier cycle en m\u00e9decine et de formation postdoctorale en n\u00e9phrologie. Elle a achev\u00e9 le Programme de professeur de marque de l\u2019Universit\u00e9 d\u2019Ottawa en 2014.<\/p>\n<p>Elle est sp\u00e9cialis\u00e9e en hypertension clinique et certifi\u00e9e aupr\u00e8s de l\u2019American Society of Hypertension.<\/p>\n<p><strong>Domaines d&rsquo;int\u00e9r\u00eats cliniques :<\/strong><\/p>\n<ul>\n<li>Dons de rein de personnes vivantes<\/li>\n<li>Hypertension<\/li>\n<li>H\u00e9modialyse<\/li>\n<\/ul>\n","protected":false},"excerpt":{"rendered":"<p>N\u00e9phrologue Directrice du programme\u00a0de don d\u2019organes de personnes vivantes\u00a0 Ann Bugeja a obtenu son dipl\u00f4me de m\u00e9decine et a suivi sa formation postdoctorale \u00e0 l\u2019Universit\u00e9 de Toronto. Elle a achev\u00e9 sa formation postdoctorale en m\u00e9decine interne et en n\u00e9phrologie \u00e0 l\u2019Universit\u00e9 de Toronto. Elle est l\u2019experte en contenu en n\u00e9phrologie au niveau du baccalaur\u00e9at \u00e0 [&hellip;]<\/p>\n","protected":false},"author":25,"featured_media":0,"parent":11820,"menu_order":4,"comment_status":"closed","ping_status":"closed","template":"","meta":{"_acf_changed":false,"_mc_calendar":[],"footnotes":""},"class_list":["post-11844","page","type-page","status-publish","hentry"],"acf":[],"wps_subtitle":"","_links":{"self":[{"href":"https:\/\/www.ottawahospital.on.ca\/fr\/wp-json\/wp\/v2\/pages\/11844","targetHints":{"allow":["GET"]}}],"collection":[{"href":"https:\/\/www.ottawahospital.on.ca\/fr\/wp-json\/wp\/v2\/pages"}],"about":[{"href":"https:\/\/www.ottawahospital.on.ca\/fr\/wp-json\/wp\/v2\/types\/page"}],"author":[{"embeddable":true,"href":"https:\/\/www.ottawahospital.on.ca\/fr\/wp-json\/wp\/v2\/users\/25"}],"replies":[{"embeddable":true,"href":"https:\/\/www.ottawahospital.on.ca\/fr\/wp-json\/wp\/v2\/comments?post=11844"}],"version-history":[{"count":0,"href":"https:\/\/www.ottawahospital.on.ca\/fr\/wp-json\/wp\/v2\/pages\/11844\/revisions"}],"up":[{"embeddable":true,"href":"https:\/\/www.ottawahospital.on.ca\/fr\/wp-json\/wp\/v2\/pages\/11820"}],"wp:attachment":[{"href":"https:\/\/www.ottawahospital.on.ca\/fr\/wp-json\/wp\/v2\/media?parent=11844"}],"curies":[{"name":"wp","href":"https:\/\/api.w.org\/{rel}","templated":true}]}}