{"id":11838,"date":"2016-12-01T11:53:56","date_gmt":"2016-12-01T16:53:56","guid":{"rendered":"http:\/\/52.229.122.34\/fr\/?page_id=11838"},"modified":"2018-01-22T11:55:01","modified_gmt":"2018-01-22T16:55:01","slug":"dr-pierre-antoine-brown","status":"publish","type":"page","link":"https:\/\/www.ottawahospital.on.ca\/fr\/services-cliniques\/deptpgrmcs\/departements\/nephrologie\/medecins\/dr-pierre-antoine-brown\/","title":{"rendered":"Dr Pierre Antoine Brown"},"content":{"rendered":"<h2>N\u00e9phrologue<br \/>\nDirecteur m\u00e9dical, Programme d\u2019h\u00e9modialyse\u00a0et Clinique de la maladie r\u00e9nale polykistique<\/h2>\n<p><strong>Le D<sup>r<\/sup> Pierre Antoine Brown<\/strong> est dipl\u00f4m\u00e9 de la Facult\u00e9 de m\u00e9decine de l\u2019Universit\u00e9 d\u2019Ottawa. C\u2019est \u00e0 cette universit\u00e9 ainsi qu\u2019\u00e0 L\u2019H\u00f4pital d\u2019Ottawa qu\u2019il a ensuite fait une r\u00e9sidence en m\u00e9decine interne et une sursp\u00e9cialisation en n\u00e9phrologie.<\/p>\n<p>Il a par la suite fait une ma\u00eetrise en informatique m\u00e9dicale de l\u2019Universit\u00e9 Northwestern et le Programme de leadership pour l\u2019am\u00e9lioration de la qualit\u00e9 des soins et de la s\u00e9curit\u00e9 des patients de l\u2019\u00c9cole de gestion Telfer.<\/p>\n<p>Ses domaines d\u2019int\u00e9r\u00eat cliniques comprennent l\u2019h\u00e9modialyse, la polykystose r\u00e9nale et la n\u00e9phrologie g\u00e9n\u00e9rale. Il est directeur m\u00e9dical du programme d\u2019h\u00e9modialyse de L\u2019H\u00f4pital d\u2019Ottawa.<\/p>\n<p>Le D<sup>r<\/sup>\u00a0Brown participe activement aux initiatives d\u2019assurance et d\u2019am\u00e9lioration de la qualit\u00e9 \u00e0 la Division de n\u00e9phrologie.<\/p>\n<p>Il a publi\u00e9 des articles dans des revues \u00e0 comit\u00e9 de lecture sur des sujets vari\u00e9s, dont le lancement de la dialyse ponctuelle, l\u2019h\u00e9modialyse et la dialyse p\u00e9riton\u00e9ale. Ses recherches portent sur les projets d\u2019assurance et d\u2019am\u00e9lioration de la qualit\u00e9.<\/p>\n<p><strong>Domaines d\u2019int\u00e9r\u00eat cliniques\u00a0:<\/strong><\/p>\n<ul>\n<li>H\u00e9modialyse<\/li>\n<li>Maladie r\u00e9nale chronique<\/li>\n<li>Polykystose r\u00e9nale<\/li>\n<li>N\u00e9phrologie g\u00e9n\u00e9rale<\/li>\n<\/ul>\n<p><strong>Domaines d\u2019int\u00e9r\u00eat en enseignement\u00a0:<\/strong><\/p>\n<ul>\n<li>Enseignement universitaire en n\u00e9phrologie<\/li>\n<\/ul>\n<p><strong>Publications\u00a0:<\/strong><\/p>\n<ul>\n<li>Chercher <strong>Brown PA <\/strong>dans <a href=\"https:\/\/www.ncbi.nlm.nih.gov\/sites\/entrez\" target=\"_blank\" rel=\"noopener\"><strong>PubMed<\/strong><\/a><\/li>\n<\/ul>\n","protected":false},"excerpt":{"rendered":"<p>N\u00e9phrologue Directeur m\u00e9dical, Programme d\u2019h\u00e9modialyse\u00a0et Clinique de la maladie r\u00e9nale polykistique Le Dr Pierre Antoine Brown est dipl\u00f4m\u00e9 de la Facult\u00e9 de m\u00e9decine de l\u2019Universit\u00e9 d\u2019Ottawa. C\u2019est \u00e0 cette universit\u00e9 ainsi qu\u2019\u00e0 L\u2019H\u00f4pital d\u2019Ottawa qu\u2019il a ensuite fait une r\u00e9sidence en m\u00e9decine interne et une sursp\u00e9cialisation en n\u00e9phrologie. Il a par la suite fait une [&hellip;]<\/p>\n","protected":false},"author":25,"featured_media":0,"parent":11820,"menu_order":3,"comment_status":"closed","ping_status":"closed","template":"","meta":{"_acf_changed":false,"_mc_calendar":[],"footnotes":""},"class_list":["post-11838","page","type-page","status-publish","hentry"],"acf":[],"wps_subtitle":"","_links":{"self":[{"href":"https:\/\/www.ottawahospital.on.ca\/fr\/wp-json\/wp\/v2\/pages\/11838","targetHints":{"allow":["GET"]}}],"collection":[{"href":"https:\/\/www.ottawahospital.on.ca\/fr\/wp-json\/wp\/v2\/pages"}],"about":[{"href":"https:\/\/www.ottawahospital.on.ca\/fr\/wp-json\/wp\/v2\/types\/page"}],"author":[{"embeddable":true,"href":"https:\/\/www.ottawahospital.on.ca\/fr\/wp-json\/wp\/v2\/users\/25"}],"replies":[{"embeddable":true,"href":"https:\/\/www.ottawahospital.on.ca\/fr\/wp-json\/wp\/v2\/comments?post=11838"}],"version-history":[{"count":0,"href":"https:\/\/www.ottawahospital.on.ca\/fr\/wp-json\/wp\/v2\/pages\/11838\/revisions"}],"up":[{"embeddable":true,"href":"https:\/\/www.ottawahospital.on.ca\/fr\/wp-json\/wp\/v2\/pages\/11820"}],"wp:attachment":[{"href":"https:\/\/www.ottawahospital.on.ca\/fr\/wp-json\/wp\/v2\/media?parent=11838"}],"curies":[{"name":"wp","href":"https:\/\/api.w.org\/{rel}","templated":true}]}}