{"id":11832,"date":"2016-12-01T11:52:09","date_gmt":"2016-12-01T16:52:09","guid":{"rendered":"http:\/\/52.229.122.34\/fr\/?page_id=11832"},"modified":"2017-08-29T10:09:14","modified_gmt":"2017-08-29T14:09:14","slug":"dr-mohan-biyani","status":"publish","type":"page","link":"https:\/\/www.ottawahospital.on.ca\/fr\/services-cliniques\/deptpgrmcs\/departements\/nephrologie\/medecins\/dr-mohan-biyani\/","title":{"rendered":"Dr Mohan Biyani"},"content":{"rendered":"<h2>N\u00e9phrologue<br \/>\nProfesseur adjoint<\/h2>\n<p>Le <strong>D<sup>r<\/sup>\u00a0Mohan\u00a0Biyani<\/strong> est professeur adjoint de m\u00e9decine \u00e0 L\u2019H\u00f4pital d\u2019Ottawa et \u00e0 l\u2019Universit\u00e9 d\u2019Ottawa. Il a fait ses \u00e9tudes de premier cycle et postdoctorales en m\u00e9decine au Government Medical College Aurangabad, \u00e0 l\u2019Universit\u00e9 de Marathwada, en Inde. Apr\u00e8s sa r\u00e9sidence en m\u00e9decine interne, il a fait une sursp\u00e9cialisation en n\u00e9phrologie et un doctorat en m\u00e9decine \u00e0 l\u2019Universit\u00e9 de Mumbai.<\/p>\n<p>Le D<sup>r<\/sup>\u00a0Biyani a aussi fait une sursp\u00e9cialisation \u00e0 l\u2019Universit\u00e9 d\u2019Ottawa. Il s\u2019est joint \u00e0 la Division de n\u00e9phrologie du D\u00e9partement de m\u00e9decine de L\u2019H\u00f4pital d\u2019Ottawa et de l\u2019Universit\u00e9 d\u2019Ottawa \u00e0 titre de professeur adjoint en m\u00e9decine. Il a \u00e9t\u00e9 directeur du programme de sursp\u00e9cialisation, qui forme chaque ann\u00e9e 6\u00a0ou 7\u00a0moniteurs cliniques et compte une cinquantaine de dipl\u00f4m\u00e9s qui travaillent aujourd\u2019hui en milieu communautaire et universitaire dans leur pays d\u2019origine. Le D<sup>r<\/sup>\u00a0Biyani si\u00e8ge au comit\u00e9 de formation du programme de r\u00e9sidence.<\/p>\n<p><strong>Le D<sup>r<\/sup>\u00a0Biyani est membre de l\u2019American Society of Nephrology, de l\u2019International Society of Nephrology et de l\u2019Indian Society of Nephrology.<\/strong><\/p>\n<p><strong>Domaines d\u2019int\u00e9r\u00eat cliniques<\/strong><\/p>\n<ul>\n<li>Traitements de dialyse \u00e0 domicile<\/li>\n<li>Prise en charge de la maladie r\u00e9nale chronique<\/li>\n<\/ul>\n<p><strong>Int\u00e9r\u00eats de recherche<\/strong><\/p>\n<ul>\n<li><strong>Survie de la technique de dialyse p\u00e9riton\u00e9ale<\/strong><\/li>\n<li><strong>Pr\u00e9servation de la fonction r\u00e9nale r\u00e9siduelle avec la dialyse p\u00e9riton\u00e9ale<\/strong><\/li>\n<\/ul>\n<p><strong>Int\u00e9r\u00eats d\u2019enseignement<\/strong><\/p>\n<ul>\n<li>Enseignement postdoctoral en n\u00e9phrologie<\/li>\n<\/ul>\n<p>&nbsp;<\/p>\n","protected":false},"excerpt":{"rendered":"<p>N\u00e9phrologue Professeur adjoint Le Dr\u00a0Mohan\u00a0Biyani est professeur adjoint de m\u00e9decine \u00e0 L\u2019H\u00f4pital d\u2019Ottawa et \u00e0 l\u2019Universit\u00e9 d\u2019Ottawa. Il a fait ses \u00e9tudes de premier cycle et postdoctorales en m\u00e9decine au Government Medical College Aurangabad, \u00e0 l\u2019Universit\u00e9 de Marathwada, en Inde. Apr\u00e8s sa r\u00e9sidence en m\u00e9decine interne, il a fait une sursp\u00e9cialisation en n\u00e9phrologie et un [&hellip;]<\/p>\n","protected":false},"author":25,"featured_media":0,"parent":11820,"menu_order":3,"comment_status":"closed","ping_status":"closed","template":"","meta":{"_acf_changed":false,"_mc_calendar":[],"footnotes":""},"class_list":["post-11832","page","type-page","status-publish","hentry"],"acf":[],"wps_subtitle":"","_links":{"self":[{"href":"https:\/\/www.ottawahospital.on.ca\/fr\/wp-json\/wp\/v2\/pages\/11832","targetHints":{"allow":["GET"]}}],"collection":[{"href":"https:\/\/www.ottawahospital.on.ca\/fr\/wp-json\/wp\/v2\/pages"}],"about":[{"href":"https:\/\/www.ottawahospital.on.ca\/fr\/wp-json\/wp\/v2\/types\/page"}],"author":[{"embeddable":true,"href":"https:\/\/www.ottawahospital.on.ca\/fr\/wp-json\/wp\/v2\/users\/25"}],"replies":[{"embeddable":true,"href":"https:\/\/www.ottawahospital.on.ca\/fr\/wp-json\/wp\/v2\/comments?post=11832"}],"version-history":[{"count":0,"href":"https:\/\/www.ottawahospital.on.ca\/fr\/wp-json\/wp\/v2\/pages\/11832\/revisions"}],"up":[{"embeddable":true,"href":"https:\/\/www.ottawahospital.on.ca\/fr\/wp-json\/wp\/v2\/pages\/11820"}],"wp:attachment":[{"href":"https:\/\/www.ottawahospital.on.ca\/fr\/wp-json\/wp\/v2\/media?parent=11832"}],"curies":[{"name":"wp","href":"https:\/\/api.w.org\/{rel}","templated":true}]}}