{"id":11820,"date":"2016-12-01T11:47:28","date_gmt":"2016-12-01T16:47:28","guid":{"rendered":"http:\/\/52.229.122.34\/fr\/?page_id=11820"},"modified":"2019-01-14T10:46:05","modified_gmt":"2019-01-14T15:46:05","slug":"medecins","status":"publish","type":"page","link":"https:\/\/www.ottawahospital.on.ca\/fr\/services-cliniques\/deptpgrmcs\/departements\/nephrologie\/medecins\/","title":{"rendered":"M\u00e9decins"},"content":{"rendered":"<p>Les membres de la Division de n\u00e9phrologie participent \u00e0 chacun des champs d&rsquo;activit\u00e9 suivants : soins cliniques, enseignement et recherche (<a title=\"Centre de recherche des maladies du rein\" href=\"https:\/\/www.irho.ca\/centres\/KRC\/default.asp\" target=\"_blank\" rel=\"noopener\">Centre de recherche des maladies du rein<\/a>). Le Canada ne compte pas assez de n\u00e9phrologues et nous tentons de recruter des n\u00e9phrologues de calibre mondial pour renforcer nos programmes d&rsquo;enseignement, et ainsi favoriser la prestation de soins de qualit\u00e9 \u00e0 nos patients.<\/p>\n<p>La Division de n\u00e9phrologie compte actuellement les membres suivants :<\/p>\n<ul>\n<li><!--<a href=\"\/fr\/services-cliniques\/deptpgrmcs\/departements\/nephrologie\/medecins\/dr-ayub-akbari\/\"><span class=\"hidecontent\">Bio pour <\/span>-->D<sup>r<\/sup> Ayub Akbari<!--<\/a>--> &#8211; N\u00e9phrologue, Directrice\u00a0m\u00e9dicale, Clinique multi soins du rein,\u00a0Clinique de n\u00e9phrologie &#8211; pr\u00e9conception et grossesse et Directeur des donn\u00e9es et de analyses<\/li>\n<li><a href=\"\/fr\/services-cliniques\/deptpgrmcs\/departements\/nephrologie\/medecins\/dr-robert-bell\/\"><span class=\"hidecontent\">Bio pour <\/span>D<sup>r <\/sup> Robert Bell<\/a> &#8211; N\u00e9phrologue<\/li>\n<li><a href=\"\/fr\/services-cliniques\/deptpgrmcs\/departements\/nephrologie\/medecins\/dr-mohan-biyani\/\"><span class=\"hidecontent\">Bio pour <\/span>D<sup>r<\/sup> Mohan Biyani<\/a> &#8211; N\u00e9phrologue, Directeur m\u00e9dical, Programme de formation en n\u00e9phrologie<\/li>\n<li><a href=\"\/fr\/services-cliniques\/deptpgrmcs\/departements\/nephrologie\/medecins\/dr-pierre-antoine-brown\/\"><span class=\"hidecontent\">Bio pour <\/span>D<sup>r <\/sup>Pierre Antoine Brown<\/a> &#8211; N\u00e9phrologue, Directeur m\u00e9dical, Programme d\u2019h\u00e9modialyses et Clinique de la maladie r\u00e9nale polykistique<\/li>\n<li><a href=\"\/fr\/services-cliniques\/deptpgrmcs\/departements\/nephrologie\/medecins\/dre-ann-bugeja\/\"><span class=\"hidecontent\">Bio pour <\/span>D<sup>re<\/sup> Ann Bugeja<\/a> &#8211; N\u00e9phrologue, Directrice m\u00e9dicale, Programme de don d\u2019organes de personnes vivantes<\/li>\n<li><a href=\"\/fr\/services-cliniques\/deptpgrmcs\/departements\/nephrologie\/medecins\/dr-kevin-burns\/\"><span class=\"hidecontent\">Bio pour <\/span>D<sup>r <\/sup>Kevin Burns<\/a> &#8211; N\u00e9phrologue<\/li>\n<li><a href=\"\/fr\/services-cliniques\/deptpgrmcs\/departements\/nephrologie\/medecins\/dr-edward-clark\/\"><span class=\"hidecontent\">Bio pour <\/span>D<sup>r<\/sup>\u00a0Edward Clark<\/a> &#8211; N\u00e9phrologue<\/li>\n<li><a href=\"\/fr\/services-cliniques\/deptpgrmcs\/departements\/nephrologie\/medecins\/dre-janet-davis\/\"><span class=\"hidecontent\">Bio pour <\/span>D<sup>re<\/sup> Janet Davis<\/a> &#8211; N\u00e9phrologue<\/li>\n<li><a href=\"\/fr\/services-cliniques\/deptpgrmcs\/departements\/nephrologie\/medecins\/dr-cedric-edwards\/\"><span class=\"hidecontent\">Bio pour <\/span>D<sup>r<\/sup> Cedric Edwards<\/a> &#8211; N\u00e9phrologue<\/li>\n<li><a href=\"\/fr\/services-cliniques\/deptpgrmcs\/departements\/nephrologie\/medecins\/dr-todd-fairhead\/\"><span class=\"hidecontent\">Bio pour <\/span>D<sup>r<\/sup> Todd Fairhead<\/a> &#8211; N\u00e9phrologue &#8211; Directeur m\u00e9dical, Clinique de glom\u00e9rulon\u00e9phrite<\/li>\n<li><a href=\"\/fr\/services-cliniques\/deptpgrmcs\/departements\/nephrologie\/medecins\/dr-swapnil-hiremath\/\"><span class=\"hidecontent\">Bio pour <\/span>D<sup>r<\/sup> Swapnil Hiremath<\/a> &#8211; N\u00e9phrologue<\/li>\n<li><a href=\"\/fr\/services-cliniques\/deptpgrmcs\/departements\/nephrologie\/medecins\/dre-stephanie-hoar\/\"><span class=\"hidecontent\">Bio pour <\/span>D<sup>re<\/sup> Stephanie Hoar<\/a> &#8211; N\u00e9phrologue, Directrice\u00a0m\u00e9dicale, Programme de transplantation r\u00e9nale et Programme de formation en transplantation d\u2019organe solide<\/li>\n<li><!--<a href=\"\/fr\/services-cliniques\/deptpgrmcs\/departements\/nephrologie\/medecins\/dre-jolanta-karpinski\/\"><span class=\"hidecontent\">Bio pour <\/span>-->D<sup>re<\/sup>\u00a0 Jolanta Karpinski<!--<\/a>--> &#8211; N\u00e9phrologue<\/li>\n<li><a href=\"\/fr\/services-cliniques\/deptpgrmcs\/departements\/nephrologie\/medecins\/dr-gregory-knoll\/\"><span class=\"hidecontent\">Bio pour <\/span>D<sup>r <\/sup>Gregory Knoll<\/a> &#8211; N\u00e9phrologue, Chef de division, Programme de la n\u00e9phrologie<\/li>\n<li>D<sup>re <\/sup>Susan Lavoie &#8211; N\u00e9phrologue<\/li>\n<li><a href=\"\/fr\/services-cliniques\/deptpgrmcs\/departements\/nephrologie\/medecins\/dr-peter-o-magner\/\"><span class=\"hidecontent\">Bio pour <\/span>D<sup>r<\/sup>\u00a0 Peter Magner<\/a> &#8211; N\u00e9phrologue<\/li>\n<li>D<sup>r<\/sup> Brendan McCormick &#8211; N\u00e9phrologue, Directeur m\u00e9dical, Programme de dialyse \u00e0 domicile et Directeur clinicien, RLISS Champlain &#8211; R\u00e9seau r\u00e9nal de l&rsquo;Ontario<\/li>\n<li>D<sup>re<\/sup> Soraya Moghadam \u2013 N\u00e9phrologue<\/li>\n<li><a href=\"\/fr\/services-cliniques\/deptpgrmcs\/departements\/nephrologie\/medecins\/dr-steven-nadler\/\"><span class=\"hidecontent\">Bio pour <\/span>D<sup>r<\/sup>\u00a0 Steven Nadler<\/a> &#8211; N\u00e9phrologue<\/li>\n<li><!--<a href=\"\/fr\/services-cliniques\/deptpgrmcs\/departements\/nephrologie\/medecins\/dr-marcel-ruzicka\/\"><span class=\"hidecontent\">Bio pour <\/span>-->D<sup>r<\/sup> Marcel Ruzicka<!--<\/a>--> &#8211; N\u00e9phrologue<\/li>\n<li><a href=\"\/fr\/services-cliniques\/deptpgrmcs\/departements\/nephrologie\/medecins\/dr-manish-sood\/\"><span class=\"hidecontent\">Bio pour <\/span>D<sup>r<\/sup> Manish Sood<\/a> &#8211; N\u00e9phrologue<\/li>\n<li><a href=\"\/fr\/services-cliniques\/deptpgrmcs\/departements\/nephrologie\/medecins\/dre-deborah-zimmerman\/\"><span class=\"hidecontent\">Bio pour <\/span>D<sup>re<\/sup>\u00a0 Deborah Zimmerman<\/a> &#8211; N\u00e9phrologue, Directrice\u00a0m\u00e9dicale, Programme d\u2019h\u00e9modialyse quotidienne \u00e0 domicile et Directrice clinique du centre de recherche sur les maladies du rein (CRMR)<\/li>\n<\/ul>\n","protected":false},"excerpt":{"rendered":"<p>Les membres de la Division de n\u00e9phrologie participent \u00e0 chacun des champs d&rsquo;activit\u00e9 suivants : soins cliniques, enseignement et recherche (Centre de recherche des maladies du rein). Le Canada ne compte pas assez de n\u00e9phrologues et nous tentons de recruter des n\u00e9phrologues de calibre mondial pour renforcer nos programmes d&rsquo;enseignement, et ainsi favoriser la prestation [&hellip;]<\/p>\n","protected":false},"author":25,"featured_media":0,"parent":11812,"menu_order":1,"comment_status":"closed","ping_status":"closed","template":"","meta":{"_acf_changed":false,"_mc_calendar":[],"footnotes":""},"class_list":["post-11820","page","type-page","status-publish","hentry"],"acf":[],"wps_subtitle":"","_links":{"self":[{"href":"https:\/\/www.ottawahospital.on.ca\/fr\/wp-json\/wp\/v2\/pages\/11820","targetHints":{"allow":["GET"]}}],"collection":[{"href":"https:\/\/www.ottawahospital.on.ca\/fr\/wp-json\/wp\/v2\/pages"}],"about":[{"href":"https:\/\/www.ottawahospital.on.ca\/fr\/wp-json\/wp\/v2\/types\/page"}],"author":[{"embeddable":true,"href":"https:\/\/www.ottawahospital.on.ca\/fr\/wp-json\/wp\/v2\/users\/25"}],"replies":[{"embeddable":true,"href":"https:\/\/www.ottawahospital.on.ca\/fr\/wp-json\/wp\/v2\/comments?post=11820"}],"version-history":[{"count":0,"href":"https:\/\/www.ottawahospital.on.ca\/fr\/wp-json\/wp\/v2\/pages\/11820\/revisions"}],"up":[{"embeddable":true,"href":"https:\/\/www.ottawahospital.on.ca\/fr\/wp-json\/wp\/v2\/pages\/11812"}],"wp:attachment":[{"href":"https:\/\/www.ottawahospital.on.ca\/fr\/wp-json\/wp\/v2\/media?parent=11820"}],"curies":[{"name":"wp","href":"https:\/\/api.w.org\/{rel}","templated":true}]}}