{"id":11816,"date":"2016-12-01T11:45:24","date_gmt":"2016-12-01T16:45:24","guid":{"rendered":"http:\/\/52.229.122.34\/fr\/?page_id=11816"},"modified":"2017-08-15T12:49:49","modified_gmt":"2017-08-15T16:49:49","slug":"vision-et-mission","status":"publish","type":"page","link":"https:\/\/www.ottawahospital.on.ca\/fr\/services-cliniques\/deptpgrmcs\/departements\/nephrologie\/vision-et-mission\/","title":{"rendered":"Vision et mission"},"content":{"rendered":"<h2>Vision<\/h2>\n<p>Gr\u00e2ce au d\u00e9vouement de son personnel, \u00e0 la force de son mod\u00e8le de service unifi\u00e9 et \u00e0 l&rsquo;engagement de son Centre de recherche sur les maladies du rein, la Division de n\u00e9phrologie vise l&rsquo;excellence en recherche, en enseignement et en soins aux patients dans le domaine de la n\u00e9phrologie, au Canada et dans le monde entier.<\/p>\n<h2>Mission<\/h2>\n<p>La Division de n\u00e9phrologie regroupe des sp\u00e9cialistes des maladies du rein et offre des soins de qualit\u00e9 aux adultes atteints d&rsquo;une maladie du rein et aux personnes qui donnent un rein de leur vivant, le tout dans un milieu qui favorise une recherche (Centre de recherche sur les maladies du rein) et un enseignement de grande qualit\u00e9 (formation universitaire en m\u00e9decine et enseignement aux patients et \u00e0 leur famille).<\/p>\n<p>La Division offre des soins aux patients et \u00e0 leurs familles dans les r\u00e9gions d&rsquo;Ottawa et de l&rsquo;est de l&rsquo;Ontario, et a \u00e0 c\u0153ur de servir les patients dans un environnement situ\u00e9 le plus pr\u00e8s possible de leur domicile et respectueux du bilinguisme de la r\u00e9gion.<\/p>\n<p>La Division favorise la transparence et l&rsquo;acc\u00e8s facile aux soins qui sont dispens\u00e9s, en tout temps, avec compassion et expertise.<\/p>\n<p>La Division a form\u00e9 une \u00e9quipe multidisciplinaire compos\u00e9e de n\u00e9phrologues, de m\u00e9decins, de chercheurs, d&rsquo;infirmi\u00e8res et de gestionnaires, de professionnels param\u00e9dicaux, d&#8217;employ\u00e9s techniques, de secr\u00e9taires et d&#8217;employ\u00e9s de bureau qui se sont tous engag\u00e9s \u00e0 l&rsquo;excellence des soins aux patients.<\/p>\n","protected":false},"excerpt":{"rendered":"<p>Vision Gr\u00e2ce au d\u00e9vouement de son personnel, \u00e0 la force de son mod\u00e8le de service unifi\u00e9 et \u00e0 l&rsquo;engagement de son Centre de recherche sur les maladies du rein, la Division de n\u00e9phrologie vise l&rsquo;excellence en recherche, en enseignement et en soins aux patients dans le domaine de la n\u00e9phrologie, au Canada et dans le [&hellip;]<\/p>\n","protected":false},"author":25,"featured_media":0,"parent":11812,"menu_order":0,"comment_status":"closed","ping_status":"closed","template":"","meta":{"_acf_changed":false,"_mc_calendar":[],"footnotes":""},"class_list":["post-11816","page","type-page","status-publish","hentry"],"acf":[],"wps_subtitle":"","_links":{"self":[{"href":"https:\/\/www.ottawahospital.on.ca\/fr\/wp-json\/wp\/v2\/pages\/11816","targetHints":{"allow":["GET"]}}],"collection":[{"href":"https:\/\/www.ottawahospital.on.ca\/fr\/wp-json\/wp\/v2\/pages"}],"about":[{"href":"https:\/\/www.ottawahospital.on.ca\/fr\/wp-json\/wp\/v2\/types\/page"}],"author":[{"embeddable":true,"href":"https:\/\/www.ottawahospital.on.ca\/fr\/wp-json\/wp\/v2\/users\/25"}],"replies":[{"embeddable":true,"href":"https:\/\/www.ottawahospital.on.ca\/fr\/wp-json\/wp\/v2\/comments?post=11816"}],"version-history":[{"count":0,"href":"https:\/\/www.ottawahospital.on.ca\/fr\/wp-json\/wp\/v2\/pages\/11816\/revisions"}],"up":[{"embeddable":true,"href":"https:\/\/www.ottawahospital.on.ca\/fr\/wp-json\/wp\/v2\/pages\/11812"}],"wp:attachment":[{"href":"https:\/\/www.ottawahospital.on.ca\/fr\/wp-json\/wp\/v2\/media?parent=11816"}],"curies":[{"name":"wp","href":"https:\/\/api.w.org\/{rel}","templated":true}]}}