{"id":11812,"date":"2016-12-01T11:43:41","date_gmt":"2016-12-01T16:43:41","guid":{"rendered":"http:\/\/52.229.122.34\/fr\/?page_id=11812"},"modified":"2025-03-06T10:08:52","modified_gmt":"2025-03-06T15:08:52","slug":"nephrologie","status":"publish","type":"page","link":"https:\/\/www.ottawahospital.on.ca\/fr\/services-cliniques\/deptpgrmcs\/departements\/nephrologie\/","title":{"rendered":"N\u00e9phrologie"},"content":{"rendered":"<div class=\"row\">\n<div class=\"col-md-6\">\n<h2>Vue d&rsquo;ensemble<\/h2>\n<p>La Division de n\u00e9phrologie de L\u2019H\u00f4pital d\u2019Ottawa fournit des soins cliniques aux personnes atteintes d\u2019une maladie du rein de la r\u00e9gion d\u2019Ottawa et de la plus grande partie de l\u2019Est de l\u2019Ontario. De plus, son programme de transplantation r\u00e9nale offre des soins sursp\u00e9cialis\u00e9s aux patients des r\u00e9gions de Renfrew et de Sudbury qui ont des probl\u00e8mes de rein avanc\u00e9s et complexes.<\/p>\n<p>Le Programme de n\u00e9phrologie de L\u2019H\u00f4pital d\u2019Ottawa est l\u2019un des plus importants au Canada.<\/p>\n<\/div>\n<div class=\"col-md-6 border-grey\">\n<p><strong>L\u2019H\u00f4pital d\u2019Ottawa et le Centre des sciences de la sant\u00e9 de Kingston prennent la rel\u00e8ve de Fresenius Medical Care pour les soins de dialyse.<\/strong><\/p>\n<p>Dans le cadre de cette transition, le dossier de tout patient qui recevait des soins de Fresenius Medical Care a \u00e9t\u00e9 transf\u00e9r\u00e9 au nouveau centre de soins du patient. La protection des renseignements personnels du patient est toujours notre priorit\u00e9 et toutes les pr\u00e9cautions n\u00e9cessaires ont \u00e9t\u00e9 prises lors du transfert.<\/p>\n<\/div>\n<\/div>\n<p>Il fournit aux personnes atteintes d\u2019une maladie du rein tout un \u00e9ventail de services, dont les suivants\u00a0: diff\u00e9rents types de dialyse r\u00e9nale, un programme de transplantation r\u00e9nale et des cliniques hautement sp\u00e9cialis\u00e9es g\u00e9r\u00e9es par le Centre Jindal des maladies du rein. L\u2019Unit\u00e9 des patients hospitalis\u00e9s en n\u00e9phrologie est situ\u00e9e au Campus G\u00e9n\u00e9ral de L\u2019H\u00f4pital d\u2019Ottawa.<\/p>\n<p>De plus, la N\u00e9phrologie offre, en association avec l\u2019Universit\u00e9 d\u2019Ottawa, un programme de r\u00e9sidence en n\u00e9phrologie reconnu par le Coll\u00e8ge royal des m\u00e9decins et chirurgiens du Canada. Ce programme peut accueillir des m\u00e9decins r\u00e9sidents du Canada et de l\u2019\u00e9tranger qui souhaitent se sp\u00e9cialiser dans ce domaine. Ces m\u00e9decins r\u00e9sidents ont habituellement termin\u00e9 un programme de r\u00e9sidence en m\u00e9decine interne. Notre \u00e9quipe de m\u00e9decins, d\u2019infirmi\u00e8res et d\u2019autres professionnels de la sant\u00e9 s\u2019efforce d\u2019offrir les meilleurs soins possible \u00e0 tous nos patients.<\/p>\n<h2>Nos services<\/h2>\n<p><strong>Le Programme de n\u00e9phrologie offre de nombreux services dans divers contextes :<\/strong><\/p>\n<ul>\n<li>Unit\u00e9 de patients hospitalis\u00e9s en n\u00e9phrologie au Campus G\u00e9n\u00e9ral<\/li>\n<li>services de consultation en n\u00e9phrologie pour patients hospitalis\u00e9s aux Campus G\u00e9n\u00e9ral et Civic<\/li>\n<li>cliniques externes de n\u00e9phrologie au Campus Riverside pour les nouvelles demandes de consultation et les visites de suivi<\/li>\n<li>Clinique d\u2019hypertension r\u00e9nale au Campus Riverside<\/li>\n<li>cliniques de traitement de maladies r\u00e9nales chroniques avanc\u00e9es au Campus Riverside<\/li>\n<li>cliniques de traitement d\u2019insuffisance r\u00e9nale progressive au Campus Riverside<\/li>\n<li>Programme de transplantation r\u00e9nale<\/li>\n<li>Programme de dialyse \u00e0 domicile (dialyse p\u00e9riton\u00e9ale et h\u00e9modialyse \u00e0 domicile)<\/li>\n<li>services d\u2019h\u00e9modialyse \u00e0 de multiples endroits.<\/li>\n<\/ul>\n<p>Pour en savoir plus, consultez la page <a href=\"\/fr\/services-cliniques\/deptpgrmcs\/departements\/nephrologie\/cliniques-et-programmes\/\">Programme et cliniques de n\u00e9phrologie<\/a>.<\/p>\n<h2>Notre \u00e9quipe<\/h2>\n<h3>M\u00e9decins<\/h3>\n<p>Les membres de la Division de n\u00e9phrologie participent \u00e0 chacun des champs d\u2019activit\u00e9s suivants\u00a0: soins cliniques, enseignement et recherche (effectu\u00e9e surtout au <a href=\"https:\/\/www.irho.ca\/centres\/KRC\/default.asp\" target=\"_blank\" rel=\"noopener\">Centre de recherche sur les maladies du rein<\/a>). Nous tentons de recruter des n\u00e9phrologues de calibre mondial pour renforcer nos programmes d\u2019enseignement, et ainsi favoriser la prestation de soins de qualit\u00e9 \u00e0 nos patients.<\/p>\n<p>Pour voir la liste actuelle de membres de la Division de n\u00e9phrologie, cliquez sur <a title=\"Nephrology\" href=\"\/fr\/services-cliniques\/deptpgrmcs\/departements\/nephrologie\/medecins\/\">M\u00e9decins<\/a>.<\/p>\n<h3>\u00c9quipe administrative clinique<\/h3>\n<p>Le Programme de n\u00e9phrologie est g\u00e9r\u00e9 par une \u00e9quipe administrative clinique, qui se compose d\u2019un directeur clinique, de gestionnaires cliniques, d\u2019infirmi\u00e8res de pratique avanc\u00e9e, d\u2019un gestionnaire technique, d\u2019infirmi\u00e8res enseignantes, d\u2019un coordonnateur de l\u2019am\u00e9lioration de la qualit\u00e9, d\u2019un responsable du projet de pr\u00e9vention et de prise en charge des maladies r\u00e9nales chroniques et d\u2019adjoints administratifs.<\/p>\n<h3>Infirmi\u00e8res<\/h3>\n<p>Les infirmi\u00e8res jouent un r\u00f4le essentiel dans le programme de n\u00e9phrologie et dans la prestation de divers soins, comme l\u2019h\u00e9modialyse, les transplantations, les soins ambulatoires, la dialyse \u00e0 domicile et la n\u00e9phrologie pour patients hospitalis\u00e9s. Notre personnel infirmier est sp\u00e9cialement form\u00e9 pour travailler dans ces diff\u00e9rents domaines et suit une formation continue. Il se compose d\u2019infirmi\u00e8res autoris\u00e9es et d\u2019infirmi\u00e8res auxiliaires autoris\u00e9es. Nous encourageons nos infirmi\u00e8res \u00e0 participer \u00e0 des associations professionnelles, comme l\u2019Association canadienne des infirmi\u00e8res et infirmiers et des technologues de n\u00e9phrologie.<\/p>\n<h3>Autres professionnels de la sant\u00e9<\/h3>\n<p>Les autres membres de notre \u00e9quipe multidisciplinaire comprennent des travailleuses sociales, des di\u00e9t\u00e9tistes, des pharmaciens, des technologues en dialyse et employ\u00e9s des Soins spirituels.<\/p>\n<p>Pour les transplantations de reins, nous b\u00e9n\u00e9ficions \u00e9galement du soutien d\u2019une infirmi\u00e8re sp\u00e9cialis\u00e9e en contr\u00f4le des infections, des infirmi\u00e8res sp\u00e9cialis\u00e9e en acc\u00e8s dialytique et des coordonnateurs des dons de reins de personnes vivantes.<\/p>\n<p>Nous avons une solide \u00e9quipe de soutien qui comprend des commis, des adjoints administratifs et des infirmi\u00e8res auxiliaires.<\/p>\n<p>Notre \u00e9quipe sp\u00e9cialis\u00e9e de soins de sant\u00e9 s\u2019efforce de fournir les meilleurs soins possible aux patients atteints d\u2019une maladie du rein.<\/p>\n<h2>Rendez-vous<\/h2>\n<p>Si vous \u00eates d\u00e9j\u00e0 un patient de l\u2019une des cliniques du Centre Jindal des maladies du rein, vous pouvez prendre un rendez\u2011vous avec votre m\u00e9decin en appelant au 613\u2011738-8207.<\/p>\n<p>Les patients qui ne sont pas suivis par le personnel d\u2019une de nos cliniques devront demander \u00e0 leur m\u00e9decin de soumettre une demande de consultation au Centre Jindal des maladies du rein.<\/p>\n<p>Les bureaux de m\u00e9decin peuvent t\u00e9l\u00e9copier les demandes de consultation au 613\u2011738\u20118384. Toutes les demandes de consultation seront tri\u00e9es rapidement par un n\u00e9phrologue. La priorit\u00e9 sera accord\u00e9e aux cas les plus urgents.<\/p>\n<h2>Pour nous joindre<\/h2>\n<p>Toutes les cliniques de n\u00e9phrologie se trouvent dans le Centre Jindal des maladies du rein, au 5<sup>e<\/sup>\u00a0\u00e9tage du Campus Riverside.\u00a0<strong>S&rsquo;il vous pla\u00eet appelez (613) 738-8207 pour toutes les demandes des patients.<\/strong><\/p>\n<p>L\u2019adresse postale du campus est la suivante\u00a0:<\/p>\n<p>L\u2019H\u00f4pital d\u2019Ottawa \u2013 Campus Riverside<br \/>\nboitre #100\u00a0 &#8211; soins de Tina Marsh<br \/>\n1967, promenade Riverside<br \/>\nOttawa, ON K1H 7W9<\/p>\n<p>Les demandes de renseignements concernant la Division\/le Programme de n\u00e9phrologie peuvent \u00eatre adress\u00e9es aux personnes suivantes\u00a0:<\/p>\n<p>D<sup>r<\/sup> Greg Knoll<br \/>\nChef, Division de n\u00e9phrologie<br \/>\nL\u2019H\u00f4pital d\u2019Ottawa et l\u2019Universit\u00e9 d\u2019Ottawa<br \/>\nT\u00e9l\u00e9phone : 613-738-8400\u00a0 x 82731\/82583 (Assistance Administrative Lori Steeves x 82565)<\/p>\n<p>ou<\/p>\n<p>Janet Graham<br \/>\nDirectrice Clinique, Programme R\u00e9gional en N\u00e9phrologie<br \/>\nDirectrice R\u00e9gionale, RLISS Champlain R\u00e9seau Renal de l\u2019Ontario<br \/>\nL\u2019H\u00f4pital d\u2019Ottawa \/ R\u00e9seau Renal de l\u2019Ontario<br \/>\n613-738-8400 x 88227 (Assistante administrative Tina Marsh)<\/p>\n","protected":false},"excerpt":{"rendered":"<p>Vue d&rsquo;ensemble La Division de n\u00e9phrologie de L\u2019H\u00f4pital d\u2019Ottawa fournit des soins cliniques aux personnes atteintes d\u2019une maladie du rein de la r\u00e9gion d\u2019Ottawa et de la plus grande partie de l\u2019Est de l\u2019Ontario. De plus, son programme de transplantation r\u00e9nale offre des soins sursp\u00e9cialis\u00e9s aux patients des r\u00e9gions de Renfrew et de Sudbury qui [&hellip;]<\/p>\n","protected":false},"author":25,"featured_media":0,"parent":7868,"menu_order":14,"comment_status":"closed","ping_status":"closed","template":"","meta":{"_acf_changed":false,"_mc_calendar":[],"footnotes":""},"class_list":["post-11812","page","type-page","status-publish","hentry"],"acf":[],"wps_subtitle":"","_links":{"self":[{"href":"https:\/\/www.ottawahospital.on.ca\/fr\/wp-json\/wp\/v2\/pages\/11812","targetHints":{"allow":["GET"]}}],"collection":[{"href":"https:\/\/www.ottawahospital.on.ca\/fr\/wp-json\/wp\/v2\/pages"}],"about":[{"href":"https:\/\/www.ottawahospital.on.ca\/fr\/wp-json\/wp\/v2\/types\/page"}],"author":[{"embeddable":true,"href":"https:\/\/www.ottawahospital.on.ca\/fr\/wp-json\/wp\/v2\/users\/25"}],"replies":[{"embeddable":true,"href":"https:\/\/www.ottawahospital.on.ca\/fr\/wp-json\/wp\/v2\/comments?post=11812"}],"version-history":[{"count":0,"href":"https:\/\/www.ottawahospital.on.ca\/fr\/wp-json\/wp\/v2\/pages\/11812\/revisions"}],"up":[{"embeddable":true,"href":"https:\/\/www.ottawahospital.on.ca\/fr\/wp-json\/wp\/v2\/pages\/7868"}],"wp:attachment":[{"href":"https:\/\/www.ottawahospital.on.ca\/fr\/wp-json\/wp\/v2\/media?parent=11812"}],"curies":[{"name":"wp","href":"https:\/\/api.w.org\/{rel}","templated":true}]}}