{"id":11803,"date":"2016-11-30T16:26:56","date_gmt":"2016-11-30T21:26:56","guid":{"rendered":"http:\/\/52.229.122.34\/fr\/?page_id=11803"},"modified":"2016-11-30T16:26:56","modified_gmt":"2016-11-30T21:26:56","slug":"services-non-assures","status":"publish","type":"page","link":"https:\/\/www.ottawahospital.on.ca\/fr\/services-cliniques\/deptpgrmcs\/programmes\/centre-de-soins-oculaires\/services-cliniques-et-diagnostiques\/services-non-assures\/","title":{"rendered":"Services non assur\u00e9s"},"content":{"rendered":"<p>Au Canada, les provinces r\u00e9gissent les soins de sant\u00e9 et d\u00e9terminent les services m\u00e9dicaux essentiels. Les r\u00e9gimes provinciaux d\u2019assurance-maladie, comme la RAMO en Ontario et la RAMQ au Qu\u00e9bec, ne paient que pour les services qu\u2019ils jugent m\u00e9dicalement n\u00e9cessaires.<\/p>\n<p>Les examens r\u00e9guliers des yeux pour les personnes de 19 \u00e0 64 ans ne sont PAS COUVERTS par l\u2019assurance, sauf si vous avez une cataracte, un glaucome, une r\u00e9tinopathie diab\u00e9tique, une d\u00e9g\u00e9n\u00e9rescence maculaire, du strabisme, une amblyopie ou si c\u2019est une urgence.<\/p>\n<p>La RAMO ou la RAMQ d\u00e9cide de couvrir les co\u00fbts reli\u00e9s aux nouveaux m\u00e9dicaments ou traitements seulement plusieurs ann\u00e9es apr\u00e8s que Sant\u00e9 Canada les a approuv\u00e9s. Elles les couvrent seulement s\u2019il y a assez de donn\u00e9es scientifiques pour prouver que les r\u00e9sultats en valent la peine.<\/p>\n<p>Plusieurs nouveaux traitements pour le glaucome, les cataractes et la d\u00e9g\u00e9n\u00e9rescence maculaire sont disponibles, mais ne sont pas couverts. Certains traitements sont couverts par votre assurance suppl\u00e9mentaire comme le RSSFP ou Manuvie. Par contre, si les traitements sont consid\u00e9r\u00e9s comme exp\u00e9rimentaux, ils peuvent ne pas \u00eatre rembours\u00e9s.<\/p>\n<p>Exemples de traitements non assur\u00e9s<br \/>\nLa tomographie du nerf optique pour le glaucome, la mesure au laser pour la chirurgie de la cataracte, les implants multifocaux pour la chirurgie de la cataracte, les implants bloqueurs de lumi\u00e8re bleue pour les patients ayant une cataracte avec d\u00e9g\u00e9n\u00e9rescence maculaire, les injections intravitr\u00e9ennes de nouveaux produits contre la d\u00e9g\u00e9n\u00e9rescence maculaire et certains traitements \u00e0 la Visudyne sont des nouveaux traitements NON ASSUR\u00c9S. Ils sont offerts \u00e0 L\u2019H\u00f4pital d\u2019Ottawa, mais vous devez les payer directement.<\/p>\n<p>Parlez avec votre sp\u00e9cialiste des meilleurs traitements dans votre cas. Il arrive que les patients inscrits \u00e0 une \u00e9tude de recherche n\u2019aient pas \u00e0 payer pour les traitements exp\u00e9rimentaux.<\/p>\n<ul>\n<li>En Ontario, les nouveaux implants repliables souples sont couverts, mais la RAMQ, au Qu\u00e9bec, ne couvre que les anciens implants rigides. L\u2019H\u00f4pital d\u2019Ottawa vous chargera 200 $ pour les implants repliables si vous n\u2019\u00eates pas assur\u00e9.<\/li>\n<li>La chirurgie esth\u00e9tique n\u2019est pas couverte \u00e0 moins qu\u2019elle soit autoris\u00e9e \u00e0 l\u2019avance par la RAMO.<\/li>\n<li>La chirurgie r\u00e9fractive pour ne plus porter de lunettes comme le laser \u00e0 excim\u00e8res PRK, LASEK, LASIK et la chirurgie du cristallin ne sont pas couvertes par la RAMO ou la RAMQ, sauf dans des circonstances exceptionnelles apr\u00e8s une chirurgie comme une transplantation de la corn\u00e9e.<\/li>\n<\/ul>\n<p>Certains m\u00e9decins ont adh\u00e9r\u00e9 au r\u00e9gime du Qu\u00e9bec, d\u2019autres non. Parfois, il est n\u00e9cessaire d\u2019avoir un formulaire ou une recommandation d\u2019un sursp\u00e9cialiste pour \u00eatre couvert. Souvent vous \u00eates enti\u00e8rement responsable des co\u00fbts.<\/p>\n<p>Un anesth\u00e9siologiste fait partie de l\u2019\u00e9quipe et assiste \u00e0 la plupart des chirurgies. Il se peut que l\u2019anesth\u00e9sie ne soit pas pay\u00e9e par votre assurance si votre chirurgie n\u2019est pas couverte ou si l\u2019anesth\u00e9siologiste n\u2019est pas inscrit \u00e0 la RAMQ. Il est aussi possible que vous deviez payer vote examen de pr\u00e9-\u00e9valuation si votre chirurgie n\u2019est pas assur\u00e9e. Demandez \u00e0 l\u2019\u00e9quipe de pr\u00e9-\u00e9valuation si vous \u00eates couvert.<\/p>\n","protected":false},"excerpt":{"rendered":"<p>Au Canada, les provinces r\u00e9gissent les soins de sant\u00e9 et d\u00e9terminent les services m\u00e9dicaux essentiels. Les r\u00e9gimes provinciaux d\u2019assurance-maladie, comme la RAMO en Ontario et la RAMQ au Qu\u00e9bec, ne paient que pour les services qu\u2019ils jugent m\u00e9dicalement n\u00e9cessaires. Les examens r\u00e9guliers des yeux pour les personnes de 19 \u00e0 64 ans ne sont PAS [&hellip;]<\/p>\n","protected":false},"author":25,"featured_media":0,"parent":11381,"menu_order":1,"comment_status":"closed","ping_status":"closed","template":"","meta":{"_acf_changed":false,"_mc_calendar":[],"footnotes":""},"class_list":["post-11803","page","type-page","status-publish","hentry"],"acf":[],"wps_subtitle":"","_links":{"self":[{"href":"https:\/\/www.ottawahospital.on.ca\/fr\/wp-json\/wp\/v2\/pages\/11803","targetHints":{"allow":["GET"]}}],"collection":[{"href":"https:\/\/www.ottawahospital.on.ca\/fr\/wp-json\/wp\/v2\/pages"}],"about":[{"href":"https:\/\/www.ottawahospital.on.ca\/fr\/wp-json\/wp\/v2\/types\/page"}],"author":[{"embeddable":true,"href":"https:\/\/www.ottawahospital.on.ca\/fr\/wp-json\/wp\/v2\/users\/25"}],"replies":[{"embeddable":true,"href":"https:\/\/www.ottawahospital.on.ca\/fr\/wp-json\/wp\/v2\/comments?post=11803"}],"version-history":[{"count":0,"href":"https:\/\/www.ottawahospital.on.ca\/fr\/wp-json\/wp\/v2\/pages\/11803\/revisions"}],"up":[{"embeddable":true,"href":"https:\/\/www.ottawahospital.on.ca\/fr\/wp-json\/wp\/v2\/pages\/11381"}],"wp:attachment":[{"href":"https:\/\/www.ottawahospital.on.ca\/fr\/wp-json\/wp\/v2\/media?parent=11803"}],"curies":[{"name":"wp","href":"https:\/\/api.w.org\/{rel}","templated":true}]}}