{"id":11794,"date":"2016-11-30T16:24:12","date_gmt":"2016-11-30T21:24:12","guid":{"rendered":"http:\/\/52.229.122.34\/fr\/?page_id=11794"},"modified":"2016-12-01T09:48:49","modified_gmt":"2016-12-01T14:48:49","slug":"emplacements","status":"publish","type":"page","link":"https:\/\/www.ottawahospital.on.ca\/fr\/services-cliniques\/deptpgrmcs\/departements\/pathologie-et-medecine-de-laboratoire\/emplacements\/","title":{"rendered":"Emplacements"},"content":{"rendered":"<p>Le D\u00e9partement de pathologie et de m\u00e9decine de laboratoire est \u00e9tabli sur les trois campus de L&rsquo;H\u00f4pital d&rsquo;Ottawa.<\/p>\n<h2>Campus Civic<\/h2>\n<p>1053, av. Carling<br \/>\nOttawa ON K1Y 4E9<br \/>\nT\u00e9l. : 613-798-5555, poste 14247<br \/>\nT\u00e9l\u00e9c. : 613-761-5361<br \/>\n<strong>Centres de pr\u00e9l\u00e8vement et de r\u00e9ception des \u00e9chantillons :<\/strong> Clinque Parkdale &#8211; rez-de-chauss\u00e9e<br \/>\n<strong>Laboratoire :<\/strong> \u00c9difice de la M\u00e9decine de laboratoire &#8211; rez-de-chauss\u00e9e<\/p>\n<h2>Campus G\u00e9n\u00e9ral<\/h2>\n<p>501, ch. Smyth<br \/>\nOttawa ON K1H 8L6<br \/>\nT\u00e9l. : 613-737-8899, poste 78300<br \/>\nT\u00e9l\u00e9c. : 613-737-8343<br \/>\n<strong>Centres de pr\u00e9l\u00e8vement et de r\u00e9ception des \u00e9chantillons :<\/strong> \u00c9difice principal &#8211; Module J10 &#8211; 2<sup>e<\/sup> \u00e9tage<br \/>\n<strong>Laboratoire :<\/strong> \u00c9difice principale &#8211; 3<sup>e<\/sup> \u00e9tage<\/p>\n<h2>Riverside Campus<\/h2>\n<p>1967, prom. Riverside<br \/>\nOttawa ON K1H 7W9<br \/>\nT\u00e9l. : 613-738-8400, poste 88214<br \/>\nT\u00e9l\u00e9c. : 613-738-8212<br \/>\n<strong>Centres de pr\u00e9l\u00e8vement et de r\u00e9ception des \u00e9chantillons :<\/strong> rez-de-chauss\u00e9e<br \/>\n<strong>Laboratoire :<\/strong> rez-de-chauss\u00e9e<\/p>\n","protected":false},"excerpt":{"rendered":"<p>Le D\u00e9partement de pathologie et de m\u00e9decine de laboratoire est \u00e9tabli sur les trois campus de L&rsquo;H\u00f4pital d&rsquo;Ottawa. Campus Civic 1053, av. Carling Ottawa ON K1Y 4E9 T\u00e9l. : 613-798-5555, poste 14247 T\u00e9l\u00e9c. : 613-761-5361 Centres de pr\u00e9l\u00e8vement et de r\u00e9ception des \u00e9chantillons : Clinque Parkdale &#8211; rez-de-chauss\u00e9e Laboratoire : \u00c9difice de la M\u00e9decine de [&hellip;]<\/p>\n","protected":false},"author":25,"featured_media":0,"parent":11770,"menu_order":4,"comment_status":"closed","ping_status":"closed","template":"","meta":{"_acf_changed":false,"_mc_calendar":[],"footnotes":""},"class_list":["post-11794","page","type-page","status-publish","hentry"],"acf":[],"wps_subtitle":"","_links":{"self":[{"href":"https:\/\/www.ottawahospital.on.ca\/fr\/wp-json\/wp\/v2\/pages\/11794","targetHints":{"allow":["GET"]}}],"collection":[{"href":"https:\/\/www.ottawahospital.on.ca\/fr\/wp-json\/wp\/v2\/pages"}],"about":[{"href":"https:\/\/www.ottawahospital.on.ca\/fr\/wp-json\/wp\/v2\/types\/page"}],"author":[{"embeddable":true,"href":"https:\/\/www.ottawahospital.on.ca\/fr\/wp-json\/wp\/v2\/users\/25"}],"replies":[{"embeddable":true,"href":"https:\/\/www.ottawahospital.on.ca\/fr\/wp-json\/wp\/v2\/comments?post=11794"}],"version-history":[{"count":0,"href":"https:\/\/www.ottawahospital.on.ca\/fr\/wp-json\/wp\/v2\/pages\/11794\/revisions"}],"up":[{"embeddable":true,"href":"https:\/\/www.ottawahospital.on.ca\/fr\/wp-json\/wp\/v2\/pages\/11770"}],"wp:attachment":[{"href":"https:\/\/www.ottawahospital.on.ca\/fr\/wp-json\/wp\/v2\/media?parent=11794"}],"curies":[{"name":"wp","href":"https:\/\/api.w.org\/{rel}","templated":true}]}}