{"id":11788,"date":"2016-11-30T16:22:19","date_gmt":"2016-11-30T21:22:19","guid":{"rendered":"http:\/\/52.229.122.34\/fr\/?page_id=11788"},"modified":"2017-01-03T12:59:25","modified_gmt":"2017-01-03T17:59:25","slug":"divisionsunites","status":"publish","type":"page","link":"https:\/\/www.ottawahospital.on.ca\/fr\/services-cliniques\/deptpgrmcs\/departements\/pathologie-et-medecine-de-laboratoire\/divisionsunites\/","title":{"rendered":"Divisions\/Unit\u00e9s"},"content":{"rendered":"<h2>Divisions<\/h2>\n<ul>\n<li><a href=\"\/fr\/services-cliniques\/deptpgrmcs\/departements\/anatomo-pathologie\/\">Anatomo-pathologie<\/a><\/li>\n<li>Biochimie<\/li>\n<li>H\u00e9matologie and Transfusion Medicine<\/li>\n<li><a href=\"\/fr\/services-cliniques\/deptpgrmcs\/departements\/microbiologie\/\">Microbiologie<\/a><\/li>\n<\/ul>\n<h2>Unit\u00e9s<\/h2>\n<ul>\n<li>Anatomo-pathologie<\/li>\n<li>Biochimie et Laboratoire polyvalent<\/li>\n<li>H\u00e9matologie<\/li>\n<li>Syst\u00e8me d&rsquo;information des laboratoires<\/li>\n<li>Microbiologie<\/li>\n<li>Phl\u00e9botomie, Services aux clients, Acheminement<\/li>\n<li>M\u00e9decine transfusionnelle<\/li>\n<\/ul>\n","protected":false},"excerpt":{"rendered":"<p>Divisions Anatomo-pathologie Biochimie H\u00e9matologie and Transfusion Medicine Microbiologie Unit\u00e9s Anatomo-pathologie Biochimie et Laboratoire polyvalent H\u00e9matologie Syst\u00e8me d&rsquo;information des laboratoires Microbiologie Phl\u00e9botomie, Services aux clients, Acheminement M\u00e9decine transfusionnelle<\/p>\n","protected":false},"author":25,"featured_media":0,"parent":11770,"menu_order":3,"comment_status":"closed","ping_status":"closed","template":"","meta":{"_acf_changed":false,"_mc_calendar":[],"footnotes":""},"class_list":["post-11788","page","type-page","status-publish","hentry"],"acf":[],"wps_subtitle":"","_links":{"self":[{"href":"https:\/\/www.ottawahospital.on.ca\/fr\/wp-json\/wp\/v2\/pages\/11788","targetHints":{"allow":["GET"]}}],"collection":[{"href":"https:\/\/www.ottawahospital.on.ca\/fr\/wp-json\/wp\/v2\/pages"}],"about":[{"href":"https:\/\/www.ottawahospital.on.ca\/fr\/wp-json\/wp\/v2\/types\/page"}],"author":[{"embeddable":true,"href":"https:\/\/www.ottawahospital.on.ca\/fr\/wp-json\/wp\/v2\/users\/25"}],"replies":[{"embeddable":true,"href":"https:\/\/www.ottawahospital.on.ca\/fr\/wp-json\/wp\/v2\/comments?post=11788"}],"version-history":[{"count":0,"href":"https:\/\/www.ottawahospital.on.ca\/fr\/wp-json\/wp\/v2\/pages\/11788\/revisions"}],"up":[{"embeddable":true,"href":"https:\/\/www.ottawahospital.on.ca\/fr\/wp-json\/wp\/v2\/pages\/11770"}],"wp:attachment":[{"href":"https:\/\/www.ottawahospital.on.ca\/fr\/wp-json\/wp\/v2\/media?parent=11788"}],"curies":[{"name":"wp","href":"https:\/\/api.w.org\/{rel}","templated":true}]}}