{"id":11781,"date":"2016-11-30T16:17:46","date_gmt":"2016-11-30T21:17:46","guid":{"rendered":"http:\/\/52.229.122.34\/fr\/?page_id=11781"},"modified":"2016-11-30T16:17:46","modified_gmt":"2016-11-30T21:17:46","slug":"qualite","status":"publish","type":"page","link":"https:\/\/www.ottawahospital.on.ca\/fr\/services-cliniques\/deptpgrmcs\/departements\/pathologie-et-medecine-de-laboratoire\/qualite\/","title":{"rendered":"Qualit\u00e9"},"content":{"rendered":"<p>Pour offrir des soins s\u00e9curitaires et de grande qualit\u00e9, nous devons avoir les bons renseignements en main. C&rsquo;est en obtenant des rapports de pathologie et de m\u00e9decine de laboratoire exacts et en temps opportun que les \u00e9quipes de soins peuvent prendre des d\u00e9cisions \u00e9clair\u00e9es sur le meilleur plan de traitement et ainsi offrir aux patients de meilleurs soins.<\/p>\n<p>\u00c0 L&rsquo;H\u00f4pital d&rsquo;Ottawa, le D\u00e9partement de pathologie et m\u00e9decine de laboratoire r\u00e9pond enti\u00e8rement aux normes d&rsquo;agr\u00e9ment des laboratoires de l&rsquo;Ontario. Il a mis en place un programme de gestion de la qualit\u00e9 structur\u00e9. Tous les secteurs d&rsquo;activit\u00e9s respectent les recommandations des grandes associations m\u00e9dicales et scientifiques canadiennes et nord-am\u00e9ricaines, y compris Action Cancer Ontario. Tous les secteurs participent \u00e9galement \u00e0 des programmes externes d&rsquo;\u00e9valuation de la qualit\u00e9.<\/p>\n<p>La Division d&rsquo;anatomo-pathologie dispose d&rsquo;un syst\u00e8me d\u00e9taill\u00e9 d&rsquo;am\u00e9lioration continue de la qualit\u00e9 (ACQ). Il permet d&rsquo;examiner chaque mois tous les aspects de l&rsquo;exercice de la pathologie et tous les types d&rsquo;\u00e9chantillons re\u00e7us, pas seulement les \u00e9chantillons visant \u00e0 d\u00e9pister un cancer.<\/p>\n<p>Pour ces derniers \u00e9chantillons, nous faisons une corr\u00e9lation entre l&rsquo;\u00e9tude r\u00e9alis\u00e9e pendant le traitement de l&rsquo;\u00e9chantillon (coupes congel\u00e9es) et les rapports finaux. Nous faisons aussi une corr\u00e9lation entre les \u00e9chantillons de cytologie et les \u00e9chantillons obtenus par chirurgie. Environ 15\u00a0% des cas sont examin\u00e9s par un deuxi\u00e8me pathologiste, y compris ceux examin\u00e9s pendant les visites cliniques et les discussions hebdomadaires sur les tumeurs. Nos pathologistes examinent \u00e9galement les \u00e9chantillons des patients canc\u00e9reux d&rsquo;abord op\u00e9r\u00e9s \u00e0 l&rsquo;ext\u00e9rieur de l&rsquo;H\u00f4pital. De plus, lorsque les cas sont examin\u00e9s par un service externe, nous faisons une corr\u00e9lation avec nos rapports internes. Ce syst\u00e8me d&rsquo;ACQ, en place depuis plus de 20\u00a0ans, a prouv\u00e9 son efficacit\u00e9 pour maintenir et am\u00e9liorer la qualit\u00e9.<\/p>\n","protected":false},"excerpt":{"rendered":"<p>Pour offrir des soins s\u00e9curitaires et de grande qualit\u00e9, nous devons avoir les bons renseignements en main. C&rsquo;est en obtenant des rapports de pathologie et de m\u00e9decine de laboratoire exacts et en temps opportun que les \u00e9quipes de soins peuvent prendre des d\u00e9cisions \u00e9clair\u00e9es sur le meilleur plan de traitement et ainsi offrir aux patients [&hellip;]<\/p>\n","protected":false},"author":25,"featured_media":0,"parent":11770,"menu_order":2,"comment_status":"closed","ping_status":"closed","template":"","meta":{"_acf_changed":false,"_mc_calendar":[],"footnotes":""},"class_list":["post-11781","page","type-page","status-publish","hentry"],"acf":[],"wps_subtitle":"","_links":{"self":[{"href":"https:\/\/www.ottawahospital.on.ca\/fr\/wp-json\/wp\/v2\/pages\/11781","targetHints":{"allow":["GET"]}}],"collection":[{"href":"https:\/\/www.ottawahospital.on.ca\/fr\/wp-json\/wp\/v2\/pages"}],"about":[{"href":"https:\/\/www.ottawahospital.on.ca\/fr\/wp-json\/wp\/v2\/types\/page"}],"author":[{"embeddable":true,"href":"https:\/\/www.ottawahospital.on.ca\/fr\/wp-json\/wp\/v2\/users\/25"}],"replies":[{"embeddable":true,"href":"https:\/\/www.ottawahospital.on.ca\/fr\/wp-json\/wp\/v2\/comments?post=11781"}],"version-history":[{"count":0,"href":"https:\/\/www.ottawahospital.on.ca\/fr\/wp-json\/wp\/v2\/pages\/11781\/revisions"}],"up":[{"embeddable":true,"href":"https:\/\/www.ottawahospital.on.ca\/fr\/wp-json\/wp\/v2\/pages\/11770"}],"wp:attachment":[{"href":"https:\/\/www.ottawahospital.on.ca\/fr\/wp-json\/wp\/v2\/media?parent=11781"}],"curies":[{"name":"wp","href":"https:\/\/api.w.org\/{rel}","templated":true}]}}