{"id":11776,"date":"2016-11-30T16:16:38","date_gmt":"2016-11-30T21:16:38","guid":{"rendered":"http:\/\/52.229.122.34\/fr\/?page_id=11776"},"modified":"2016-11-30T16:16:38","modified_gmt":"2016-11-30T21:16:38","slug":"visionmission","status":"publish","type":"page","link":"https:\/\/www.ottawahospital.on.ca\/fr\/services-cliniques\/deptpgrmcs\/departements\/pathologie-et-medecine-de-laboratoire\/visionmission\/","title":{"rendered":"Vision\/Mission"},"content":{"rendered":"<h2>Vision<\/h2>\n<p>Le D\u00e9partement de pathologie et de m\u00e9decine de laboratoire sera reconnu comme \u00e9tant un d\u00e9partement universitaire qui, par l&rsquo;excellence de ses services de m\u00e9decine de laboratoire, de son enseignement \u00e0 tous les niveaux et de ses activit\u00e9s de recherche, appuie et rehausse la mission et la vision de L&rsquo;H\u00f4pital d&rsquo;Ottawa.<\/p>\n<h2>Mission<\/h2>\n<ul>\n<li>Prodiguer d&rsquo;excellents services de m\u00e9decine de laboratoire de niveau tertiaire aux patients de L&rsquo;H\u00f4pital d&rsquo;Ottawa, aux \u00e9tablissements affili\u00e9s et aux r\u00e9sidents de l&rsquo;Est de l&rsquo;Ontario et de l&rsquo;Ouest du Qu\u00e9bec, de fa\u00e7on rapide et professionnelle.<\/li>\n<\/ul>\n<ul>\n<li>Prodiguer un excellent enseignement \u00e0 une gamme vari\u00e9e de professionnels de la sant\u00e9 et de travailleurs des services param\u00e9dicaux, en collaboration avec l&rsquo;Universit\u00e9 d&rsquo;Ottawa et d&rsquo;autres \u00e9tablissements d&rsquo;enseignement et gouvernementaux affili\u00e9s.<\/li>\n<\/ul>\n<ul>\n<li>Offrir des installations et un climat propices \u00e0 la recherche, en collaboration avec L&rsquo;H\u00f4pital d&rsquo;Ottawa, l&rsquo;Institut de recherche de l&rsquo;H\u00f4pital d&rsquo;Ottawa, l&rsquo;Universit\u00e9 d&rsquo;Ottawa et d&rsquo;autres \u00e9tablissements affili\u00e9s.<\/li>\n<\/ul>\n<ul>\n<li>\u00c9tablir une atmosph\u00e8re de respect \u00e0 l&rsquo;\u00e9gard de nos employ\u00e9s, tout en encourageant le d\u00e9veloppement, la formation et le perfectionnement individuels.<\/li>\n<\/ul>\n<ul>\n<li>Promouvoir la sant\u00e9, ainsi que le traitement et la pr\u00e9vention de la maladie, dans les diverses populations que nous desservons.<\/li>\n<\/ul>\n","protected":false},"excerpt":{"rendered":"<p>Vision Le D\u00e9partement de pathologie et de m\u00e9decine de laboratoire sera reconnu comme \u00e9tant un d\u00e9partement universitaire qui, par l&rsquo;excellence de ses services de m\u00e9decine de laboratoire, de son enseignement \u00e0 tous les niveaux et de ses activit\u00e9s de recherche, appuie et rehausse la mission et la vision de L&rsquo;H\u00f4pital d&rsquo;Ottawa. Mission Prodiguer d&rsquo;excellents services [&hellip;]<\/p>\n","protected":false},"author":25,"featured_media":0,"parent":11770,"menu_order":1,"comment_status":"closed","ping_status":"closed","template":"","meta":{"_acf_changed":false,"_mc_calendar":[],"footnotes":""},"class_list":["post-11776","page","type-page","status-publish","hentry"],"acf":[],"wps_subtitle":"","_links":{"self":[{"href":"https:\/\/www.ottawahospital.on.ca\/fr\/wp-json\/wp\/v2\/pages\/11776","targetHints":{"allow":["GET"]}}],"collection":[{"href":"https:\/\/www.ottawahospital.on.ca\/fr\/wp-json\/wp\/v2\/pages"}],"about":[{"href":"https:\/\/www.ottawahospital.on.ca\/fr\/wp-json\/wp\/v2\/types\/page"}],"author":[{"embeddable":true,"href":"https:\/\/www.ottawahospital.on.ca\/fr\/wp-json\/wp\/v2\/users\/25"}],"replies":[{"embeddable":true,"href":"https:\/\/www.ottawahospital.on.ca\/fr\/wp-json\/wp\/v2\/comments?post=11776"}],"version-history":[{"count":0,"href":"https:\/\/www.ottawahospital.on.ca\/fr\/wp-json\/wp\/v2\/pages\/11776\/revisions"}],"up":[{"embeddable":true,"href":"https:\/\/www.ottawahospital.on.ca\/fr\/wp-json\/wp\/v2\/pages\/11770"}],"wp:attachment":[{"href":"https:\/\/www.ottawahospital.on.ca\/fr\/wp-json\/wp\/v2\/media?parent=11776"}],"curies":[{"name":"wp","href":"https:\/\/api.w.org\/{rel}","templated":true}]}}