{"id":11770,"date":"2016-11-30T16:14:33","date_gmt":"2016-11-30T21:14:33","guid":{"rendered":"http:\/\/52.229.122.34\/fr\/?page_id=11770"},"modified":"2016-12-09T12:23:13","modified_gmt":"2016-12-09T17:23:13","slug":"pathologie-et-medecine-de-laboratoire","status":"publish","type":"page","link":"https:\/\/www.ottawahospital.on.ca\/fr\/services-cliniques\/deptpgrmcs\/departements\/pathologie-et-medecine-de-laboratoire\/","title":{"rendered":"Pathologie et m\u00e9decine de laboratoire"},"content":{"rendered":"<p>Tout le personnel du D\u00e9partement de pathologie et de m\u00e9decine de laboratoire vous souhaite la bienvenue.<\/p>\n<p>Nos services de laboratoire sont r\u00e9partis sur les trois campus de l&rsquo;h\u00f4pital et offrent tous un soutien \u00e0 l&rsquo;Institut de cardiologie, au Centre de r\u00e9adaptation et au Centre de canc\u00e9rologie de L&rsquo;HO. Les divisions \u2014 Anatomo-pathologie, Biochimie, H\u00e9matologie et M\u00e9decine transfusionnelle, et Microbiologie \u2014 ex\u00e9cutent, de fa\u00e7on consciencieuse, rapide et efficace, une grande vari\u00e9t\u00e9 d&rsquo;examens de routine et d&rsquo;examens sp\u00e9cialis\u00e9s.<\/p>\n<p>Comme le d\u00e9partement est affili\u00e9 \u00e0 l&rsquo;Universit\u00e9 d&rsquo;Ottawa, la formation et la recherche sont des aspects importants de notre mission. La formation est prodigu\u00e9e conform\u00e9ment \u00e0 quatre programmes approuv\u00e9s par le Coll\u00e8ge royal des m\u00e9decins et chirurgiens du Canada (anatomo-pathologie et pathologie g\u00e9n\u00e9rale, h\u00e9matopathologie et microbiologie). Les r\u00e9sidents de divers autres programmes, les \u00e9tudiants en m\u00e9decine, les \u00e9tudiants en technologie de laboratoire et les technologistes en cytologie visitent aussi notre d\u00e9partement.<\/p>\n<p>Nos m\u00e9decins, nos scientifiques et tout notre personnel apportent leur concours \u00e0 de nombreux essais cliniques et font de la recherche clinique dans divers domaines de la m\u00e9decine de laboratoire. En tant que membre de l&rsquo; Association des laboratoires r\u00e9gionaux de l&rsquo;Est de l&rsquo;Ontario, nous visons \u00e0 \u00e9tendre notre r\u00f4le d&rsquo;\u00e9tablissement de soins tertiaires dans la r\u00e9gion en participant activement au d\u00e9veloppement du Laboratoire r\u00e9gional de l&rsquo;Est de l&rsquo;Ontario, tout en poursuivant et en \u00e9tendant nos services cliniques et nos activit\u00e9s de formation.<\/p>\n","protected":false},"excerpt":{"rendered":"<p>Tout le personnel du D\u00e9partement de pathologie et de m\u00e9decine de laboratoire vous souhaite la bienvenue. Nos services de laboratoire sont r\u00e9partis sur les trois campus de l&rsquo;h\u00f4pital et offrent tous un soutien \u00e0 l&rsquo;Institut de cardiologie, au Centre de r\u00e9adaptation et au Centre de canc\u00e9rologie de L&rsquo;HO. Les divisions \u2014 Anatomo-pathologie, Biochimie, H\u00e9matologie et [&hellip;]<\/p>\n","protected":false},"author":25,"featured_media":0,"parent":7868,"menu_order":19,"comment_status":"closed","ping_status":"closed","template":"","meta":{"_acf_changed":false,"_mc_calendar":[],"footnotes":""},"class_list":["post-11770","page","type-page","status-publish","hentry"],"acf":[],"wps_subtitle":"","_links":{"self":[{"href":"https:\/\/www.ottawahospital.on.ca\/fr\/wp-json\/wp\/v2\/pages\/11770","targetHints":{"allow":["GET"]}}],"collection":[{"href":"https:\/\/www.ottawahospital.on.ca\/fr\/wp-json\/wp\/v2\/pages"}],"about":[{"href":"https:\/\/www.ottawahospital.on.ca\/fr\/wp-json\/wp\/v2\/types\/page"}],"author":[{"embeddable":true,"href":"https:\/\/www.ottawahospital.on.ca\/fr\/wp-json\/wp\/v2\/users\/25"}],"replies":[{"embeddable":true,"href":"https:\/\/www.ottawahospital.on.ca\/fr\/wp-json\/wp\/v2\/comments?post=11770"}],"version-history":[{"count":0,"href":"https:\/\/www.ottawahospital.on.ca\/fr\/wp-json\/wp\/v2\/pages\/11770\/revisions"}],"up":[{"embeddable":true,"href":"https:\/\/www.ottawahospital.on.ca\/fr\/wp-json\/wp\/v2\/pages\/7868"}],"wp:attachment":[{"href":"https:\/\/www.ottawahospital.on.ca\/fr\/wp-json\/wp\/v2\/media?parent=11770"}],"curies":[{"name":"wp","href":"https:\/\/api.w.org\/{rel}","templated":true}]}}