{"id":117687,"date":"2025-04-07T11:45:59","date_gmt":"2025-04-07T15:45:59","guid":{"rendered":"https:\/\/www.ottawahospital.on.ca\/?page_id=117687"},"modified":"2025-04-07T11:46:42","modified_gmt":"2025-04-07T15:46:42","slug":"service-de-consultation-rapide-de-la-clinique-de-medecine-interne-generale","status":"publish","type":"page","link":"https:\/\/www.ottawahospital.on.ca\/fr\/services-cliniques\/deptpgrmcs\/cliniques-et-services\/service-de-consultation-rapide-de-la-clinique-de-medecine-interne-generale\/","title":{"rendered":"Service de consultation rapide de la Clinique de m\u00e9decine interne g\u00e9n\u00e9rale"},"content":{"rendered":"\n<h2 class=\"wp-block-heading\">Renseignements sur la COVID-19\u00a0<\/h2>\n\n\n\n<p>En r\u00e9ponse \u00e0 la pand\u00e9mie de COVID-19, la Clinique fonctionnera \u00e0 capacit\u00e9 r\u00e9duite au moins du 30 mars au 1<sup>er<\/sup> mai et offrira seulement trois cliniques par semaine, en apr\u00e8s-midi, du mardi au jeudi.&nbsp;&nbsp;<\/p>\n\n\n\n<p>La Clinique accordera la priorit\u00e9 aux consultations ou visites de suivi qui exigent une intervention urgente (consultation dans les 14 jours apr\u00e8s \u00e9valuation).&nbsp;Conform\u00e9ment aux exigences de Sant\u00e9 publique Ottawa et pour limiter les visites non essentielles en clinique et \u00e0 l\u2019h\u00f4pital, les consultations de la majorit\u00e9 des patients se feront par t\u00e9l\u00e9phone ou par vid\u00e9o, s\u2019il y a lieu.<\/p>\n\n\n\n<p>La Clinique encourage le m\u00e9decin traitant qui a des patients dont les consultations ou les visites de suivi ont \u00e9t\u00e9 report\u00e9es en raison de la pand\u00e9mie de COVID-19 \u00e0 soumettre leurs demandes de consultation par l\u2019entremise du syst\u00e8me de <a href=\"https:\/\/econsultontario.ca\/\" target=\"_blank\" rel=\"noreferrer noopener\">consultation \u00e9lectronique<\/a>, s\u2019il a besoin de conseils additionnels. &nbsp;&nbsp;<\/p>\n\n\n\n<p>De nouveaux renseignements seront publi\u00e9s sur cette page \u00e0 mesure que nous obtiendrons des pr\u00e9cisions sur la dur\u00e9e de la pand\u00e9mie de COVID-19 et les demandes aupr\u00e8s de la Division de m\u00e9decine interne g\u00e9n\u00e9rale de L\u2019H\u00f4pital d\u2019Ottawa.&nbsp;Derni\u00e8re mise \u00e0 jour&nbsp;:&nbsp;le 26 mars 2020.&nbsp;<\/p>\n\n\n\n<h2 class=\"wp-block-heading\">\u00c0 propos du Service de consultation rapide<\/h2>\n\n\n\n<p>Le Service de consultation rapide est une clinique collective des r\u00e9sidents en m\u00e9decine interne g\u00e9n\u00e9rale et des m\u00e9decins traitants de la Division de m\u00e9decine interne g\u00e9n\u00e9rale situ\u00e9e au Campus Riverside de L\u2019H\u00f4pital d\u2019Ottawa.<\/p>\n\n\n\n<p>Il a \u00e9t\u00e9 cr\u00e9\u00e9 en 2010 pour offrir des visites de suivi rapides aux patients apr\u00e8s une hospitalisation en m\u00e9decine interne g\u00e9n\u00e9rale \u00e0 L\u2019H\u00f4pital d\u2019Ottawa ou une consultation en m\u00e9decine interne g\u00e9n\u00e9rale \u00e0 l\u2019Urgence. La mission du service est d\u2019am\u00e9liorer le cheminement des patients \u00e0 L\u2019H\u00f4pital d\u2019Ottawa et d\u2019offrir un suivi rapide aux patients de l\u2019H\u00f4pital pour r\u00e9duire au minimum la dur\u00e9e des hospitalisations et r\u00e9duire les risques de r\u00e9admission. Le service est \u00e9galement devenu une composante de la formation longitudinale des r\u00e9sidents de 4<sup>e<\/sup> et 5<sup>e<\/sup> ann\u00e9e en m\u00e9decine interne g\u00e9n\u00e9rale. &nbsp;&nbsp;<\/p>\n\n\n\n<p>Depuis sa cr\u00e9ation et l\u2019int\u00e9gration de la clinique des r\u00e9sidents en m\u00e9decine interne g\u00e9n\u00e9rale, le Service de consultation rapide offre un grand nombre de consultations en m\u00e9decine interne g\u00e9n\u00e9rale aux patients des fournisseurs de soins primaires de la r\u00e9gion d\u2019Ottawa. En raison de l\u2019acc\u00e8s limit\u00e9 \u00e0 la m\u00e9decine interne communautaire \u00e0 Ottawa, le Service de consultation rapide entend continuer d\u2019offrir ce service dans la mesure de ses capacit\u00e9s. &nbsp;&nbsp;<\/p>\n\n\n\n<h2 class=\"wp-block-heading\">Port\u00e9e du Service de consultation rapide\u00a0<\/h2>\n\n\n\n<ul class=\"wp-block-list\">\n<li>Le Service accorde la priorit\u00e9 aux patients mis en cong\u00e9 apr\u00e8s une hospitalisation en m\u00e9decine interne g\u00e9n\u00e9rale \u00e0 L\u2019H\u00f4pital d\u2019Ottawa.\u00a0<\/li>\n\n\n\n<li>Le Service accorde la priorit\u00e9 aux patients qui ont les besoins urgents suivants en m\u00e9decine interne g\u00e9n\u00e9rale\u00a0:\u00a0<\/li>\n\n\n\n<li>bilan des pathologies non diff\u00e9renci\u00e9es<\/li>\n\n\n\n<li>gestion de probl\u00e8mes de sant\u00e9 touchant plusieurs syst\u00e8mes\u00a0<\/li>\n\n\n\n<li>Le Service ne prend pas en charge des demandes de consultation suivantes\u00a0:\u00a0<\/li>\n\n\n\n<li>soins primaires courants\u00a0<\/li>\n\n\n\n<li>suivi \u00e0 long terme de troubles li\u00e9s \u00e0 la m\u00e9decine interne g\u00e9n\u00e9rale (p. ex. maladie coronarienne, diab\u00e8te sucr\u00e9 de type\u00a0II, maladie pulmonaire obstructive chronique)\u00a0<\/li>\n\n\n\n<li>troubles diff\u00e9renci\u00e9s touchant un seul syst\u00e8me li\u00e9s \u00e0 la m\u00e9decine interne g\u00e9n\u00e9rale (p. ex. pouss\u00e9e de polyarthrite rhumato\u00efde, gestion d\u2019une maladie inflammatoire ou optimisation d\u2019une insuffisance cardiaque congestive).\u00a0<\/li>\n\n\n\n<li>En raison de la demande actuelle, le Service refusera les demandes de consultation pour des troubles dont la gravit\u00e9 n\u2019exige pas une \u00e9valuation dans les 90 jours.\u00a0\u00a0<\/li>\n<\/ul>\n\n\n\n<h2 class=\"wp-block-heading\">Renseignements pour le m\u00e9decin traitant\u00a0<\/h2>\n\n\n\n<ul class=\"wp-block-list\">\n<li>Le Service exige la soumission d\u2019une demande de consultation.\u00a0<\/li>\n\n\n\n<li>Vous devez soumettre vos demandes par l\u2019entremise d\u2019EPIC ou d\u2019EPIC care link dans la collectivit\u00e9.\u00a0\u00a0<\/li>\n\n\n\n<li>Nous continuerons d\u2019accepter pour l\u2019instant les envois par t\u00e9l\u00e9copieur. Veuillez inclure tout renseignement sur les ant\u00e9c\u00e9dents m\u00e9dicaux du patient, les investigations et les notes de consultations.\u00a0<\/li>\n\n\n\n<li>Vous trouverez l\u2019horaire du Service durant la pand\u00e9mie de COVID-19 plus haut.\u00a0<\/li>\n\n\n\n<li>Le Service fournira ses recommandations de consultation au m\u00e9decin traitant ou au fournisseur de soins primaires.\u00a0<\/li>\n\n\n\n<li>Le Service ne prend pas en charge la gestion des maladies chroniques et offre seulement quelques consultations \u00e0 la plupart des patients en attente d\u2019un plan de gestion ou d\u2019un diagnostic pr\u00e9cis.\u00a0<\/li>\n<\/ul>\n\n\n\n<h2 class=\"wp-block-heading\">Renseignements pour le patient\u00a0<\/h2>\n\n\n\n<ul class=\"wp-block-list\">\n<li>Le Service n\u2019accepte pas les demandes de consultation ou de suivi des patients par t\u00e9l\u00e9phone, m\u00eame si l\u2019un de nos m\u00e9decins vous a vu pendant votre hospitalisation \u00e0 L\u2019H\u00f4pital d\u2019Ottawa. Vous devez d\u2019abord \u00eatre \u00e9valu\u00e9 par votre fournisseur de soins primaires (m\u00e9decin de famille) qui soumettra une demande de consultation au besoin.\u00a0<\/li>\n\n\n\n<li>Le Service n\u2019offre pas de consultation sans rendez-vous.\u00a0<\/li>\n\n\n\n<li>Le Service est une clinique collective. Le m\u00e9decin ou le r\u00e9sident de service peut changer d\u2019une visite \u00e0 l\u2019autre. Les patients b\u00e9n\u00e9ficient d\u2019une consultation unique ou de quelques consultations.<\/li>\n\n\n\n<li>Les patients recevront un rappel automatis\u00e9 avant leur visite.\u00a0<\/li>\n<\/ul>\n\n\n\n<h2 class=\"wp-block-heading\">Coordonn\u00e9es\u00a0<\/h2>\n\n\n\n<ul class=\"wp-block-list\">\n<li>T\u00e9l\u00e9phone\u00a0: 613-798-5555, poste\u00a081557\u00a0<\/li>\n\n\n\n<li>T\u00e9l\u00e9copieur\u00a0: 613-738-8373\u00a0<\/li>\n\n\n\n<li>Adresse\u00a0: Clinique de m\u00e9decine interne g\u00e9n\u00e9rale, 6<sup>e<\/sup>\u00a0\u00e9tage, 1967, promenade Riverside, Ottawa, ON K1H 7W9<\/li>\n<\/ul>\n","protected":false},"excerpt":{"rendered":"<p>Renseignements sur la COVID-19\u00a0 En r\u00e9ponse \u00e0 la pand\u00e9mie de COVID-19, la Clinique fonctionnera \u00e0 capacit\u00e9 r\u00e9duite au moins du 30 mars au 1er mai et offrira seulement trois cliniques par semaine, en apr\u00e8s-midi, du mardi au jeudi.&nbsp;&nbsp; La Clinique accordera la priorit\u00e9 aux consultations ou visites de suivi qui exigent une intervention urgente (consultation [&hellip;]<\/p>\n","protected":false},"author":25,"featured_media":0,"parent":7872,"menu_order":0,"comment_status":"closed","ping_status":"closed","template":"","meta":{"_acf_changed":false,"_mc_calendar":[],"footnotes":""},"class_list":["post-117687","page","type-page","status-publish","hentry"],"acf":[],"wps_subtitle":"","_links":{"self":[{"href":"https:\/\/www.ottawahospital.on.ca\/fr\/wp-json\/wp\/v2\/pages\/117687","targetHints":{"allow":["GET"]}}],"collection":[{"href":"https:\/\/www.ottawahospital.on.ca\/fr\/wp-json\/wp\/v2\/pages"}],"about":[{"href":"https:\/\/www.ottawahospital.on.ca\/fr\/wp-json\/wp\/v2\/types\/page"}],"author":[{"embeddable":true,"href":"https:\/\/www.ottawahospital.on.ca\/fr\/wp-json\/wp\/v2\/users\/25"}],"replies":[{"embeddable":true,"href":"https:\/\/www.ottawahospital.on.ca\/fr\/wp-json\/wp\/v2\/comments?post=117687"}],"version-history":[{"count":0,"href":"https:\/\/www.ottawahospital.on.ca\/fr\/wp-json\/wp\/v2\/pages\/117687\/revisions"}],"up":[{"embeddable":true,"href":"https:\/\/www.ottawahospital.on.ca\/fr\/wp-json\/wp\/v2\/pages\/7872"}],"wp:attachment":[{"href":"https:\/\/www.ottawahospital.on.ca\/fr\/wp-json\/wp\/v2\/media?parent=117687"}],"curies":[{"name":"wp","href":"https:\/\/api.w.org\/{rel}","templated":true}]}}