{"id":11764,"date":"2016-11-30T16:13:08","date_gmt":"2016-11-30T21:13:08","guid":{"rendered":"http:\/\/52.229.122.34\/fr\/?page_id=11764"},"modified":"2025-05-15T10:14:05","modified_gmt":"2025-05-15T14:14:05","slug":"equipe-de-sante-familiale","status":"publish","type":"page","link":"https:\/\/www.ottawahospital.on.ca\/fr\/services-cliniques\/deptpgrmcs\/programmes\/equipe-de-sante-familiale\/","title":{"rendered":"\u00c9quipe de sant\u00e9 familiale"},"content":{"rendered":"<div class=\"emer-alert-inner supernora\" style=\"margin-top: 0; margin-bottom: 5%;\">\n<p class=\"emer-alert-text\"><i class=\"fa fa-exclamation-circle fa-lg\"><\/i> Veuillez noter que nous n&rsquo;acceptons pas de nouveaux patients pour le moment.<\/p>\n<\/div>\n<p><img decoding=\"async\" class=\"aligncenter size-full wp-image-11724 img-responsive\" src=\"https:\/\/www.ottawahospital.on.ca\/wp-content\/uploads\/2025\/05\/Family-Heakth-Team-2.jpg\" alt=\"bonnieandmatthew-civic\" width=\"768\" height=\"330\" \/><\/p>\n<div class=\"emer-alert-inner supernora\" style=\"margin-top: 0; margin-bottom: 5%;\">\n<p class=\"emer-alert-text\"><i class=\"fa fa-exclamation-circle fa-lg\"><\/i> Les services d\u2019urgence sont r\u00e9serv\u00e9s pour les patients inscrits \u00e0 notre clinique de sant\u00e9 familiale.<\/p>\n<\/div>\n<div class=\"card\">\n<h2 class=\"card-header h2-mock\">Nos Emplacements<\/h2>\n<div class=\"card-body\">\n<p><strong>Campus Civic<\/strong><\/p>\n<p>Pavillon Maurice Grimes<br \/>Rez-de-chauss\u00e9e<br \/>210 avenue Melrose<br \/>Ottawa (Ontario) K1Y 4K7<br \/>T\u00e9l\u00e9phone : (613)761-43344<\/p>\n<hr \/>\n<p><strong>Campus Riverside<\/strong><\/p>\n<p>Rez-de-chauss\u00e9e<br \/>1967, promenade Riverside<br \/>Ottawa (Ontario) K1Y 4K7<br \/>T\u00e9l\u00e9phone : (613)738-8219<\/p>\n<\/div>\n<\/div>\n\n\n<p><a href=\"https:\/\/can01.safelinks.protection.outlook.com\/?url=https%3A%2F%2Fwww.tohfamilyhealthteam.ca%2F&amp;data=05%7C02%7Cwebofficer%40toh.ca%7C31aa7c025879435b9baa08dd81a8273b%7C859b41b6130f4d13a6931ffec4e7cb5a%7C0%7C0%7C638809281379348991%7CUnknown%7CTWFpbGZsb3d8eyJFbXB0eU1hcGkiOnRydWUsIlYiOiIwLjAuMDAwMCIsIlAiOiJXaW4zMiIsIkFOIjoiTWFpbCIsIldUIjoyfQ%3D%3D%7C0%7C%7C%7C&amp;sdata=rH%2FECKirdbrMuG4CXB%2Ft0ewQZhjqD%2BUPFf%2B5lGQkGV8%3D&amp;reserved=0\"><a href=\"https:\/\/www.tohfamilyhealthteam.ca\/fr\">Home | The Ottawa Hospital Family Health Team<\/a><\/a><\/p>\n\n\n\n<p><\/p>\n","protected":false},"excerpt":{"rendered":"<p>Veuillez noter que nous n&rsquo;acceptons pas de nouveaux patients pour le moment. Les services d\u2019urgence sont r\u00e9serv\u00e9s pour les patients inscrits \u00e0 notre clinique de sant\u00e9 familiale. Nos Emplacements Campus Civic Pavillon Maurice GrimesRez-de-chauss\u00e9e210 avenue MelroseOttawa (Ontario) K1Y 4K7T\u00e9l\u00e9phone : (613)761-43344 Campus Riverside Rez-de-chauss\u00e9e1967, promenade RiversideOttawa (Ontario) K1Y 4K7T\u00e9l\u00e9phone : (613)738-8219 Home | The Ottawa [&hellip;]<\/p>\n","protected":false},"author":25,"featured_media":0,"parent":7866,"menu_order":11,"comment_status":"closed","ping_status":"closed","template":"","meta":{"_acf_changed":false,"_mc_calendar":[],"footnotes":""},"class_list":["post-11764","page","type-page","status-publish","hentry"],"acf":[],"wps_subtitle":"","_links":{"self":[{"href":"https:\/\/www.ottawahospital.on.ca\/fr\/wp-json\/wp\/v2\/pages\/11764","targetHints":{"allow":["GET"]}}],"collection":[{"href":"https:\/\/www.ottawahospital.on.ca\/fr\/wp-json\/wp\/v2\/pages"}],"about":[{"href":"https:\/\/www.ottawahospital.on.ca\/fr\/wp-json\/wp\/v2\/types\/page"}],"author":[{"embeddable":true,"href":"https:\/\/www.ottawahospital.on.ca\/fr\/wp-json\/wp\/v2\/users\/25"}],"replies":[{"embeddable":true,"href":"https:\/\/www.ottawahospital.on.ca\/fr\/wp-json\/wp\/v2\/comments?post=11764"}],"version-history":[{"count":0,"href":"https:\/\/www.ottawahospital.on.ca\/fr\/wp-json\/wp\/v2\/pages\/11764\/revisions"}],"up":[{"embeddable":true,"href":"https:\/\/www.ottawahospital.on.ca\/fr\/wp-json\/wp\/v2\/pages\/7866"}],"wp:attachment":[{"href":"https:\/\/www.ottawahospital.on.ca\/fr\/wp-json\/wp\/v2\/media?parent=11764"}],"curies":[{"name":"wp","href":"https:\/\/api.w.org\/{rel}","templated":true}]}}