{"id":11693,"date":"2016-11-30T15:26:29","date_gmt":"2016-11-30T20:26:29","guid":{"rendered":"http:\/\/52.229.122.34\/fr\/?page_id=11693"},"modified":"2016-12-12T11:59:56","modified_gmt":"2016-12-12T16:59:56","slug":"votre-rendez-vous","status":"publish","type":"page","link":"https:\/\/www.ottawahospital.on.ca\/fr\/services-cliniques\/deptpgrmcs\/programmes\/institut-de-loeil\/votre-rendez-vous\/","title":{"rendered":"Votre rendez-vous"},"content":{"rendered":"<h2>Pour prendre un rendez-vous<\/h2>\n<ul>\n<li>Les nouveaux patients ont besoin d\u2019une recommandation de leur m\u00e9decin ou de leur optom\u00e9triste pour voir un de nos <a href=\"\/fr\/services-cliniques\/deptpgrmcs\/programmes\/institut-de-loeil\/notre-equipe\/\">ophtalmologistes<\/a>.<\/li>\n<li>Les demandes de consultation doivent \u00eatre envoy\u00e9es par t\u00e9l\u00e9copieur au 613-739-6291.<\/li>\n<li>Vous devez avoir pris rendez-vous avant de vous pr\u00e9senter au centre.<\/li>\n<li>Pour prendre un rendez-vous, appelez le 613-737-8575.<\/li>\n<\/ul>\n<h2>\u00c0 votre rendez-vous<\/h2>\n<ul>\n<li>Enlevez les verres de contact rigides 48 heures avant de vous pr\u00e9senter \u00e0 votre rendez-vous,\u00a0et les verres de contact souples, 24 heures avant.<\/li>\n<li>Apportez votre carte d\u2019assurance-sant\u00e9 provinciale et votre carte verte de L\u2019H\u00f4pital d\u2019Ottawa.<\/li>\n<li>Apportez vos lunettes et verres de contact, ainsi que l\u2019\u00e9tui.<\/li>\n<li>Apportez votre liste de m\u00e9dicaments et vos gouttes.<\/li>\n<li>Utilisez le stationnement de l\u2019Aire des soins critiques, qui est le plus proche de l\u2019Institut de l\u2019\u0153il<\/li>\n<\/ul>\n<h2>Heures d\u2019ouverture<\/h2>\n<ul>\n<li><strong>Services cliniques et diagnostiques <\/strong>: Lundi au vendredi, de 8 h \u00e0 16 h.<\/li>\n<li><strong>Chirurgie d\u2019un jour <\/strong>: Lundi au vendredi, 7 h 30 \u00e0 17 h<\/li>\n<\/ul>\n<h2>Adresse<\/h2>\n<p>Institut de l\u2019\u0153il de l\u2019Universit\u00e9 d\u2019Ottawa<br \/>\nL\u2019H\u00f4pital d\u2019Ottawa \u2013 Campus G\u00e9n\u00e9ral<br \/>\nAile des soins critiques, 3<sup>e<\/sup> \u00e9tage<br \/>\n501, chemin Smyth<br \/>\nOttawa ON K1H 8L6 (Canada)<\/p>\n<p><a href=\"\/fr\/patients-et-visiteurs\/directions-et-plans-des-campus\/comment-se-rendre\/\" target=\"_blank\">Directions<\/a><br \/>\nT\u00e9l. : 613-737-8575 (r\u00e9ception principale)<\/p>\n","protected":false},"excerpt":{"rendered":"<p>Pour prendre un rendez-vous Les nouveaux patients ont besoin d\u2019une recommandation de leur m\u00e9decin ou de leur optom\u00e9triste pour voir un de nos ophtalmologistes. Les demandes de consultation doivent \u00eatre envoy\u00e9es par t\u00e9l\u00e9copieur au 613-739-6291. Vous devez avoir pris rendez-vous avant de vous pr\u00e9senter au centre. Pour prendre un rendez-vous, appelez le 613-737-8575. \u00c0 votre [&hellip;]<\/p>\n","protected":false},"author":25,"featured_media":0,"parent":11416,"menu_order":13,"comment_status":"closed","ping_status":"closed","template":"","meta":{"_acf_changed":false,"_mc_calendar":[],"footnotes":""},"class_list":["post-11693","page","type-page","status-publish","hentry"],"acf":[],"wps_subtitle":"","_links":{"self":[{"href":"https:\/\/www.ottawahospital.on.ca\/fr\/wp-json\/wp\/v2\/pages\/11693","targetHints":{"allow":["GET"]}}],"collection":[{"href":"https:\/\/www.ottawahospital.on.ca\/fr\/wp-json\/wp\/v2\/pages"}],"about":[{"href":"https:\/\/www.ottawahospital.on.ca\/fr\/wp-json\/wp\/v2\/types\/page"}],"author":[{"embeddable":true,"href":"https:\/\/www.ottawahospital.on.ca\/fr\/wp-json\/wp\/v2\/users\/25"}],"replies":[{"embeddable":true,"href":"https:\/\/www.ottawahospital.on.ca\/fr\/wp-json\/wp\/v2\/comments?post=11693"}],"version-history":[{"count":0,"href":"https:\/\/www.ottawahospital.on.ca\/fr\/wp-json\/wp\/v2\/pages\/11693\/revisions"}],"up":[{"embeddable":true,"href":"https:\/\/www.ottawahospital.on.ca\/fr\/wp-json\/wp\/v2\/pages\/11416"}],"wp:attachment":[{"href":"https:\/\/www.ottawahospital.on.ca\/fr\/wp-json\/wp\/v2\/media?parent=11693"}],"curies":[{"name":"wp","href":"https:\/\/api.w.org\/{rel}","templated":true}]}}