{"id":11672,"date":"2016-11-30T15:20:53","date_gmt":"2016-11-30T20:20:53","guid":{"rendered":"http:\/\/52.229.122.34\/fr\/?page_id=11672"},"modified":"2016-11-30T15:20:53","modified_gmt":"2016-11-30T20:20:53","slug":"sally-letson-symposium","status":"publish","type":"page","link":"https:\/\/www.ottawahospital.on.ca\/fr\/services-cliniques\/deptpgrmcs\/programmes\/institut-de-loeil\/sally-letson-symposium\/","title":{"rendered":"Sally Letson Symposium"},"content":{"rendered":"<div class=\"col-md-10 col-xs-12 right-inner-content\">\n<div class=\"tesT\">\n<p>La page demand\u00e9e a \u00e9t\u00e9 ouverte dans une nouvelle fen\u00eatre.<\/p>\n<p>Si votre navigateur Web bloque les fen\u00eatres \u00ab\u00a0pop-up\u00a0\u00bb, vous pouvez ouvrir la page en cliquant sur le lien suivant :<br \/>\n<a title=\"\" href=\"https:\/\/www.cos-sco.ca\/sallyletson\/\" target=\"_blank\">Sally Letson Symposium<\/a><\/p>\n<\/div>\n<\/div>\n","protected":false},"excerpt":{"rendered":"<p>La page demand\u00e9e a \u00e9t\u00e9 ouverte dans une nouvelle fen\u00eatre. Si votre navigateur Web bloque les fen\u00eatres \u00ab\u00a0pop-up\u00a0\u00bb, vous pouvez ouvrir la page en cliquant sur le lien suivant : Sally Letson Symposium<\/p>\n","protected":false},"author":25,"featured_media":0,"parent":11416,"menu_order":11,"comment_status":"closed","ping_status":"closed","template":"","meta":{"_acf_changed":false,"_mc_calendar":[],"footnotes":""},"class_list":["post-11672","page","type-page","status-publish","hentry"],"acf":[],"wps_subtitle":"","_links":{"self":[{"href":"https:\/\/www.ottawahospital.on.ca\/fr\/wp-json\/wp\/v2\/pages\/11672","targetHints":{"allow":["GET"]}}],"collection":[{"href":"https:\/\/www.ottawahospital.on.ca\/fr\/wp-json\/wp\/v2\/pages"}],"about":[{"href":"https:\/\/www.ottawahospital.on.ca\/fr\/wp-json\/wp\/v2\/types\/page"}],"author":[{"embeddable":true,"href":"https:\/\/www.ottawahospital.on.ca\/fr\/wp-json\/wp\/v2\/users\/25"}],"replies":[{"embeddable":true,"href":"https:\/\/www.ottawahospital.on.ca\/fr\/wp-json\/wp\/v2\/comments?post=11672"}],"version-history":[{"count":0,"href":"https:\/\/www.ottawahospital.on.ca\/fr\/wp-json\/wp\/v2\/pages\/11672\/revisions"}],"up":[{"embeddable":true,"href":"https:\/\/www.ottawahospital.on.ca\/fr\/wp-json\/wp\/v2\/pages\/11416"}],"wp:attachment":[{"href":"https:\/\/www.ottawahospital.on.ca\/fr\/wp-json\/wp\/v2\/media?parent=11672"}],"curies":[{"name":"wp","href":"https:\/\/api.w.org\/{rel}","templated":true}]}}