{"id":11666,"date":"2016-11-30T15:18:38","date_gmt":"2016-11-30T20:18:38","guid":{"rendered":"http:\/\/52.229.122.34\/fr\/?page_id=11666"},"modified":"2017-01-23T11:48:15","modified_gmt":"2017-01-23T16:48:15","slug":"programmes-de-formation-et-deducation-medicale","status":"publish","type":"page","link":"https:\/\/www.ottawahospital.on.ca\/fr\/services-cliniques\/deptpgrmcs\/programmes\/institut-de-loeil\/programmes-de-formation-et-deducation-medicale\/","title":{"rendered":"Programmes de formation et d&rsquo;\u00e9ducation m\u00e9dicale"},"content":{"rendered":"<p>Par son affiliation \u00e0 l&rsquo;Universit\u00e9 d&rsquo;Ottawa et \u00e0 d&rsquo;autres universit\u00e9s et coll\u00e8ges r\u00e9gionaux, l&rsquo;Institut de l&rsquo;\u0153il offre des possibilit\u00e9s de formation exceptionnelles aux \u00e9tudiants de premier et de deuxi\u00e8me cycles et aux boursiers postdoctoraux.<\/p>\n<p>Vu son approche de soins int\u00e9graux, l&rsquo;Institut de l&rsquo;\u0153il est un excellent choix pour les \u00e9tudiants du programme de r\u00e9sidence en ophtalmologie de l&rsquo;Universit\u00e9 d&rsquo;Ottawa. Pendant leur formation de cinq ans, les r\u00e9sidents sont expos\u00e9s \u00e0 tous les aspects de l&rsquo;ophtalmologie. \u00c0 la fin de cette formation, ils ont la r\u00e9putation d&rsquo;\u00eatre parmi les praticiens les plus polyvalents au monde.<\/p>\n<p>L&rsquo;Institut de l&rsquo;\u0153il de l&rsquo;Universit\u00e9 d&rsquo;Ottawa est reconnu comme un \u00e9tablissement de classe mondiale offrant des soins hautement sp\u00e9cialis\u00e9s \u00e0 tous les niveaux de la population r\u00e9gionale. Les \u00e9tudiants profitent des connaissances et de l&rsquo;exp\u00e9rience des professeurs de l&rsquo;Institut qui sont \u00e0 la fois chercheurs et praticiens.<\/p>\n<p>Dans le cadre de leur formation clinique, les \u00e9tudiants apprennent \u00e0 ma\u00eetriser les techniques avanc\u00e9es qui font partie int\u00e9grante de l&rsquo;exercice de la m\u00e9decine moderne. \u00c0 l&rsquo;Institut, on accorde \u00e9galement beaucoup d&rsquo;importance \u00e0 l&rsquo;acquisition des habilet\u00e9s de communication interpersonnelle n\u00e9cessaires pour offrir des soins efficaces aux patients ainsi qu&rsquo;\u00e0 la camaraderie au sein du personnel.<\/p>\n<h2>Programme international<\/h2>\n<p>Le corps professoral s&rsquo;est engag\u00e9 \u00e0 am\u00e9liorer les soins ophtalmologiques \u00e0 l&rsquo;\u00e9chelle internationale et a contribu\u00e9, \u00e0 l&rsquo;Institut de l&rsquo;\u0153il, \u00e0 la formation de nombreux dipl\u00f4m\u00e9s internationaux en m\u00e9decine. Ces m\u00e9decins retournent exercer dans leurs pays ayant acquis l&rsquo;expertise et les connaissances les plus avanc\u00e9es en soins ophtalmologiques. Bon nombre d&rsquo;entre eux deviennent eux-m\u00eames professeurs au sein du programme de formation de leur universit\u00e9 et peuvent mettre \u00e0 contribution, aupr\u00e8s des r\u00e9sidents, les techniques qu&rsquo;ils ont apprises \u00e0 l&rsquo;Institut de l&rsquo;\u0153il. Dans le cadre des activit\u00e9s internationales de formation continue, le personnel de l&rsquo;Institut de l&rsquo;\u0153il voyage \u00e9galement partout dans le monde pour donner des conf\u00e9rences et de la formation sur les techniques chirurgicales.<\/p>\n<h2>Programme de r\u00e9sidence en ophtalmologie<\/h2>\n<p>Ax\u00e9 sur la formation, les soins cliniques et la recherche, le programme de r\u00e9sidence en ophtalmologie est d&rsquo;une dur\u00e9e de quatre ans et est offert \u00e0 l&rsquo;Institut de l&rsquo;\u0153il de l&rsquo;Universit\u00e9 d&rsquo;Ottawa. Des postes sont offerts chaque ann\u00e9e dans le cadre d&rsquo;un syst\u00e8me national structur\u00e9 de jumelage<br \/>\n<strong>Renseignements<\/strong> : <a href=\"mailto:gsnook@lho.ca\" target=\"_blank\">Ginette Snook<\/a>, coordonnatrice de la formation, 613 737 8899, poste 79422.<\/p>\n<h2>Sursp\u00e9cialisation (fellowship)<\/h2>\n<p>Au cours des derni\u00e8res ann\u00e9es, l&rsquo;Institut de l&rsquo;\u0153il a offert une formation sursp\u00e9cialis\u00e9e \u00e0 un nombre croissant d&rsquo;ophtalmologistes souhaitant se sp\u00e9cialiser dans un domaine en particulier.<\/p>\n<p><a href=\"\/fr\/documents\/2017\/01\/ottawacorneafellowships2015-2016-2.pdf\" target=\"_blank\">Sursp\u00e9cialisation (fellowship) clinique en ophtalmologie Corn\u00e9e et maladies externes, segment ant\u00e9rieur et chirurgie r\u00e9fractive<\/a> (en anglais seulement)<br \/>\n<a href=\"\/fr\/documents\/2017\/01\/2013-14cornearesearchfellowship2012-vl-fr-rev.pdf\" target=\"_blank\">Sursp\u00e9cialisation (fellowship) de recherche en ophtalmologie Corn\u00e9e et maladies externes, segment ant\u00e9rieur et chirurgie r\u00e9fractive<\/a><\/p>\n<p><strong>Renseignements<\/strong> : <a href=\"mailto:gsnook@lho.ca\">Ginette Snook<\/a>, coordonnatrice de la formation, 613 737 8899, poste 79422.\u00a0<strong><br \/>\n<\/strong><\/p>\n<h2>Technologue m\u00e9dical en ophtalmologie<\/h2>\n<p>La demande de technologues m\u00e9dicaux en ophtalmologie agr\u00e9\u00e9s augmente en m\u00eame temps que les techniques associ\u00e9es aux soins ophtalmologiques deviennent plus sophistiqu\u00e9es. Les personnes int\u00e9ress\u00e9es doivent obtenir un baccalaur\u00e9at sp\u00e9cialis\u00e9 en sciences (technologie m\u00e9dicale en ophtalmologie) au D\u00e9partement des sciences de l&rsquo;Universit\u00e9 d&rsquo;Ottawa.<br \/>\n<strong>Renseignements<\/strong> : <a href=\"mailto:gsnook@lho.ca\">Ginette Snook<\/a>, coordonnatrice de la formation, 613 737 8899, poste 79422.<\/p>\n<h2>Possibilit\u00e9s de recherche offertes aux \u00e9tudiants en m\u00e9decine<\/h2>\n<p>L&rsquo;Institut de l&rsquo;\u0153il de l&rsquo;Universit\u00e9 d&rsquo;Ottawa invite les \u00e9tudiants en m\u00e9decine int\u00e9ress\u00e9s \u00e0 y faire un stage de recherche \u00e0 pr\u00e9senter leur demande. \u00c0 noter toutefois que le nombre de postes disponibles est limit\u00e9.<br \/>\n<strong>Renseignements<\/strong> : <a href=\"mailto:gsnook@lho.ca\">Ginette Snook<\/a>, coordonnatrice de la formation, 613 737 8899, poste 79422.<\/p>\n","protected":false},"excerpt":{"rendered":"<p>Par son affiliation \u00e0 l&rsquo;Universit\u00e9 d&rsquo;Ottawa et \u00e0 d&rsquo;autres universit\u00e9s et coll\u00e8ges r\u00e9gionaux, l&rsquo;Institut de l&rsquo;\u0153il offre des possibilit\u00e9s de formation exceptionnelles aux \u00e9tudiants de premier et de deuxi\u00e8me cycles et aux boursiers postdoctoraux. Vu son approche de soins int\u00e9graux, l&rsquo;Institut de l&rsquo;\u0153il est un excellent choix pour les \u00e9tudiants du programme de r\u00e9sidence en [&hellip;]<\/p>\n","protected":false},"author":25,"featured_media":0,"parent":11416,"menu_order":10,"comment_status":"closed","ping_status":"closed","template":"","meta":{"_acf_changed":false,"_mc_calendar":[],"footnotes":""},"class_list":["post-11666","page","type-page","status-publish","hentry"],"acf":[],"wps_subtitle":"","_links":{"self":[{"href":"https:\/\/www.ottawahospital.on.ca\/fr\/wp-json\/wp\/v2\/pages\/11666","targetHints":{"allow":["GET"]}}],"collection":[{"href":"https:\/\/www.ottawahospital.on.ca\/fr\/wp-json\/wp\/v2\/pages"}],"about":[{"href":"https:\/\/www.ottawahospital.on.ca\/fr\/wp-json\/wp\/v2\/types\/page"}],"author":[{"embeddable":true,"href":"https:\/\/www.ottawahospital.on.ca\/fr\/wp-json\/wp\/v2\/users\/25"}],"replies":[{"embeddable":true,"href":"https:\/\/www.ottawahospital.on.ca\/fr\/wp-json\/wp\/v2\/comments?post=11666"}],"version-history":[{"count":0,"href":"https:\/\/www.ottawahospital.on.ca\/fr\/wp-json\/wp\/v2\/pages\/11666\/revisions"}],"up":[{"embeddable":true,"href":"https:\/\/www.ottawahospital.on.ca\/fr\/wp-json\/wp\/v2\/pages\/11416"}],"wp:attachment":[{"href":"https:\/\/www.ottawahospital.on.ca\/fr\/wp-json\/wp\/v2\/media?parent=11666"}],"curies":[{"name":"wp","href":"https:\/\/api.w.org\/{rel}","templated":true}]}}