{"id":11649,"date":"2016-11-30T15:13:16","date_gmt":"2016-11-30T20:13:16","guid":{"rendered":"http:\/\/52.229.122.34\/fr\/?page_id=11649"},"modified":"2016-11-30T15:13:16","modified_gmt":"2016-11-30T20:13:16","slug":"rayonnement-international","status":"publish","type":"page","link":"https:\/\/www.ottawahospital.on.ca\/fr\/services-cliniques\/deptpgrmcs\/programmes\/institut-de-loeil\/rayonnement-international\/","title":{"rendered":"Rayonnement international"},"content":{"rendered":"<p>L&rsquo;Institut de l&rsquo;\u0153il a pris le ferme engagement non seulement d&rsquo;accro\u00eetre et d&rsquo;appliquer les connaissances en ophtalmologie, mais aussi de mettre son expertise \u00e0 contribution pour que les patients et les ophtalmologistes du monde entier puissent en profiter.<\/p>\n<p>La c\u00e9cit\u00e9 \u00e0 l&rsquo;\u00e9chelle plan\u00e9taire est un grave probl\u00e8me de sant\u00e9 qui touche quelque 185 millions de personnes partout dans le monde. La trag\u00e9die, c&rsquo;est que pour beaucoup de ces personnes, la c\u00e9cit\u00e9 est \u00e9vitable. Selon le D<sup>r<\/sup> Brian Leonard, pr\u00e9sident d&rsquo;ORBIS Canada, ces personnes sont atteintes d&rsquo;un trouble de la vue \u00e9vitable ou curable qui n&rsquo;a pas \u00e9t\u00e9 trait\u00e9.<\/p>\n<p>Gr\u00e2ce \u00e0 son programme de rayonnement international, l&rsquo;Institut de l&rsquo;\u0153il vient en aide \u00e0 de nombreuses personnes qui n&rsquo;auraient autrement pas eu acc\u00e8s \u00e0 des soins tr\u00e8s sp\u00e9cialis\u00e9s.<\/p>\n<p>Par son soutien \u00e0 ORBIS, l&rsquo;Institut de l&rsquo;\u0153il continue \u00e0 jouer un r\u00f4le important dans les soins de la vue offerts au tiers monde. Des visites en Libye, en \u00c9thiopie, au Vietnam, en Ouganda et dans d&rsquo;autres pays se font r\u00e9guli\u00e8rement. Une de nos anciennes r\u00e9sidentes, Hazel Shillingford-Ricketts, occupe des fonctions importantes au sein du projet Dominica. De plus, des ophtalmologistes, des infirmi\u00e8res et des technologues de l&rsquo;Institut collaborent \u00e0 la formation du personnel \u00e0 l&rsquo;Institut Srikiran en Inde.<\/p>\n<p>Le D<sup>r<\/sup> Karim Damji a \u00e9tabli un programme de sursp\u00e9cialisation en collaboration avec l&rsquo;Universit\u00e9 Aga Khan \u00e0 Nairobi, au Kenya. En 2006, le premier stagiaire a commenc\u00e9 sa formation \u00e0 l&rsquo;Institut de l&rsquo;\u0153il et quand il retournera dans son pays, il sera la premi\u00e8re personne sp\u00e9cialis\u00e9e dans le domaine du glaucome au Kenya. Le D<sup>r<\/sup> Damji continue d&rsquo;offrir son soutien en se rendant au Kenya pour donner de la formation clinique et chirurgicale suppl\u00e9mentaire.<\/p>\n<p>Le D<sup>r<\/sup> Brian Leonard est membre actif d&rsquo;ORBIS, un r\u00e9seau international qui travaille \u00e0 la mise sur pied de centres de chirurgie oculaire dans les pays en d\u00e9veloppement. ORBIS a converti un avion DC-10 en salle d&rsquo;op\u00e9ration ophtalmologique et compte sur un r\u00e9seau de chirurgiens, d&rsquo;infirmi\u00e8res, de techniciens et de pilotes b\u00e9n\u00e9voles pour \u00a0\u00bb transporter \u00a0\u00bb leurs connaissances et leur expertise afin de traiter des patients dans le besoin.<\/p>\n<p>Dans chaque cas, ORBIS travaille \u00e0 l&rsquo;int\u00e9rieur de l&rsquo;infrastructure m\u00e9dicale existante afin d&rsquo;offrir des soins de qualit\u00e9 et pour am\u00e9liorer les comp\u00e9tences des ophtalmologistes actifs tant dans les pays d\u00e9velopp\u00e9s que les pays en d\u00e9veloppement.<\/p>\n<p>Jusqu&rsquo;\u00e0 maintenant, nous avons contribu\u00e9 \u00e0 redonner la vue \u00e0 environ 15 millions de personnes partout dans le monde, dans plus de 86 pays, notamment :<\/p>\n<p>&nbsp;<\/p>\n<div class=\"row\">\n<div class=\"col-md-4\"><strong>Arabie saoudite<br \/>\nBangladesh<br \/>\nBotswana<br \/>\nBulgarie<br \/>\nCameroun<br \/>\nChine<br \/>\nColombie<br \/>\nC\u00f4te d&rsquo;Ivoire<br \/>\nCuba \u00c9thiopie<br \/>\n\u00c9mirats arabes unis<br \/>\nHonduras<\/strong><\/div>\n<div class=\"col-md-4\"><strong>Inde<br \/>\nJ\u00e9rusalem-Est<br \/>\nJordanie<br \/>\nKenya<br \/>\nLibye<br \/>\nMaroc<br \/>\nMongolie<br \/>\nNicaragua<br \/>\nNigeria<br \/>\nPakistan<br \/>\nPanama<\/strong><\/div>\n<div class=\"col-md-4\"><strong>P\u00e9rou<br \/>\nPhilippines<br \/>\nRoumanie<br \/>\nSoudan<br \/>\nSyrie<br \/>\nTaiwan<br \/>\nTha\u00eflande<br \/>\nTurquie<br \/>\nVietnam<br \/>\nZimbabwe<\/strong><\/div>\n<\/div>\n","protected":false},"excerpt":{"rendered":"<p>L&rsquo;Institut de l&rsquo;\u0153il a pris le ferme engagement non seulement d&rsquo;accro\u00eetre et d&rsquo;appliquer les connaissances en ophtalmologie, mais aussi de mettre son expertise \u00e0 contribution pour que les patients et les ophtalmologistes du monde entier puissent en profiter. La c\u00e9cit\u00e9 \u00e0 l&rsquo;\u00e9chelle plan\u00e9taire est un grave probl\u00e8me de sant\u00e9 qui touche quelque 185 millions de [&hellip;]<\/p>\n","protected":false},"author":25,"featured_media":0,"parent":11416,"menu_order":9,"comment_status":"closed","ping_status":"closed","template":"","meta":{"_acf_changed":false,"_mc_calendar":[],"footnotes":""},"class_list":["post-11649","page","type-page","status-publish","hentry"],"acf":[],"wps_subtitle":"","_links":{"self":[{"href":"https:\/\/www.ottawahospital.on.ca\/fr\/wp-json\/wp\/v2\/pages\/11649","targetHints":{"allow":["GET"]}}],"collection":[{"href":"https:\/\/www.ottawahospital.on.ca\/fr\/wp-json\/wp\/v2\/pages"}],"about":[{"href":"https:\/\/www.ottawahospital.on.ca\/fr\/wp-json\/wp\/v2\/types\/page"}],"author":[{"embeddable":true,"href":"https:\/\/www.ottawahospital.on.ca\/fr\/wp-json\/wp\/v2\/users\/25"}],"replies":[{"embeddable":true,"href":"https:\/\/www.ottawahospital.on.ca\/fr\/wp-json\/wp\/v2\/comments?post=11649"}],"version-history":[{"count":0,"href":"https:\/\/www.ottawahospital.on.ca\/fr\/wp-json\/wp\/v2\/pages\/11649\/revisions"}],"up":[{"embeddable":true,"href":"https:\/\/www.ottawahospital.on.ca\/fr\/wp-json\/wp\/v2\/pages\/11416"}],"wp:attachment":[{"href":"https:\/\/www.ottawahospital.on.ca\/fr\/wp-json\/wp\/v2\/media?parent=11649"}],"curies":[{"name":"wp","href":"https:\/\/api.w.org\/{rel}","templated":true}]}}