{"id":11639,"date":"2016-11-30T14:59:51","date_gmt":"2016-11-30T19:59:51","guid":{"rendered":"http:\/\/52.229.122.34\/fr\/?page_id=11639"},"modified":"2016-12-30T09:23:41","modified_gmt":"2016-12-30T14:23:41","slug":"postes-de-chercheur","status":"publish","type":"page","link":"https:\/\/www.ottawahospital.on.ca\/fr\/services-cliniques\/deptpgrmcs\/programmes\/institut-de-loeil\/postes-de-chercheur\/","title":{"rendered":"Postes de chercheur"},"content":{"rendered":"<p><a href=\"\/fr\/services-cliniques\/deptpgrmcs\/programmes\/institut-de-loeil\/centre-de-recherche-sur-la-vision\/\">Centre de recherche sur la vision<\/a> | Postes de chercheur<\/p>\n<p>L\u2019Institut de l\u2019\u0153il offre une exp\u00e9rience unique en recherche multidisciplinaire. Nous acceptons les demandes d\u2019\u00e9tudiants en m\u00e9decine, de dipl\u00f4m\u00e9s des facult\u00e9s de m\u00e9decine en Am\u00e9rique du Nord et ailleurs dans le monde, de stagiaires postdoctoraux et d\u2019\u00e9tudiants dipl\u00f4m\u00e9s. Vous trouverez ci-dessous une br\u00e8ve description des travaux en cours dans le domaine de la recherche clinique et de la recherche fondamentale ax\u00e9e sur les d\u00e9couvertes. Les candidats int\u00e9ress\u00e9s doivent transmettre directement au chercheur concern\u00e9 leur C.V. ainsi qu\u2019une lettre pr\u00e9cisant leur int\u00e9r\u00eat de recherche et leur disponibilit\u00e9.<\/p>\n<h2>\nChercheurs fondamentalistes<\/h2>\n<p><strong>D<sup>re<\/sup> Catherine Tsilfidis<\/strong><br \/>\nSes champs d\u2019int\u00e9r\u00eat de recherche en laboratoire portent sur les approches de th\u00e9rapie g\u00e9nique pour le traitement de la d\u00e9g\u00e9n\u00e9rescence de la r\u00e9tine. Elle \u00e9tudie \u00e9galement les capacit\u00e9s r\u00e9g\u00e9n\u00e9ratives du triton vert. Les projets de recherche n\u00e9cessitent un engagement \u00e0 temps complet d\u2019au moins une ann\u00e9e. La D<sup>re<\/sup> Tsilfidis accepte n\u00e9anmoins les demandes d\u2019\u00e9tudiants d\u2019\u00e9t\u00e9 et celles d\u2019\u00e9tudiants de quatri\u00e8me ann\u00e9e inscrits \u00e0 un programme sp\u00e9cialis\u00e9. Pour plus d\u2019information, veuillez consulter <a href=\"https:\/\/www.ohri.ca\/profile\/Catherine_Tsilfidis\" target=\"_blank\">le profil de recherche de la D<sup>re<\/sup> Tsilfidis<\/a>.<\/p>\n<h2>Cliniciens<\/h2>\n<p><strong>D<sup>r<\/sup> Seymour Brownstein\u00a0<\/strong><br \/>\nNous offrons un poste subventionn\u00e9 d\u2019une dur\u00e9e de une ann\u00e9e \u00e0 titre d\u2019associ\u00e9 en recherche clinique sur les pathologies ophtalmiques. Le titulaire du poste profitera de nombreuses possibilit\u00e9s de publications sur les corr\u00e9lations clinicopathologiques et sur les \u00e9tudes de recherche en science fondamentale. Ce poste est une excellente occasion d\u2019acqu\u00e9rir de l\u2019exp\u00e9rience avant d\u2019effectuer une r\u00e9sidence en ophtalmologie ou en pathologie. Le candidat doit avoir le titre de docteur en m\u00e9decine (MD) afin de postuler pour ce poste. Pour plus d\u2019information, envoyez directement un courriel au <a href=\"mailto:sbrownstein@ohri.ca\" target=\"_blank\">D<sup>r<\/sup> Brownstein<\/a>.<\/p>\n<p><strong>D<sup>r<\/sup> Ralf Buhrmann\u00a0<\/strong><br \/>\nLe D<sup>r<\/sup> Buhrmann dirige le centre de simulation chirurgicale en ophtalmologie. En mati\u00e8re de recherche, il s\u2019int\u00e9resse \u00e0 l\u2019acquisition de comp\u00e9tences microchirurgicales, notamment en ce qui concerne les mod\u00e8les de simulation, l\u2019\u00e9laboration de programmes et l\u2019\u00e9valuation. Il \u00e9tudie \u00e9galement le traitement des maladies au sein de la population \u2013 un programme de recherche visant \u00e0 pr\u00e9voir la pr\u00e9valence au Canada des maladies des yeux li\u00e9es au vieillissement, les approches en mati\u00e8re de traitement des maladies au sein de la population ainsi que les lignes directrices pour la pr\u00e9vention des maladies des yeux affectant l\u2019acuit\u00e9 visuelle.<\/p>\n<p>De plus, le D<sup>r<\/sup> Buhrmann m\u00e8ne des recherches \u00e0 l\u2019\u00e9chelle internationale portant sur l\u2019ophtalmologie et se penche sur l\u2019\u00e9laboration de lignes directrices pour les soins des yeux prodigu\u00e9s au Canada aux immigrants et aux r\u00e9fugi\u00e9s. Pour plus d\u2019information, envoyez directement un courriel au <a href=\"mailto:rbuhrmann@lho.ca\" target=\"_blank\">D<sup>r<\/sup> Buhrmann<\/a>.<\/p>\n<p><strong>D<sup>r<\/sup> Michael O&rsquo;Connor\u00a0<\/strong><br \/>\nSes champs d\u2019int\u00e9r\u00eat en recherche sont dans le domaine de l\u2019enseignement m\u00e9dical, notamment l\u2019acquisition de comp\u00e9tences postdoctorales en chirurgie au moyen de la technologie de la r\u00e9alit\u00e9 virtuelle. De plus, le D<sup>r<\/sup> O\u2019Connor s\u2019int\u00e9resse \u00e0 l\u2019ophtalmologie et au strabisme p\u00e9diatriques, plus particuli\u00e8rement aux maladies de la r\u00e9tine au stade pr\u00e9coce et chez les enfants, comme le glaucome, la cataracte et l\u2019amblyopie. L\u2019engagement du chercheur variera selon le projet, mais le titulaire du poste doit s\u2019attendre \u00e0 un engagement consid\u00e9rable. Les candidats int\u00e9ress\u00e9s peuvent envoyer un courriel au <a href=\"mailto:micoconnor@lho.ca\" target=\"_blank\">D<sup>r<\/sup> O&rsquo;Connor<\/a>.<\/p>\n","protected":false},"excerpt":{"rendered":"<p>Centre de recherche sur la vision | Postes de chercheur L\u2019Institut de l\u2019\u0153il offre une exp\u00e9rience unique en recherche multidisciplinaire. Nous acceptons les demandes d\u2019\u00e9tudiants en m\u00e9decine, de dipl\u00f4m\u00e9s des facult\u00e9s de m\u00e9decine en Am\u00e9rique du Nord et ailleurs dans le monde, de stagiaires postdoctoraux et d\u2019\u00e9tudiants dipl\u00f4m\u00e9s. Vous trouverez ci-dessous une br\u00e8ve description des [&hellip;]<\/p>\n","protected":false},"author":25,"featured_media":0,"parent":11416,"menu_order":8,"comment_status":"closed","ping_status":"closed","template":"","meta":{"_acf_changed":false,"_mc_calendar":[],"footnotes":""},"class_list":["post-11639","page","type-page","status-publish","hentry"],"acf":[],"wps_subtitle":"","_links":{"self":[{"href":"https:\/\/www.ottawahospital.on.ca\/fr\/wp-json\/wp\/v2\/pages\/11639","targetHints":{"allow":["GET"]}}],"collection":[{"href":"https:\/\/www.ottawahospital.on.ca\/fr\/wp-json\/wp\/v2\/pages"}],"about":[{"href":"https:\/\/www.ottawahospital.on.ca\/fr\/wp-json\/wp\/v2\/types\/page"}],"author":[{"embeddable":true,"href":"https:\/\/www.ottawahospital.on.ca\/fr\/wp-json\/wp\/v2\/users\/25"}],"replies":[{"embeddable":true,"href":"https:\/\/www.ottawahospital.on.ca\/fr\/wp-json\/wp\/v2\/comments?post=11639"}],"version-history":[{"count":0,"href":"https:\/\/www.ottawahospital.on.ca\/fr\/wp-json\/wp\/v2\/pages\/11639\/revisions"}],"up":[{"embeddable":true,"href":"https:\/\/www.ottawahospital.on.ca\/fr\/wp-json\/wp\/v2\/pages\/11416"}],"wp:attachment":[{"href":"https:\/\/www.ottawahospital.on.ca\/fr\/wp-json\/wp\/v2\/media?parent=11639"}],"curies":[{"name":"wp","href":"https:\/\/api.w.org\/{rel}","templated":true}]}}