{"id":11621,"date":"2016-11-30T14:55:16","date_gmt":"2016-11-30T19:55:16","guid":{"rendered":"http:\/\/52.229.122.34\/fr\/?page_id=11621"},"modified":"2021-02-25T12:22:57","modified_gmt":"2021-02-25T17:22:57","slug":"temps-dattente-chirurgie-de-la-cataracte","status":"publish","type":"page","link":"https:\/\/www.ottawahospital.on.ca\/fr\/services-cliniques\/deptpgrmcs\/programmes\/institut-de-loeil\/temps-dattente-chirurgie-de-la-cataracte\/","title":{"rendered":"Temps d\u2019attente : chirurgie de la cataracte"},"content":{"rendered":"<p>Ce document donne la liste alphab\u00e9tique des chirurgiens ainsi que leurs temps d&rsquo;attente m\u00e9dian et moyen pour la chirurgie de la cataracte. Vous y trouverez \u00e9galement leurs coordonn\u00e9es. Le rapport de ce mois-ci inclut les temps d&rsquo;attente des chirurgiens du Centre de soins oculaires et de l&rsquo;Institut de l&rsquo;\u0153il de l&rsquo;Universit\u00e9 d&rsquo;Ottawa.<\/p>\n<p><strong>Remarque :<\/strong> Vous pouvez obtenir plus de renseignements sur chaque chirurgien en consultant la <a href=\"\/fr\/documents\/2017\/01\/siteweb-profilsophtalmologie-aout2014_.pdf\" target=\"_blank\" rel=\"noopener noreferrer\">Liste du personnel<\/a>. Veuillez noter que cette liste inclut tous les membres du Centre de soins oculaires du D\u00e9partement d&rsquo;ophtalmologie de L&rsquo;H\u00f4pital d&rsquo;Ottawa (Campus Riverside) et de l&rsquo;Institut de l&rsquo;\u0153il (Campus G\u00e9n\u00e9ral) , et pas seulement les chirurgiens sp\u00e9cialis\u00e9s dans le traitement de la cataracte.<\/p>\n<h2><a href=\"https:\/\/www.hqontario.ca\/Rendement-du-syst%C3%A8me\/Temps-dattente-pour-les-op%C3%A9rations-et-les-interventions\" target=\"_blank\" rel=\"noopener noreferrer\">Temps d&rsquo;attente en Ontario (site Web)<\/a><\/h2>\n<p><a href=\"https:\/\/www.hqontario.ca\/Rendement-du-syst%C3%A8me\/Temps-dattente-pour-les-op%C3%A9rations-et-les-interventions\" target=\"_blank\" rel=\"noopener noreferrer\">Ce site Web <\/a>renferme les renseignements les plus r\u00e9cents au sujet des temps d&rsquo;attente en Ontario. Les renseignements vous permettent de comparer les temps d&rsquo;attente \/ listes d&rsquo;attente dans votre r\u00e9gion par rapport aux autres r\u00e9gions de la province. Ils vous aideront \u00e0 faire un choix plus \u00e9clair\u00e9 lorsque vous choisirez, avec votre m\u00e9decin, l&rsquo;endroit o\u00f9 vous serez soign\u00e9.<\/p>\n<h2>Obtenir un rendez-vous<\/h2>\n<p>N\u2019oubliez pas qu\u2019il vous faut une recommandation d\u2019un optom\u00e9triste ou d\u2019un m\u00e9decin de famille pour pouvoir consulter un chirurgien sp\u00e9cialis\u00e9 dans le traitement de la cataracte.<\/p>\n<p>Apr\u00e8s la consultation, le chirurgien \u00e9valuera l\u2019urgence de votre cas. Tous les patients n\u2019attendent pas le m\u00eame nombre de jours et les cas les plus urgents sont vus en priorit\u00e9. Les temps d\u2019attente sont donc moins longs pour les cas urgents.<\/p>\n","protected":false},"excerpt":{"rendered":"<p>Ce document donne la liste alphab\u00e9tique des chirurgiens ainsi que leurs temps d&rsquo;attente m\u00e9dian et moyen pour la chirurgie de la cataracte. Vous y trouverez \u00e9galement leurs coordonn\u00e9es. Le rapport de ce mois-ci inclut les temps d&rsquo;attente des chirurgiens du Centre de soins oculaires et de l&rsquo;Institut de l&rsquo;\u0153il de l&rsquo;Universit\u00e9 d&rsquo;Ottawa. Remarque : Vous [&hellip;]<\/p>\n","protected":false},"author":25,"featured_media":0,"parent":11416,"menu_order":7,"comment_status":"closed","ping_status":"closed","template":"","meta":{"_acf_changed":false,"_mc_calendar":[],"footnotes":""},"class_list":["post-11621","page","type-page","status-publish","hentry"],"acf":[],"wps_subtitle":"","_links":{"self":[{"href":"https:\/\/www.ottawahospital.on.ca\/fr\/wp-json\/wp\/v2\/pages\/11621","targetHints":{"allow":["GET"]}}],"collection":[{"href":"https:\/\/www.ottawahospital.on.ca\/fr\/wp-json\/wp\/v2\/pages"}],"about":[{"href":"https:\/\/www.ottawahospital.on.ca\/fr\/wp-json\/wp\/v2\/types\/page"}],"author":[{"embeddable":true,"href":"https:\/\/www.ottawahospital.on.ca\/fr\/wp-json\/wp\/v2\/users\/25"}],"replies":[{"embeddable":true,"href":"https:\/\/www.ottawahospital.on.ca\/fr\/wp-json\/wp\/v2\/comments?post=11621"}],"version-history":[{"count":0,"href":"https:\/\/www.ottawahospital.on.ca\/fr\/wp-json\/wp\/v2\/pages\/11621\/revisions"}],"up":[{"embeddable":true,"href":"https:\/\/www.ottawahospital.on.ca\/fr\/wp-json\/wp\/v2\/pages\/11416"}],"wp:attachment":[{"href":"https:\/\/www.ottawahospital.on.ca\/fr\/wp-json\/wp\/v2\/media?parent=11621"}],"curies":[{"name":"wp","href":"https:\/\/api.w.org\/{rel}","templated":true}]}}