{"id":11522,"date":"2016-11-30T13:43:04","date_gmt":"2016-11-30T18:43:04","guid":{"rendered":"http:\/\/52.229.122.34\/fr\/?page_id=11522"},"modified":"2016-11-30T13:43:04","modified_gmt":"2016-11-30T18:43:04","slug":"laboratoire-dimagerie-et-delectrodiagnostic-de-la-vision","status":"publish","type":"page","link":"https:\/\/www.ottawahospital.on.ca\/fr\/services-cliniques\/deptpgrmcs\/programmes\/institut-de-loeil\/services-cliniques-et-diagnostiques\/laboratoire-dimagerie-et-delectrodiagnostic-de-la-vision\/","title":{"rendered":"Laboratoire d&rsquo;imagerie et d&rsquo;\u00e9lectrodiagnostic de la vision"},"content":{"rendered":"<p><strong>Stuart Coupland, Ph.D., professeur agr\u00e9g\u00e9<\/strong><\/p>\n<p>Une bonne vision d\u00e9pend du fonctionnement optimal de chaque composante des m\u00e9canismes sensoriels de l&rsquo;\u0153il. En r\u00e9ponse aux stimuli visuels, les photor\u00e9cepteurs de l&rsquo;\u0153il (b\u00e2tonnets et c\u00f4nes) produisent des impulsions \u00e9lectriques. Ces impulsions sont ensuite transmises par le nerf optique au cortex visuel du cerveau. Quand la fonction visuelle est alt\u00e9r\u00e9e, des tests \u00e9lectrodiagnostiques peuvent aider \u00e0 trouver la source du probl\u00e8me.<\/p>\n<p>En f\u00e9vrier 1998, l&rsquo;Institut de l&rsquo;\u0153il a \u00e9largi sa capacit\u00e9 de faire des recherches et des tests diagnostiques en ouvrant le laboratoire d&rsquo;\u00e9lectrodiagnostic de la vision. Sous la direction du D<sup>r<\/sup> Coupland, ce laboratoire est capable d&rsquo;effectuer plusieurs importantes mesures de la fonction r\u00e9tinienne et de la conduction sensorielle afin d&rsquo;aider les m\u00e9decins et les patients.<\/p>\n<p>L&rsquo;\u00e9lectror\u00e9tinogramme est particuli\u00e8rement utile pour le diagnostic pr\u00e9coce de nombreuses maladies oculaires h\u00e9r\u00e9ditaires comme la r\u00e9tinite pigmentaire. Il peut servir aussi \u00e0 d\u00e9terminer la probabilit\u00e9 que d&rsquo;autres membres de la famille sont porteurs du g\u00e8ne de la maladie, ce qui facilite le counseling g\u00e9n\u00e9tique.<\/p>\n<p>Le potentiel \u00e9voqu\u00e9 visuel (PEV) enregistre l&rsquo;activit\u00e9 c\u00e9r\u00e9brale en r\u00e9ponse \u00e0 la stimulation visuelle. On obtient ainsi une mesure objective du fonctionnement du nerf optique chez les personnes qui ont une maladie comme la scl\u00e9rose en plaques. Cette mesure permet aussi aux m\u00e9decins de d\u00e9terminer les dommages caus\u00e9s lorsque les tumeurs au cerveau compriment les voies optiques. De plus, les m\u00e9decins peuvent \u00e9valuer l&rsquo;effet des m\u00e9dicaments neuropsychiatriques sur la vision.<\/p>\n<p>L&rsquo;\u00e9lectrooculogramme (EOG) \u00e9value l&rsquo;int\u00e9grit\u00e9 fonctionnelle de l&rsquo;\u00e9pith\u00e9lium pigmentaire r\u00e9tinien (mince couche de cellules formant la barri\u00e8re h\u00e9mato-r\u00e9tinienne ext\u00e9rieure). L&rsquo;\u00e9pith\u00e9lium pigmentaire r\u00e9tinien soutient la fonction des photor\u00e9cepteurs. Il est touch\u00e9 tr\u00e8s t\u00f4t dans le cas de plusieurs maladies d\u00e9g\u00e9n\u00e9ratives h\u00e9r\u00e9ditaires de la vue.<\/p>\n<p>En janvier 2000, le laboratoire a ajout\u00e9 \u00e0 la liste des services qu&rsquo;il offre un test appel\u00e9 \u00e9lectror\u00e9tinographie multifocale (ERGM). C&rsquo;est un test qui \u00e9value la fonction maculaire centrale. L&rsquo;ERG multifocale enregistre l&rsquo;activit\u00e9 \u00e9lectrique de la r\u00e9tine \u00e0 partir de 61 r\u00e9gions diff\u00e9rentes de la macula appuyant la vision centrale. Ce test est particuli\u00e8rement utile pour \u00e9valuer les patients qui ont des probl\u00e8mes de vision centrale, entre autres la d\u00e9g\u00e9n\u00e9rescence maculaire li\u00e9e \u00e0 l&rsquo;\u00e2ge, la r\u00e9tinopathie diab\u00e9tique, les trous maculaires et l&rsquo;\u0153d\u00e8me maculaire.<\/p>\n<p>En janvier 2004, le laboratoire d&rsquo;\u00e9lectrodiagnostic de la vision a acquis des appareils de tomographie par coh\u00e9rence optique (OCT) et d&rsquo;ophtalmoscopie laser \u00e0 balayage (SLO\/OCT). Ces appareils servent \u00e0 \u00e9valuer l&rsquo;int\u00e9grit\u00e9 de la structure de la r\u00e9tine chez les patients qui ont une maladie de la macula ou du disque du nerf optique. Ces outils fournissent d&rsquo;excellentes images in vivo \u00e0 haute r\u00e9solution de la macula et du disque du nerf optique. Les images nous procurent de l&rsquo;information essentielle permettant d&rsquo;\u00e9tablir des liens entre la structure et la fonction. Le laboratoire a adopt\u00e9 un nouveau nom, laboratoire d&rsquo;imagerie et d&rsquo;\u00e9lectrodiagnostic de la vision, pour refl\u00e9ter sa capacit\u00e9 de fournir des images \u00e0 haute r\u00e9solution de la structure et de la fonction de la r\u00e9tine.<\/p>\n","protected":false},"excerpt":{"rendered":"<p>Stuart Coupland, Ph.D., professeur agr\u00e9g\u00e9 Une bonne vision d\u00e9pend du fonctionnement optimal de chaque composante des m\u00e9canismes sensoriels de l&rsquo;\u0153il. En r\u00e9ponse aux stimuli visuels, les photor\u00e9cepteurs de l&rsquo;\u0153il (b\u00e2tonnets et c\u00f4nes) produisent des impulsions \u00e9lectriques. Ces impulsions sont ensuite transmises par le nerf optique au cortex visuel du cerveau. Quand la fonction visuelle est [&hellip;]<\/p>\n","protected":false},"author":25,"featured_media":0,"parent":11434,"menu_order":14,"comment_status":"closed","ping_status":"closed","template":"","meta":{"_acf_changed":false,"_mc_calendar":[],"footnotes":""},"class_list":["post-11522","page","type-page","status-publish","hentry"],"acf":[],"wps_subtitle":"","_links":{"self":[{"href":"https:\/\/www.ottawahospital.on.ca\/fr\/wp-json\/wp\/v2\/pages\/11522","targetHints":{"allow":["GET"]}}],"collection":[{"href":"https:\/\/www.ottawahospital.on.ca\/fr\/wp-json\/wp\/v2\/pages"}],"about":[{"href":"https:\/\/www.ottawahospital.on.ca\/fr\/wp-json\/wp\/v2\/types\/page"}],"author":[{"embeddable":true,"href":"https:\/\/www.ottawahospital.on.ca\/fr\/wp-json\/wp\/v2\/users\/25"}],"replies":[{"embeddable":true,"href":"https:\/\/www.ottawahospital.on.ca\/fr\/wp-json\/wp\/v2\/comments?post=11522"}],"version-history":[{"count":0,"href":"https:\/\/www.ottawahospital.on.ca\/fr\/wp-json\/wp\/v2\/pages\/11522\/revisions"}],"up":[{"embeddable":true,"href":"https:\/\/www.ottawahospital.on.ca\/fr\/wp-json\/wp\/v2\/pages\/11434"}],"wp:attachment":[{"href":"https:\/\/www.ottawahospital.on.ca\/fr\/wp-json\/wp\/v2\/media?parent=11522"}],"curies":[{"name":"wp","href":"https:\/\/api.w.org\/{rel}","templated":true}]}}