{"id":11517,"date":"2016-11-30T13:40:11","date_gmt":"2016-11-30T18:40:11","guid":{"rendered":"http:\/\/52.229.122.34\/fr\/?page_id=11517"},"modified":"2016-11-30T13:40:11","modified_gmt":"2016-11-30T18:40:11","slug":"echographie","status":"publish","type":"page","link":"https:\/\/www.ottawahospital.on.ca\/fr\/services-cliniques\/deptpgrmcs\/programmes\/institut-de-loeil\/services-cliniques-et-diagnostiques\/echographie\/","title":{"rendered":"\u00c9chographie"},"content":{"rendered":"<p><strong>N. Mariamme Ukena, BSc, BA, COMT, ROUB ; Carla Blackburn, BSc, COMT, ROUB, CDOS<\/strong><\/p>\n<p>Gr\u00e2ce aux technologies de pointe qui font appel \u00e0 des sons imperceptibles, il est possible pour les sp\u00e9cialistes de d\u00e9tecter des anomalies de l&rsquo;\u0153il qu&rsquo;ils ne peuvent pas voir. Une sonde transmet des ondes ultrasoniques \u00e0 travers la surface de l&rsquo;\u0153il. Pendant ce temps, les trac\u00e9s d&rsquo;ondes sonores sont convertis en images sur un \u00e9cran qui r\u00e9v\u00e8le la taille et l&#8217;emplacement des l\u00e9sions.<\/p>\n<p>Plusieurs branches de l&rsquo;ophtalmologie utilisent l&rsquo;\u00e9chographie diagnostique, notamment les maladies externes, le glaucome, les troubles de la r\u00e9tine et la chirurgie oculoplastique. La mesure la plus courante obtenue est la longueur axiale de l&rsquo;\u0153il en pr\u00e9vision d&rsquo;une chirurgie de la cataracte. En utilisant cette mesure et la courbure de la corn\u00e9e, les chirurgiens peuvent calculer exactement le pouvoir correcteur de l&rsquo;implant intra-oculaire n\u00e9cessaire pour r\u00e9tablir la vision.<\/p>\n<p>L&rsquo;\u00e9chographie ophtalmologique est particuli\u00e8rement utile lorsque le m\u00e9decin a de la difficult\u00e9 \u00e0 examiner l&rsquo;\u0153il \u00e0 cause de la densit\u00e9 des cataractes, d&rsquo;une h\u00e9morragie due \u00e0 un diab\u00e8te ou \u00e0 un traumatisme ou d&rsquo;autres probl\u00e8mes qui emp\u00eachent de voir clairement.<\/p>\n<p>L&rsquo;Institut de l&rsquo;\u0153il a r\u00e9cemment fait l&rsquo;acquisition d&rsquo;un appareil de biomicroscopie ultrasonore (UBM) qui utilise des hautes fr\u00e9quences tr\u00e8s sup\u00e9rieures \u00e0 celles de l&rsquo;\u00e9chographie ophtalmologique conventionnelle. Les hautes fr\u00e9quences am\u00e9liorent la r\u00e9solution des images obtenues presqu&rsquo;au point de donner des images microscopiques. Elles permettent souvent de voir le type de l\u00e9sion, sa taille et l&#8217;emplacement. La nouvelle capacit\u00e9 d&rsquo;imagerie de l&rsquo;UBM pourrait aider les ophtalmologistes \u00e0 mieux comprendre les m\u00e9canismes de divers types de glaucome tout en \u00e9clairant davantage la pathologie du segment ant\u00e9rieur.<\/p>\n","protected":false},"excerpt":{"rendered":"<p>N. Mariamme Ukena, BSc, BA, COMT, ROUB ; Carla Blackburn, BSc, COMT, ROUB, CDOS Gr\u00e2ce aux technologies de pointe qui font appel \u00e0 des sons imperceptibles, il est possible pour les sp\u00e9cialistes de d\u00e9tecter des anomalies de l&rsquo;\u0153il qu&rsquo;ils ne peuvent pas voir. Une sonde transmet des ondes ultrasoniques \u00e0 travers la surface de l&rsquo;\u0153il. [&hellip;]<\/p>\n","protected":false},"author":25,"featured_media":0,"parent":11434,"menu_order":13,"comment_status":"closed","ping_status":"closed","template":"","meta":{"_acf_changed":false,"_mc_calendar":[],"footnotes":""},"class_list":["post-11517","page","type-page","status-publish","hentry"],"acf":[],"wps_subtitle":"","_links":{"self":[{"href":"https:\/\/www.ottawahospital.on.ca\/fr\/wp-json\/wp\/v2\/pages\/11517","targetHints":{"allow":["GET"]}}],"collection":[{"href":"https:\/\/www.ottawahospital.on.ca\/fr\/wp-json\/wp\/v2\/pages"}],"about":[{"href":"https:\/\/www.ottawahospital.on.ca\/fr\/wp-json\/wp\/v2\/types\/page"}],"author":[{"embeddable":true,"href":"https:\/\/www.ottawahospital.on.ca\/fr\/wp-json\/wp\/v2\/users\/25"}],"replies":[{"embeddable":true,"href":"https:\/\/www.ottawahospital.on.ca\/fr\/wp-json\/wp\/v2\/comments?post=11517"}],"version-history":[{"count":0,"href":"https:\/\/www.ottawahospital.on.ca\/fr\/wp-json\/wp\/v2\/pages\/11517\/revisions"}],"up":[{"embeddable":true,"href":"https:\/\/www.ottawahospital.on.ca\/fr\/wp-json\/wp\/v2\/pages\/11434"}],"wp:attachment":[{"href":"https:\/\/www.ottawahospital.on.ca\/fr\/wp-json\/wp\/v2\/media?parent=11517"}],"curies":[{"name":"wp","href":"https:\/\/api.w.org\/{rel}","templated":true}]}}