{"id":11512,"date":"2016-11-30T13:38:54","date_gmt":"2016-11-30T18:38:54","guid":{"rendered":"http:\/\/52.229.122.34\/fr\/?page_id=11512"},"modified":"2016-11-30T13:38:54","modified_gmt":"2016-11-30T18:38:54","slug":"amelioration-de-la-vision-basse-vision","status":"publish","type":"page","link":"https:\/\/www.ottawahospital.on.ca\/fr\/services-cliniques\/deptpgrmcs\/programmes\/institut-de-loeil\/services-cliniques-et-diagnostiques\/amelioration-de-la-vision-basse-vision\/","title":{"rendered":"Am\u00e9lioration de la vision (basse vision)"},"content":{"rendered":"<p><strong>D<sup>re<\/sup> Marie-Louise Lapointe, professeure adjointe ; Katya Molino, COMT ; N. Mariamme Ukena, BSc, BA, COMT, ROUB<\/strong><\/p>\n<p>M\u00eame si la vue de centaines de patients de l&rsquo;Institut de l&rsquo;\u0153il s&rsquo;am\u00e9liore gr\u00e2ce \u00e0 des technologies de pointe et des traitements sp\u00e9cialis\u00e9s, une petite proportion de la population continue de ressentir l&rsquo;impact d&rsquo;une vision r\u00e9duite. Il peut \u00eatre difficile de s&rsquo;adapter aux changements graduels. Les sp\u00e9cialistes de la basse vision peuvent aider les patients \u00e0 s&rsquo;ajuster au degr\u00e9 de vision qu&rsquo;il leur reste.<\/p>\n<p>\u00c0 la clinique de basse vision, on \u00e9value l&rsquo;\u00e9tat et les besoins de chaque patient pour d\u00e9terminer le type d&rsquo;aide visuelle qui leur sera le plus utile. Quand des lunettes normales ne corrigent pas ad\u00e9quatement la vision de pr\u00e8s ou de loin, la D<sup>re<\/sup> Lapointe aide les patients \u00e0 apprendre \u00e0 utiliser des instruments comme les loupes, les lunettes \u00e0 forte puissance ou les syst\u00e8mes t\u00e9lescopiques. Gr\u00e2ce \u00e0 des outils comme les appareils de lecture et les logiciels d&rsquo;ordinateur qui grossissent les caract\u00e8res, beaucoup de personnes peuvent continuer \u00e0 travailler et conserver une plus grande autonomie.<\/p>\n<p>Dans les cas graves, il est traumatisant de perdre la capacit\u00e9 de lire, d&rsquo;\u00e9crire ou de circuler librement. La clinique de basse vision travaille de pr\u00e8s avec <a href=\"https:\/\/www.cnib.ca\" target=\"_blank\">l&rsquo;Institut national canadien pour les aveugles (INCA)<\/a> pour s&rsquo;assurer que les patients qui traversent cette \u00e9preuve re\u00e7oivent les conseils dont ils ont besoin et connaissent les services de soutien et l&rsquo;\u00e9quipement disponibles<\/p>\n<h2>Qu&rsquo;est-ce qu&rsquo;une \u00e9valuation de la basse vision?<\/h2>\n<p>C&rsquo;est une \u00e9valuation de la vue des personnes qui n&rsquo;arrivent pas \u00e0 voir assez bien avec des lunettes ordinaires. La basse vision ne veut pas dire qu&rsquo;on est aveugle. Les personnes qui ont une basse vision ont encore une vision fonctionnelle. On peut souvent am\u00e9liorer leur vue \u00e0 l&rsquo;aide de dispositifs sp\u00e9ciaux. Que votre probl\u00e8me soit l\u00e9ger ou grave, une basse vision signifie que votre vue ne r\u00e9pond pas \u00e0 vos besoins.<\/p>\n<h2>Qu&rsquo;est-ce qui cause la basse vision?<\/h2>\n<p>La basse vision touche les personnes de tous les \u00e2ges. Elle est toutefois plus courante chez les personnes \u00e2g\u00e9es. Divers troubles peuvent nuire \u00e0 l&rsquo;\u0153il et au syst\u00e8me de la vue et affaiblir la vision. Ce sont, par exemple, des anomalies \u00e0 la naissance, des blessures, certaines maladies ou encore le vieillissement. La cause la plus courante de la basse vision est la d\u00e9g\u00e9n\u00e9rescence maculaire. C&rsquo;est une maladie de la r\u00e9tine ou de la couche int\u00e9rieure de l&rsquo;\u0153il qui capte la lumi\u00e8re et vous permet de voir. La d\u00e9g\u00e9n\u00e9rescence maculaire cause des dommages \u00e0 la vision centrale seulement. Elle n&rsquo;affecte pas la vision lat\u00e9rale (de c\u00f4t\u00e9) ou p\u00e9riph\u00e9rique.<\/p>\n<h2>Est-ce qu&rsquo;il existe diff\u00e9rents genres de basse vision?<\/h2>\n<p>Oui. La baisse de la vision centrale ou de lecture est le genre de basse vision le plus courant. Parmi les autres genres de basse vision, il y a :<\/p>\n<ul>\n<li>la baisse de la vision de c\u00f4t\u00e9 (p\u00e9riph\u00e9rique)<\/li>\n<li>l&rsquo;incapacit\u00e9 de voir les couleurs<\/li>\n<li>l&rsquo;incapacit\u00e9 des yeux de s&rsquo;ajuster \u00e0 la lumi\u00e8re, aux contrastes ou \u00e0 l&rsquo;\u00e9blouissement (reflets).<\/li>\n<\/ul>\n<p>Vous pourriez avoir besoin d&rsquo;aides diff\u00e9rentes selon votre type de basse vision.<\/p>\n<h2>Qu&rsquo;est-ce qu&rsquo;une aide pour la basse vision?<\/h2>\n<p>C&rsquo;est un dispositif optique (d\u00e9crit ci-dessous) qui sert \u00e0 am\u00e9liorer la vision.<\/p>\n<h2>Dispositifs optiques pour la basse vision<\/h2>\n<p>Ces dispositifs grossissent l&rsquo;objet que vous regardez. Ils diff\u00e8rent des lunettes habituelles. La clinique de basse vision de l&rsquo;Institut de l&rsquo;\u0153il a les dispositifs suivants :<\/p>\n<ul>\n<li>loupes \u00e0 main<\/li>\n<li>loupes \u00e0 poser (COIL et Eschenbach)<\/li>\n<li>lunettes de lecture \u00e0 fortes puissances positives vari\u00e9es<\/li>\n<li>t\u00e9lescopes Ocutech<\/li>\n<li>t\u00e9lescopes \u00e0 main<\/li>\n<li>jumelles de lecture et de loin<\/li>\n<li>t\u00e9l\u00e9vision en circuit ferm\u00e9.<\/li>\n<\/ul>\n<h2>Aides non optiques<\/h2>\n<p>Ces aides pour la basse vision comprennent des jeux de cartes avec des gros chiffres, des livres enregistr\u00e9s sur cassette, des montres parlantes, etc. La technique la plus simple est de vous approcher de ce que vous voulez voir. Vous n&rsquo;endommagerez pas vos yeux en tenant un livre tr\u00e8s pr\u00e8s de vos yeux ou en vous assoyant jusqu&rsquo;\u00e0 un pied de la t\u00e9l\u00e9vision.<\/p>\n<p>Il n&rsquo;y a pas de dispositif capable de r\u00e9tablir la vision normale dans toutes les situations. Vous pourriez avoir besoin de diff\u00e9rents dispositifs pour diff\u00e9rentes t\u00e2ches visuelles.<\/p>\n<h2>Pourquoi dois-je avoir 2 rendez-vous pour l&rsquo;\u00e9valuation de ma basse vision?<\/h2>\n<p>Une fois que la clinique de basse vision re\u00e7oit la demande de consultation de votre m\u00e9decin, on vous appelle pour fixer 2 rendez-vous. Au premier rendez-vous, vous verrez un technologue en ophtalmologie qui se sp\u00e9cialise dans la basse vision.<\/p>\n<p>\u00c0 ce rendez-vous, le technologue :<\/p>\n<ul>\n<li>discutera avec vous de vos besoins visuels<\/li>\n<li>v\u00e9rifiera vos ordonnances actuelles et vos loupes<\/li>\n<li>vous montrera les aides optiques vari\u00e9es qui sont disponibles. .<\/li>\n<\/ul>\n<p>Au second rendez-vous, vous verrez un ophtalmologiste. Il confirmera et prescrira les aides optiques dont vous avez besoin pour am\u00e9liorer votre vision.<\/p>\n<h2>O\u00f9 puis-je aller pour faire remplir mes ordonnances d&rsquo;aides optiques?<\/h2>\n<p>Vous pouvez acheter les aides pour la basse vision aupr\u00e8s des opticiens de l&rsquo;Institut de l&rsquo;\u0153il, \u00e0 <a href=\"https:\/\/www.cnib.ca\" target=\"_blank\">l&rsquo;Institut national canadien pour les aveugles<\/a> et aupr\u00e8s d&rsquo;autres opticiens agr\u00e9\u00e9s.<\/p>\n<p>Pour en savoir plus ou pour prendre rendez-vous \u00e0 notre clinique de basse vision, appelez l&rsquo;Institut de l&rsquo;\u0153il au 613-737-8899, poste 78716.<\/p>\n","protected":false},"excerpt":{"rendered":"<p>Dre Marie-Louise Lapointe, professeure adjointe ; Katya Molino, COMT ; N. Mariamme Ukena, BSc, BA, COMT, ROUB M\u00eame si la vue de centaines de patients de l&rsquo;Institut de l&rsquo;\u0153il s&rsquo;am\u00e9liore gr\u00e2ce \u00e0 des technologies de pointe et des traitements sp\u00e9cialis\u00e9s, une petite proportion de la population continue de ressentir l&rsquo;impact d&rsquo;une vision r\u00e9duite. Il peut [&hellip;]<\/p>\n","protected":false},"author":25,"featured_media":0,"parent":11434,"menu_order":12,"comment_status":"closed","ping_status":"closed","template":"","meta":{"_acf_changed":false,"_mc_calendar":[],"footnotes":""},"class_list":["post-11512","page","type-page","status-publish","hentry"],"acf":[],"wps_subtitle":"","_links":{"self":[{"href":"https:\/\/www.ottawahospital.on.ca\/fr\/wp-json\/wp\/v2\/pages\/11512","targetHints":{"allow":["GET"]}}],"collection":[{"href":"https:\/\/www.ottawahospital.on.ca\/fr\/wp-json\/wp\/v2\/pages"}],"about":[{"href":"https:\/\/www.ottawahospital.on.ca\/fr\/wp-json\/wp\/v2\/types\/page"}],"author":[{"embeddable":true,"href":"https:\/\/www.ottawahospital.on.ca\/fr\/wp-json\/wp\/v2\/users\/25"}],"replies":[{"embeddable":true,"href":"https:\/\/www.ottawahospital.on.ca\/fr\/wp-json\/wp\/v2\/comments?post=11512"}],"version-history":[{"count":0,"href":"https:\/\/www.ottawahospital.on.ca\/fr\/wp-json\/wp\/v2\/pages\/11512\/revisions"}],"up":[{"embeddable":true,"href":"https:\/\/www.ottawahospital.on.ca\/fr\/wp-json\/wp\/v2\/pages\/11434"}],"wp:attachment":[{"href":"https:\/\/www.ottawahospital.on.ca\/fr\/wp-json\/wp\/v2\/media?parent=11512"}],"curies":[{"name":"wp","href":"https:\/\/api.w.org\/{rel}","templated":true}]}}