{"id":11480,"date":"2016-11-30T13:29:41","date_gmt":"2016-11-30T18:29:41","guid":{"rendered":"http:\/\/52.229.122.34\/fr\/?page_id=11480"},"modified":"2016-11-30T13:29:41","modified_gmt":"2016-11-30T18:29:41","slug":"ophtalmologie-pediatriques","status":"publish","type":"page","link":"https:\/\/www.ottawahospital.on.ca\/fr\/services-cliniques\/deptpgrmcs\/programmes\/institut-de-loeil\/services-cliniques-et-diagnostiques\/ophtalmologie-pediatriques\/","title":{"rendered":"Ophtalmologie p\u00e9diatriques"},"content":{"rendered":"<p><strong>D<sup>re<\/sup> Annick Fournier, professeure adjointe<\/strong><br \/>\n<strong>D<sup>r<\/sup> Gary E. Bonn, charg\u00e9 de cours<\/strong><br \/>\n<strong>D<sup>r<\/sup> Michael O&rsquo;Connor<\/strong><\/p>\n<p>Le strabisme (\u0153il louche) et l&rsquo;amblyopie (\u0153il paresseux) sont les deux troubles ophtalmologiques les plus courants chez les enfants. Dans les deux cas, le cerveau supprime l&rsquo;information re\u00e7ue de l&rsquo;\u0153il atteint afin de fournir une vision claire. S&rsquo;il n&rsquo;est pas trait\u00e9, l&rsquo;\u0153il louche ou paresseux ne se d\u00e9veloppera jamais compl\u00e8tement.<\/p>\n<p>\u00c0 l&rsquo;aide d&rsquo;une chirurgie ou de lunettes sp\u00e9ciales, l&rsquo;ophtalmologiste p\u00e9diatrique essaie de r\u00e9aligner l&rsquo;\u0153il louche pour que le cerveau r\u00e9tablisse les connexions neurales et qu&rsquo;il utilise les deux yeux en m\u00eame temps. On peut souvent corriger un \u0153il paresseux en cachant le bon \u0153il avec un pansement. On oblige ainsi le cerveau \u00e0 utiliser et \u00e0 renforcer l&rsquo;\u0153il paresseux.<\/p>\n<p>Les enfants peuvent aussi avoir les m\u00eames maladies oculaires que les adultes : anomalies cong\u00e9nitales, cataractes, glaucome et tumeurs de la r\u00e9tine. Les ophtalmologistes p\u00e9diatriques traitent ces maladies en consultation avec les sp\u00e9cialistes en neuro-ophtalmologie, en maladies externes, en troubles de la r\u00e9tine et de la corn\u00e9e et en oculoplastie.<\/p>\n<p>Dans la r\u00e9gion d&rsquo;Ottawa-Carleton, tous les traitements m\u00e9dicaux et chirurgicaux des enfants se font au Centre hospitalier pour enfants de l&rsquo;est de l&rsquo;Ontario (CHEO). Chaque ann\u00e9e, on y pratique plus de 500 chirurgies et environ 9 000 enfants sont r\u00e9f\u00e9r\u00e9s en clinique externe. Le traitement et la gestion des cas des jeunes patients n\u00e9cessitent une attention et des soins sp\u00e9ciaux, que ce soit l&rsquo;introduction d&rsquo;une sonde simple pour d\u00e9boucher un canal lacrymal bouch\u00e9 ou une chirurgie intraoculaire plus complexe.<\/p>\n<p>En accordant des privil\u00e8ges aux ophtalmologistes p\u00e9diatriques du CHEO, l&rsquo;Institut de l&rsquo;\u0153il a contribu\u00e9 \u00e0 cr\u00e9er un des \u00e9tablissements de sant\u00e9 pour enfants les plus solides au pays.<\/p>\n","protected":false},"excerpt":{"rendered":"<p>Dre Annick Fournier, professeure adjointe Dr Gary E. Bonn, charg\u00e9 de cours Dr Michael O&rsquo;Connor Le strabisme (\u0153il louche) et l&rsquo;amblyopie (\u0153il paresseux) sont les deux troubles ophtalmologiques les plus courants chez les enfants. Dans les deux cas, le cerveau supprime l&rsquo;information re\u00e7ue de l&rsquo;\u0153il atteint afin de fournir une vision claire. S&rsquo;il n&rsquo;est pas [&hellip;]<\/p>\n","protected":false},"author":25,"featured_media":0,"parent":11434,"menu_order":10,"comment_status":"closed","ping_status":"closed","template":"","meta":{"_acf_changed":false,"_mc_calendar":[],"footnotes":""},"class_list":["post-11480","page","type-page","status-publish","hentry"],"acf":[],"wps_subtitle":"","_links":{"self":[{"href":"https:\/\/www.ottawahospital.on.ca\/fr\/wp-json\/wp\/v2\/pages\/11480","targetHints":{"allow":["GET"]}}],"collection":[{"href":"https:\/\/www.ottawahospital.on.ca\/fr\/wp-json\/wp\/v2\/pages"}],"about":[{"href":"https:\/\/www.ottawahospital.on.ca\/fr\/wp-json\/wp\/v2\/types\/page"}],"author":[{"embeddable":true,"href":"https:\/\/www.ottawahospital.on.ca\/fr\/wp-json\/wp\/v2\/users\/25"}],"replies":[{"embeddable":true,"href":"https:\/\/www.ottawahospital.on.ca\/fr\/wp-json\/wp\/v2\/comments?post=11480"}],"version-history":[{"count":0,"href":"https:\/\/www.ottawahospital.on.ca\/fr\/wp-json\/wp\/v2\/pages\/11480\/revisions"}],"up":[{"embeddable":true,"href":"https:\/\/www.ottawahospital.on.ca\/fr\/wp-json\/wp\/v2\/pages\/11434"}],"wp:attachment":[{"href":"https:\/\/www.ottawahospital.on.ca\/fr\/wp-json\/wp\/v2\/media?parent=11480"}],"curies":[{"name":"wp","href":"https:\/\/api.w.org\/{rel}","templated":true}]}}