{"id":11475,"date":"2016-11-30T13:26:58","date_gmt":"2016-11-30T18:26:58","guid":{"rendered":"http:\/\/52.229.122.34\/fr\/?page_id=11475"},"modified":"2016-12-12T12:03:33","modified_gmt":"2016-12-12T17:03:33","slug":"chirurgie-ophtalmologique-plastique-et-reconstructive","status":"publish","type":"page","link":"https:\/\/www.ottawahospital.on.ca\/fr\/services-cliniques\/deptpgrmcs\/programmes\/institut-de-loeil\/services-cliniques-et-diagnostiques\/chirurgie-ophtalmologique-plastique-et-reconstructive\/","title":{"rendered":"Chirurgie ophtalmologique, plastique et reconstructive"},"content":{"rendered":"<p>La chirurgie ophtalmologique, plastique et reconstructive ou\u00a0\u00ab chirurgie oculoplastique\u00a0\u00bb\u00a0est une branche de l&rsquo;ophtalmologie qui s&rsquo;int\u00e9resse aux probl\u00e8mes des paupi\u00e8res, du syst\u00e8me de conduits lacrymaux (dans lequel les larmes s&rsquo;\u00e9coulent) et de la cavit\u00e9 de l&rsquo;\u0153il (orbite).<\/p>\n<p>Les probl\u00e8mes trait\u00e9s couramment comprennent le diagnostic et le traitement de bosses ou de grosseurs; de probl\u00e8mes de larmoiement (\u00e9coulement de larmes), de cils mal orient\u00e9s, de paupi\u00e8res tombantes, d&rsquo;exc\u00e8s de peau et de poches des paupi\u00e8res; d&rsquo;entropions (retournement de la paupi\u00e8re en dedans); d&rsquo;ectropions (\u00e9version du bord de la paupi\u00e8re qui perd le contact avec le globe oculaire); d&rsquo;infections dans les paupi\u00e8res, le canal lacrymal ou l&rsquo;orbite ainsi que de blessures vari\u00e9es comme les lac\u00e9rations aux paupi\u00e8res, les fractures osseuses de la cavit\u00e9 de l&rsquo;\u0153il (fractures du plancher) et les ruptures du globe oculaire.<\/p>\n<p>\u00c9tabli en 1987 et offert en ce moment par le <strong>D<sup>r<\/sup> David R. Jordan<\/strong> et le <strong>D<sup>r<\/sup> Steven M. Gilberg<\/strong>, ce service est un des plus occup\u00e9s au Canada. Plus de 1 800 chirurgies sont pratiqu\u00e9es chaque ann\u00e9e. Les patients de l&rsquo;Institut de l&rsquo;\u0153il viennent de la r\u00e9gion de la vall\u00e9e de l&rsquo;Outaouais de m\u00eame que d&rsquo;autres parties de l&rsquo;Ontario et des provinces adjacentes (Qu\u00e9bec, Nouveau-Brunswick, Nouvelle-\u00c9cosse, Terre-Neuve-et-Labrador).<\/p>\n<p>Les chirurgiens de l&rsquo;Institut de l&rsquo;\u0153il ont \u00e9t\u00e9 parmi les premiers au Canada \u00e0 utiliser, en 1990, des yeux artificiels faits en corail de mer (hydroxyapatite). On enl\u00e8ve l&rsquo;\u0153il et on implante ensuite une sph\u00e8re en coralline dans la cavit\u00e9 de l&rsquo;\u0153il. Cette sph\u00e8re s&rsquo;int\u00e8gre aux tissus qui l&rsquo;entoure. Ensuite, elle pourra accueillir la proth\u00e8se oculaire (l&rsquo;\u0153il artificiel) qui a \u00e9t\u00e9 peinte soigneusement de fa\u00e7on \u00e0 reproduire parfaitement la couleur du vrai \u0153il du patient.<\/p>\n<p>L&rsquo;implant, sur une p\u00e9riode de plusieurs mois, devient compl\u00e8tement bio-int\u00e9gr\u00e9. Puis, on fait une deuxi\u00e8me chirurgie pour relier directement la proth\u00e8se \u00e0 l&rsquo;implant un utilisant un syst\u00e8me de chevilles. Cela permet de donner \u00e0 l&rsquo;\u0153il artificiel un mouvement beaucoup plus naturel.<\/p>\n<p>Au cours des 16 derni\u00e8res ann\u00e9es, les recherches en chirurgie oculoplastique ont surtout tent\u00e9 d&rsquo;am\u00e9liorer les implants orbitaires poreux comme ceux en\u00a0\u00ab\u00a0hydroxyapatite\u00a0\u00bb.\u00a0Elles visent aussi \u00e0 offrir de meilleurs r\u00e9sultats aux patients et de r\u00e9duire la p\u00e9riode de convalescence.<\/p>\n<p>L&rsquo;\u00e9quipe de chirurgiens oculoplastiques de l&rsquo;Institut de l&rsquo;\u0153il a r\u00e9alis\u00e9 plus de 500 implants orbitaires poreux depuis 16 ans. Ils ont \u00e9tudi\u00e9 et aid\u00e9 \u00e0 d\u00e9velopper plusieurs autres types d&rsquo;implants poreux, incluant un implant en hydroxyapatite synth\u00e9tique vendu actuellement dans le monde entier.<\/p>\n<p>Une version plus r\u00e9cente d&rsquo;implant orbitaire poreux en oxyde d&rsquo;aluminium a \u00e9galement des racines \u00e0 l&rsquo;Institut de l&rsquo;\u0153il. En effet, toutes les exp\u00e9riences pr\u00e9liminaires sur les animaux et les premi\u00e8res \u00e9tudes cliniques de cet implant ont \u00e9t\u00e9 faites ici. L&rsquo;oxyde d&rsquo;aluminium est utilis\u00e9 dans les domaines dentaire et orthop\u00e9dique depuis des d\u00e9cennies. C&rsquo;est un mat\u00e9riau l\u00e9ger et solide que le corps humain tol\u00e8re extr\u00eamement bien. L&rsquo;implant orbitaire en oxyde d&rsquo;aluminium est maintenant l&rsquo;implant orbitaire que les m\u00e9decins choisissent en premier \u00e0 l&rsquo;Institut de l&rsquo;\u0153il pour les personnes qui doivent se faire enlever un \u0153il.<\/p>\n<p>Nous avons plusieurs projets de recherche \u00e0 l&rsquo;horizon. Entre autres, nous voulons continuer d&rsquo;am\u00e9liorer les implants orbitaires. Le but ultime est d&rsquo;aider les personnes qui ont un \u0153il artificiel \u00e0 retrouver une apparence naturelle. Nous voulons aussi poursuivre la recherche de nouvelles techniques novatrices et de techniques plus simples et \u00e9galement perfectionner nos techniques chirurgicales actuelles pour les patients ayant une maladie des paupi\u00e8res, du canal lacrymal ou de la cavit\u00e9 orbitaire.<\/p>\n<p>Une <a href=\"\/fr\/services-cliniques\/deptpgrmcs\/programmes\/institut-de-loeil\/programmes-de-formation-et-deducation-medicale\/\">sursp\u00e9cialisation<\/a> d&rsquo;un an en c<em>hirurgie ophtalmologique, plastique et reconstructive <\/em>est habituellement offerte sur une base annuelle, et on s&rsquo;attend du moniteur clinique qu&rsquo;il participe aux recherches scientifiques et cliniques.<\/p>\n<p>Les chirurgies se font \u00e0 3 endroits : la salle d&rsquo;op\u00e9ration du Campus G\u00e9n\u00e9ral de L&rsquo;H\u00f4pital d&rsquo;Ottawa pour les chirurgies des patients hospitalis\u00e9s; une salle d&rsquo;op\u00e9ration pour patients externes de l&rsquo;Institut de l&rsquo;\u0153il pour l&rsquo;anesth\u00e9sie locale et une salle pour chirurgies mineures, \u00e9galement situ\u00e9e \u00e0 l&rsquo;Institut de l&rsquo;\u0153il, o\u00f9 beaucoup des chirurgies de la paupi\u00e8re et des biopsies sont effectu\u00e9es.<\/p>\n","protected":false},"excerpt":{"rendered":"<p>La chirurgie ophtalmologique, plastique et reconstructive ou\u00a0\u00ab chirurgie oculoplastique\u00a0\u00bb\u00a0est une branche de l&rsquo;ophtalmologie qui s&rsquo;int\u00e9resse aux probl\u00e8mes des paupi\u00e8res, du syst\u00e8me de conduits lacrymaux (dans lequel les larmes s&rsquo;\u00e9coulent) et de la cavit\u00e9 de l&rsquo;\u0153il (orbite). Les probl\u00e8mes trait\u00e9s couramment comprennent le diagnostic et le traitement de bosses ou de grosseurs; de probl\u00e8mes de larmoiement [&hellip;]<\/p>\n","protected":false},"author":25,"featured_media":0,"parent":11434,"menu_order":9,"comment_status":"closed","ping_status":"closed","template":"","meta":{"_acf_changed":false,"_mc_calendar":[],"footnotes":""},"class_list":["post-11475","page","type-page","status-publish","hentry"],"acf":[],"wps_subtitle":"","_links":{"self":[{"href":"https:\/\/www.ottawahospital.on.ca\/fr\/wp-json\/wp\/v2\/pages\/11475","targetHints":{"allow":["GET"]}}],"collection":[{"href":"https:\/\/www.ottawahospital.on.ca\/fr\/wp-json\/wp\/v2\/pages"}],"about":[{"href":"https:\/\/www.ottawahospital.on.ca\/fr\/wp-json\/wp\/v2\/types\/page"}],"author":[{"embeddable":true,"href":"https:\/\/www.ottawahospital.on.ca\/fr\/wp-json\/wp\/v2\/users\/25"}],"replies":[{"embeddable":true,"href":"https:\/\/www.ottawahospital.on.ca\/fr\/wp-json\/wp\/v2\/comments?post=11475"}],"version-history":[{"count":0,"href":"https:\/\/www.ottawahospital.on.ca\/fr\/wp-json\/wp\/v2\/pages\/11475\/revisions"}],"up":[{"embeddable":true,"href":"https:\/\/www.ottawahospital.on.ca\/fr\/wp-json\/wp\/v2\/pages\/11434"}],"wp:attachment":[{"href":"https:\/\/www.ottawahospital.on.ca\/fr\/wp-json\/wp\/v2\/media?parent=11475"}],"curies":[{"name":"wp","href":"https:\/\/api.w.org\/{rel}","templated":true}]}}