{"id":11471,"date":"2016-11-30T13:25:09","date_gmt":"2016-11-30T18:25:09","guid":{"rendered":"http:\/\/52.229.122.34\/fr\/?page_id=11471"},"modified":"2016-11-30T13:25:09","modified_gmt":"2016-11-30T18:25:09","slug":"imagerie-ophtalmologique","status":"publish","type":"page","link":"https:\/\/www.ottawahospital.on.ca\/fr\/services-cliniques\/deptpgrmcs\/programmes\/institut-de-loeil\/services-cliniques-et-diagnostiques\/imagerie-ophtalmologique\/","title":{"rendered":"Imagerie ophtalmologique"},"content":{"rendered":"<p>La qualit\u00e9 de la vision d\u00e9pend de la structure et du fonctionnement des parties individuelles de l&rsquo;\u0153il. Pour donner un traitement efficace, il nous faut une image pr\u00e9cise des caract\u00e9ristiques uniques de chaque patient. Les photographes ophtalmologiques utilisent des cam\u00e9ras ordinaires qu&rsquo;ils peuvent tenir d&rsquo;une main. Ces cam\u00e9ras sont \u00e9quip\u00e9es de lentilles sp\u00e9ciales qui leur permettent de documenter les particularit\u00e9s du visage, des paupi\u00e8res, des muscles de l&rsquo;\u0153il et des pupilles. Gr\u00e2ce \u00e0 des cam\u00e9ras sophistiqu\u00e9es capables de grossir les d\u00e9tails, il est possible d&rsquo;enregistrer les anomalies \u00e0 la surface et \u00e0 l&rsquo;int\u00e9rieur de l&rsquo;\u0153il.<\/p>\n<p>En 1992, l&rsquo;Institut de l&rsquo;\u0153il a \u00e9t\u00e9 le premier centre canadien \u00e0 acqu\u00e9rir de l&rsquo;\u00e9quipement et des logiciels num\u00e9riques permettant d&rsquo;examiner m\u00eame les plus petites structures comme les cellules et les vaisseaux sanguins. Pour cet examen, on injecte de la fluoresc\u00e9ine (colorant v\u00e9g\u00e9tal jaune) dans une veine. Le colorant circule dans les vaisseaux sanguins de l&rsquo;\u0153il. Cela nous permet, gr\u00e2ce \u00e0 une cam\u00e9ra sp\u00e9ciale, d&rsquo;obtenir des images d\u00e9taill\u00e9es de la r\u00e9tine, couche par couche. Une seconde proc\u00e9dure, appel\u00e9e angiographie au vert d&rsquo;indocyanine, utilise une lumi\u00e8re infrarouge pour cr\u00e9er des images capables de d\u00e9tecter les anomalies microscopiques dans la circulation sanguine.<\/p>\n<p>Cet \u00e9quipement et ce mat\u00e9riel am\u00e9liorent la capacit\u00e9 de l&rsquo;Institut d&rsquo;effectuer des angiogrammes. Ils r\u00e9duisent aussi le besoin d&rsquo;avoir recours \u00e0 des films de cam\u00e9ra et d&rsquo;avoir \u00e0 les d\u00e9velopper. En obtenant des images sur des disques optiques, les ophtalmologistes peuvent simuler diverses reconstructions et d\u00e9terminer le meilleur traitement. Dans bien des cas, la puissance de calcul de l&rsquo;\u00e9quipement permet de diagnostiquer des troubles et de commencer le traitement dans la m\u00eame s\u00e9ance.<\/p>\n<p>De plus, la capacit\u00e9 de grossissement des cam\u00e9ras et des logiciels nous permet de photographier et d&rsquo;\u00e9valuer individuellement les cellules, \u00e0 la surface arri\u00e8re de la corn\u00e9e, qui sont responsables de la clart\u00e9 visuelle. Cette information est extr\u00eamement utile pour les chirurgies intraoculaires et le traitement des cataractes et pour \u00e9valuer les greffes de corn\u00e9e et les tissus des donneurs.<\/p>\n","protected":false},"excerpt":{"rendered":"<p>La qualit\u00e9 de la vision d\u00e9pend de la structure et du fonctionnement des parties individuelles de l&rsquo;\u0153il. Pour donner un traitement efficace, il nous faut une image pr\u00e9cise des caract\u00e9ristiques uniques de chaque patient. Les photographes ophtalmologiques utilisent des cam\u00e9ras ordinaires qu&rsquo;ils peuvent tenir d&rsquo;une main. Ces cam\u00e9ras sont \u00e9quip\u00e9es de lentilles sp\u00e9ciales qui leur [&hellip;]<\/p>\n","protected":false},"author":25,"featured_media":0,"parent":11434,"menu_order":8,"comment_status":"closed","ping_status":"closed","template":"","meta":{"_acf_changed":false,"_mc_calendar":[],"footnotes":""},"class_list":["post-11471","page","type-page","status-publish","hentry"],"acf":[],"wps_subtitle":"","_links":{"self":[{"href":"https:\/\/www.ottawahospital.on.ca\/fr\/wp-json\/wp\/v2\/pages\/11471","targetHints":{"allow":["GET"]}}],"collection":[{"href":"https:\/\/www.ottawahospital.on.ca\/fr\/wp-json\/wp\/v2\/pages"}],"about":[{"href":"https:\/\/www.ottawahospital.on.ca\/fr\/wp-json\/wp\/v2\/types\/page"}],"author":[{"embeddable":true,"href":"https:\/\/www.ottawahospital.on.ca\/fr\/wp-json\/wp\/v2\/users\/25"}],"replies":[{"embeddable":true,"href":"https:\/\/www.ottawahospital.on.ca\/fr\/wp-json\/wp\/v2\/comments?post=11471"}],"version-history":[{"count":0,"href":"https:\/\/www.ottawahospital.on.ca\/fr\/wp-json\/wp\/v2\/pages\/11471\/revisions"}],"up":[{"embeddable":true,"href":"https:\/\/www.ottawahospital.on.ca\/fr\/wp-json\/wp\/v2\/pages\/11434"}],"wp:attachment":[{"href":"https:\/\/www.ottawahospital.on.ca\/fr\/wp-json\/wp\/v2\/media?parent=11471"}],"curies":[{"name":"wp","href":"https:\/\/api.w.org\/{rel}","templated":true}]}}