{"id":11467,"date":"2016-11-30T13:23:42","date_gmt":"2016-11-30T18:23:42","guid":{"rendered":"http:\/\/52.229.122.34\/fr\/?page_id=11467"},"modified":"2016-12-12T12:02:00","modified_gmt":"2016-12-12T17:02:00","slug":"pathologie-ophtalmologique","status":"publish","type":"page","link":"https:\/\/www.ottawahospital.on.ca\/fr\/services-cliniques\/deptpgrmcs\/programmes\/institut-de-loeil\/services-cliniques-et-diagnostiques\/pathologie-ophtalmologique\/","title":{"rendered":"Pathologie ophtalmologique"},"content":{"rendered":"<p><strong>D<sup>r<\/sup> Seymour Brownstein<\/strong><\/p>\n<p>La pathologie ophtalmologique offre les connaissances de base nous permettant de comprendre comment la maladie alt\u00e8re le fonctionnement de l&rsquo;\u0153il. Dans beaucoup de cas, les \u00e9chantillons de tissus \u00e9tudi\u00e9s au microscope fournissent de l&rsquo;information importante sur des troubles qui ne peuvent pas \u00eatre facilement diagnostiqu\u00e9s.<\/p>\n<p>Le pathologiste ophtalmologique peut \u00eatre confront\u00e9 \u00e0 des situations extr\u00eamement difficiles o\u00f9 il n&rsquo;est pas clair, m\u00eame avec les techniques les plus avanc\u00e9es, si la l\u00e9sion est b\u00e9nigne ou canc\u00e9reuse. Le D<sup>r<\/sup> Brownstein examine plus de 150 \u00e9chantillons par ann\u00e9e.<\/p>\n<p>Le Registre de pathologie ophtalmologique d&rsquo;Ottawa a \u00e9t\u00e9 cr\u00e9\u00e9 \u00e0 L&rsquo;H\u00f4pital d&rsquo;Ottawa en 1971. Le Registre re\u00e7oit des \u00e9chantillons oculaires des h\u00f4pitaux associ\u00e9s \u00e0 l&rsquo;Universit\u00e9 d&rsquo;Ottawa de m\u00eame que de plusieurs h\u00f4pitaux r\u00e9gionaux d&rsquo;Ottawa et d&rsquo;\u00e9tablissements m\u00e9dicaux partout au Canada et parfois \u00e0 l&rsquo;\u00e9tranger.<\/p>\n<p>La pathologie ophtalmologique fait partie int\u00e9grante du programme de <a href=\"\/fr\/services-cliniques\/deptpgrmcs\/programmes\/institut-de-loeil\/programmes-de-formation-et-deducation-medicale\/\">r\u00e9sidence en ophtalmologie<\/a>. Les r\u00e9sidents re\u00e7oivent environ 12 heures de cours magistraux en plus de la formation clinique.<\/p>\n<p>En ce moment, l&rsquo;unit\u00e9 de pathologie ophtalmologique a une vingtaine de projets de recherche en cours, incluant des \u00e9tudes men\u00e9es en collaboration avec des professeurs de divers d\u00e9partements, principalement \u00e0 l&rsquo;Universit\u00e9 d&rsquo;Ottawa.<\/p>\n<p>Les domaines de recherche comprennent la n\u00e9oplasie oculaire, l&rsquo;inflammation et les infections, les d\u00e9g\u00e9n\u00e9rescences et troubles vasculaires, les infiltrations, les anomalies cong\u00e9nitales et h\u00e9r\u00e9ditaires, le glaucome et les traumatismes. Les autres chercheurs sp\u00e9cialis\u00e9s \u00e0 l&rsquo;Institut de l&rsquo;\u0153il comptent \u00e9norm\u00e9ment sur la collaboration de l&rsquo;unit\u00e9 de pathologie oculaire pour leurs projets de recherche.<\/p>\n<p>Sommit\u00e9 internationale en pathologie oculaire, le D<sup>r<\/sup> Seymour Brownstein a mis sur pied un laboratoire de pathologie oculaire ultramoderne. Il est auteur ou coauteur de plus de 200 publications et a donn\u00e9 quelque 600 conf\u00e9rences partout dans le monde.<\/p>\n","protected":false},"excerpt":{"rendered":"<p>Dr Seymour Brownstein La pathologie ophtalmologique offre les connaissances de base nous permettant de comprendre comment la maladie alt\u00e8re le fonctionnement de l&rsquo;\u0153il. Dans beaucoup de cas, les \u00e9chantillons de tissus \u00e9tudi\u00e9s au microscope fournissent de l&rsquo;information importante sur des troubles qui ne peuvent pas \u00eatre facilement diagnostiqu\u00e9s. Le pathologiste ophtalmologique peut \u00eatre confront\u00e9 \u00e0 [&hellip;]<\/p>\n","protected":false},"author":25,"featured_media":0,"parent":11434,"menu_order":7,"comment_status":"closed","ping_status":"closed","template":"","meta":{"_acf_changed":false,"_mc_calendar":[],"footnotes":""},"class_list":["post-11467","page","type-page","status-publish","hentry"],"acf":[],"wps_subtitle":"","_links":{"self":[{"href":"https:\/\/www.ottawahospital.on.ca\/fr\/wp-json\/wp\/v2\/pages\/11467","targetHints":{"allow":["GET"]}}],"collection":[{"href":"https:\/\/www.ottawahospital.on.ca\/fr\/wp-json\/wp\/v2\/pages"}],"about":[{"href":"https:\/\/www.ottawahospital.on.ca\/fr\/wp-json\/wp\/v2\/types\/page"}],"author":[{"embeddable":true,"href":"https:\/\/www.ottawahospital.on.ca\/fr\/wp-json\/wp\/v2\/users\/25"}],"replies":[{"embeddable":true,"href":"https:\/\/www.ottawahospital.on.ca\/fr\/wp-json\/wp\/v2\/comments?post=11467"}],"version-history":[{"count":0,"href":"https:\/\/www.ottawahospital.on.ca\/fr\/wp-json\/wp\/v2\/pages\/11467\/revisions"}],"up":[{"embeddable":true,"href":"https:\/\/www.ottawahospital.on.ca\/fr\/wp-json\/wp\/v2\/pages\/11434"}],"wp:attachment":[{"href":"https:\/\/www.ottawahospital.on.ca\/fr\/wp-json\/wp\/v2\/media?parent=11467"}],"curies":[{"name":"wp","href":"https:\/\/api.w.org\/{rel}","templated":true}]}}