{"id":11463,"date":"2016-11-30T13:22:12","date_gmt":"2016-11-30T18:22:12","guid":{"rendered":"http:\/\/52.229.122.34\/fr\/?page_id=11463"},"modified":"2016-12-01T16:19:43","modified_gmt":"2016-12-01T21:19:43","slug":"neuro-ophtalmologie-neuropathie-optique","status":"publish","type":"page","link":"https:\/\/www.ottawahospital.on.ca\/fr\/services-cliniques\/deptpgrmcs\/programmes\/institut-de-loeil\/services-cliniques-et-diagnostiques\/neuro-ophtalmologie-neuropathie-optique\/","title":{"rendered":"Neuro-ophtalmologie (neuropathie optique)"},"content":{"rendered":"<p>La neuro-ophtalmologie est une sous-sp\u00e9cialit\u00e9 de la neurologie et de l&rsquo;ophtalmologie. Elle n\u00e9cessite une formation sp\u00e9cialis\u00e9e et une expertise dans les probl\u00e8mes des yeux, du cerveau, des nerfs et des muscles. Le neuro-ophtalmologiste a des comp\u00e9tences sp\u00e9ciales lui permettant d&rsquo;\u00e9valuer les aspects ophtalmologiques, neurologiques et m\u00e9dicaux des patients afin de diagnostiquer et de traiter diff\u00e9rents probl\u00e8mes.<\/p>\n<p>Le but de la neuro-ophtalmologie est de comprendre les liens entre l&rsquo;\u0153il et le cerveau et leurs effets sur la sant\u00e9 et la maladie.<\/p>\n<p>Certains troubles neuro-ophtalmologiques tendent \u00e0 causer des probl\u00e8mes aux niveaux sup\u00e9rieurs de la fonction visuelle et \u00e0 troubler l&rsquo;interpr\u00e9tation plut\u00f4t que la perception de l&rsquo;information visuelle. Gr\u00e2ce \u00e0 des dispositifs tr\u00e8s perfectionn\u00e9s de surveillance oculaire et \u00e0 des syst\u00e8mes d&rsquo;affichage pilot\u00e9s par ordinateur, il est possible d&rsquo;\u00e9tudier de quelle mani\u00e8re les dommages aux centres visuels du cerveau affectent les mouvements de l&rsquo;\u0153il et l&rsquo;attention visuelle.<\/p>\n<p>Le personnel de la clinique de neuro-ophtalmologie de l&rsquo;Institut de l&rsquo;\u0153il travaille de pr\u00e8s avec celui du Service de radiologie et des divisions de Neurologie et de Neurochirurgie. Les progr\u00e8s r\u00e9alis\u00e9s en neuro-radiologie, en particulier le d\u00e9veloppement de la tomographie par ordinateur (CT) et de l&rsquo;imagerie par r\u00e9sonance magn\u00e9tique (IRM), permettent aux neuro-ophtalmologistes d&rsquo;obtenir des images d\u00e9taill\u00e9es du cerveau. Gr\u00e2ce \u00e0 ces outils, les sp\u00e9cialistes peuvent diagnostiquer exactement les maladies et trouver l&#8217;emplacement exact des r\u00e9gions affect\u00e9es.<\/p>\n<p>Avec l&rsquo;aide de l&rsquo;information fournie par les images, les neuro-ophtalmologistes peuvent ainsi, avant la chirurgie, planifier des strat\u00e9gies de traitement pour les tumeurs intracr\u00e2niennes, les ad\u00e9nomes de l&rsquo;hypophyse et les troubles affectant les voies sensorielles visuelles ou le moteur oculaire. Ils peuvent aussi pr\u00e9dire le pronostic visuel du patient \u00e0 la suite d&rsquo;un traitement m\u00e9dical, chirurgical ou de radioth\u00e9rapie.<\/p>\n","protected":false},"excerpt":{"rendered":"<p>La neuro-ophtalmologie est une sous-sp\u00e9cialit\u00e9 de la neurologie et de l&rsquo;ophtalmologie. Elle n\u00e9cessite une formation sp\u00e9cialis\u00e9e et une expertise dans les probl\u00e8mes des yeux, du cerveau, des nerfs et des muscles. Le neuro-ophtalmologiste a des comp\u00e9tences sp\u00e9ciales lui permettant d&rsquo;\u00e9valuer les aspects ophtalmologiques, neurologiques et m\u00e9dicaux des patients afin de diagnostiquer et de traiter diff\u00e9rents [&hellip;]<\/p>\n","protected":false},"author":25,"featured_media":0,"parent":11434,"menu_order":6,"comment_status":"closed","ping_status":"closed","template":"","meta":{"_acf_changed":false,"_mc_calendar":[],"footnotes":""},"class_list":["post-11463","page","type-page","status-publish","hentry"],"acf":[],"wps_subtitle":"","_links":{"self":[{"href":"https:\/\/www.ottawahospital.on.ca\/fr\/wp-json\/wp\/v2\/pages\/11463","targetHints":{"allow":["GET"]}}],"collection":[{"href":"https:\/\/www.ottawahospital.on.ca\/fr\/wp-json\/wp\/v2\/pages"}],"about":[{"href":"https:\/\/www.ottawahospital.on.ca\/fr\/wp-json\/wp\/v2\/types\/page"}],"author":[{"embeddable":true,"href":"https:\/\/www.ottawahospital.on.ca\/fr\/wp-json\/wp\/v2\/users\/25"}],"replies":[{"embeddable":true,"href":"https:\/\/www.ottawahospital.on.ca\/fr\/wp-json\/wp\/v2\/comments?post=11463"}],"version-history":[{"count":0,"href":"https:\/\/www.ottawahospital.on.ca\/fr\/wp-json\/wp\/v2\/pages\/11463\/revisions"}],"up":[{"embeddable":true,"href":"https:\/\/www.ottawahospital.on.ca\/fr\/wp-json\/wp\/v2\/pages\/11434"}],"wp:attachment":[{"href":"https:\/\/www.ottawahospital.on.ca\/fr\/wp-json\/wp\/v2\/media?parent=11463"}],"curies":[{"name":"wp","href":"https:\/\/api.w.org\/{rel}","templated":true}]}}