{"id":11457,"date":"2016-11-30T13:20:10","date_gmt":"2016-11-30T18:20:10","guid":{"rendered":"http:\/\/52.229.122.34\/fr\/?page_id=11457"},"modified":"2017-01-23T10:47:59","modified_gmt":"2017-01-23T15:47:59","slug":"chirurgie-oculaire-au-laser-chirurgie-refractive","status":"publish","type":"page","link":"https:\/\/www.ottawahospital.on.ca\/fr\/services-cliniques\/deptpgrmcs\/programmes\/institut-de-loeil\/services-cliniques-et-diagnostiques\/chirurgie-oculaire-au-laser-chirurgie-refractive\/","title":{"rendered":"Chirurgie oculaire au laser (chirurgie r\u00e9fractive)"},"content":{"rendered":"<p>En janvier 1993, l&rsquo;Institut de l&rsquo;oeil est devenu le premier \u00e9tablissement d&rsquo;enseignement universitaire canadien \u00e0 obtenir le laser excim\u00e8re et \u00e0 \u00e9valuer son efficacit\u00e9 pour traiter la myopie, l&rsquo;hyperm\u00e9tropie, la presbytie et l&rsquo;astigmatisme.<\/p>\n<p>Le programme de chirurgie au laser excim\u00e8re de l\u2019Institut de l\u2019oeil a acquis une r\u00e9putation internationale gr\u00e2ce \u00e0 ses r\u00e9sultats de recherches cliniques et fondamentales. Les chercheurs ont travaill\u00e9 en \u00e9troite collaboration avec AMO\/VISX et ont fait des tests b\u00eata sur les nouveaux logiciels et le nouveau mat\u00e9riel. En partenariat avec AMO\/VISX, ils ont mis au point de nouveaux logiciels qui permettent de corriger les aberrations importantes de l\u2019oeil.<\/p>\n<p>L\u2019Institut a re\u00e7u le premier laser excim\u00e8re STAR en 1994 et utilise aujourd\u2019hui le syst\u00e8me STAR S4-IR, qui comprend le traitement \u00e0 petits et tr\u00e8s petits points (variable spot scanning), la r\u00e9fraction \u00e0 cadence de r\u00e9p\u00e9tition variable (variable repetition rate), la reconnaissance irienne, la compensation de la cyclotorsion, le centrage automatique et la d\u00e9tection de front d\u2019onde (Wavefront).<\/p>\n<p>L\u2019Institut a re\u00e7u le premier laser excim\u00e8re STAR en 1994 et utilise aujourd\u2019hui le syst\u00e8me STAR S4-IR, qui comprend le traitement \u00e0 petits et tr\u00e8s petits points (variable spot scanning), la r\u00e9fraction \u00e0 cadence de r\u00e9p\u00e9tition variable (variable r\u00e9p\u00e9tition rate), la reconnaissance irienne, la compensation de la cyclotorsion, le centrage automatique et la d\u00e9tection de front d\u2019onde (Wavefront).<\/p>\n<p>Plus r\u00e9cemment, il a utilis\u00e9 la technologie de d\u00e9tection de front d\u2019onde pour \u00e9valuer des patients et planifier leur traitement \u00e0 l\u2019aide d\u2019un logiciel personnalis\u00e9. C\u2019est l\u2019Institut de l\u2019oeil qui a trait\u00e9 les premiers patients hyperm\u00e9tropes et les premiers patients fortement myopes et astigmates avec cette technologie.<\/p>\n<p>\u00c0 l\u2019automne 2007, l\u2019Institut de l\u2019oeil est devenu le premier centre universitaire du Canada \u00e0 recevoir l\u2019appareil laser femtoseconde, IntraLase. Nous utiliserons l\u2019appareil pour l\u2019IntraLASIK, une intervention visant \u00e0 corriger la vision enti\u00e8rement au laser, ainsi que pour les chirurgies avanc\u00e9es de la corn\u00e9e, y compris les transplantations de corn\u00e9e.<\/p>\n<p>L\u2019institut a trait\u00e9 plus de 6 000 patients jusqu\u2019\u00e0 maintenant. La chirurgie au laser excim\u00e8re est devenue un centre d\u2019int\u00e9r\u00eat majeur en recherche clinique et fondamentale.<\/p>\n<h2>Aper\u00e7u des projets de recherche :<\/h2>\n<ul>\n<li>\u00c9valuation des diff\u00e9rentes techniques d\u2019ablation qui cr\u00e9ent une multifocalit\u00e9 de la corn\u00e9e en vue de traiter la presbytie<\/li>\n<li>Analyse approfondie des traitements qui int\u00e8grent la d\u00e9tection de front d\u2019onde avec LASIK, KPR, LASEK et Epi-LASIK<\/li>\n<li>Gu\u00e9rison de la corn\u00e9e apr\u00e8s une chirurgie r\u00e9fractive<\/li>\n<li>KPR et LASEK : \u00e9valuation comparative (k\u00e9ratomileusis \u00e9pith\u00e9lial au laser)<\/li>\n<li>Le LASIK (k\u00e9ratomileusis assist\u00e9 par laser) combin\u00e9 au laser femtoseconde<\/li>\n<li>Imagerie \u00e0 l\u2019aide de la d\u00e9tection de front d\u2019onde (Wavefront)<\/li>\n<li>\u00c9valuation d\u2019un nouveau laser excim\u00e8re d\u2019AMO<\/li>\n<li>\u00c9valuation de la technique d\u2019ablation de surface et de LASIK \u00e0 l\u2019aide du laser femtoseconde (IntraLase)<\/li>\n<\/ul>\n<p>Vous voulez savoir si vous seriez un bon candidat pour une chirurgie r\u00e9fractive et si vous pourriez faire partie d\u2019un programme de recherche \u00e0 l\u2019Institut de l\u2019oeil de l\u2019Universit\u00e9 d\u2019Ottawa, L\u2019H\u00f4pital d\u2019Ottawa &#8211; Campus G\u00e9n\u00e9ral? Composez le 613-737-8657 pour obtenir plus de renseignements et un rendez-vous pour une \u00e9valuation.<\/p>\n<ul>\n<li><a href=\"\/fr\/services-cliniques\/deptpgrmcs\/programmes\/institut-de-loeil\/services-cliniques-et-diagnostiques\/chirurgie-oculaire-au-laser-chirurgie-refractive\/correction-de-la-vision-au-laser-excimer-guidefaq\/\">Correction de la vision au laser excimer : Guide\/FAQ<\/a><\/li>\n<li><a href=\"\/fr\/documents\/2017\/01\/lasereyesurgerybrochure-fr-final.pdf\" target=\"_blank\">Clinique de chirurgie oculaire au laser &#8211; Comment commencer<\/a><\/li>\n<li><a href=\"\/fr\/documents\/2017\/01\/ei-lasersurg-consent-f.pdf\" target=\"_blank\">Formulaire de consentement &#8211; Correction de la vision au laser excimer<\/a><\/li>\n<\/ul>\n","protected":false},"excerpt":{"rendered":"<p>En janvier 1993, l&rsquo;Institut de l&rsquo;oeil est devenu le premier \u00e9tablissement d&rsquo;enseignement universitaire canadien \u00e0 obtenir le laser excim\u00e8re et \u00e0 \u00e9valuer son efficacit\u00e9 pour traiter la myopie, l&rsquo;hyperm\u00e9tropie, la presbytie et l&rsquo;astigmatisme. Le programme de chirurgie au laser excim\u00e8re de l\u2019Institut de l\u2019oeil a acquis une r\u00e9putation internationale gr\u00e2ce \u00e0 ses r\u00e9sultats de recherches [&hellip;]<\/p>\n","protected":false},"author":25,"featured_media":0,"parent":11434,"menu_order":5,"comment_status":"closed","ping_status":"closed","template":"","meta":{"_acf_changed":false,"_mc_calendar":[],"footnotes":""},"class_list":["post-11457","page","type-page","status-publish","hentry"],"acf":[],"wps_subtitle":"","_links":{"self":[{"href":"https:\/\/www.ottawahospital.on.ca\/fr\/wp-json\/wp\/v2\/pages\/11457","targetHints":{"allow":["GET"]}}],"collection":[{"href":"https:\/\/www.ottawahospital.on.ca\/fr\/wp-json\/wp\/v2\/pages"}],"about":[{"href":"https:\/\/www.ottawahospital.on.ca\/fr\/wp-json\/wp\/v2\/types\/page"}],"author":[{"embeddable":true,"href":"https:\/\/www.ottawahospital.on.ca\/fr\/wp-json\/wp\/v2\/users\/25"}],"replies":[{"embeddable":true,"href":"https:\/\/www.ottawahospital.on.ca\/fr\/wp-json\/wp\/v2\/comments?post=11457"}],"version-history":[{"count":0,"href":"https:\/\/www.ottawahospital.on.ca\/fr\/wp-json\/wp\/v2\/pages\/11457\/revisions"}],"up":[{"embeddable":true,"href":"https:\/\/www.ottawahospital.on.ca\/fr\/wp-json\/wp\/v2\/pages\/11434"}],"wp:attachment":[{"href":"https:\/\/www.ottawahospital.on.ca\/fr\/wp-json\/wp\/v2\/media?parent=11457"}],"curies":[{"name":"wp","href":"https:\/\/api.w.org\/{rel}","templated":true}]}}