{"id":11451,"date":"2016-11-30T13:16:13","date_gmt":"2016-11-30T18:16:13","guid":{"rendered":"http:\/\/52.229.122.34\/fr\/?page_id=11451"},"modified":"2016-11-30T13:16:13","modified_gmt":"2016-11-30T18:16:13","slug":"glaucome","status":"publish","type":"page","link":"https:\/\/www.ottawahospital.on.ca\/fr\/services-cliniques\/deptpgrmcs\/programmes\/institut-de-loeil\/services-cliniques-et-diagnostiques\/glaucome\/","title":{"rendered":"Glaucome"},"content":{"rendered":"<p><strong>D<sup>r<\/sup> William J. Rock, professeur adjoint<br \/>\nD<sup>r<\/sup> Ralf Buhrmann, Ph.D., professeur adjoint<br \/>\nD<sup>r <\/sup>Garfield (Gary) Miller<\/strong><\/p>\n<p>Quand l&rsquo;\u0153il est en sant\u00e9, le corps ciliaire produit un liquide clair constant qui aide \u00e0 conserver la forme de l&rsquo;\u0153il et qui nourrit les structures internes. Ce liquide est drain\u00e9 par le r\u00e9seau trab\u00e9culaire. Lorsque ce syst\u00e8me de drainage se bloque, cet \u00e9quilibre d\u00e9licat est perturb\u00e9 et du liquide s&rsquo;accumule dans l&rsquo;\u0153il. L&rsquo;augmentation de pression caus\u00e9e entra\u00eene lentement des dommages au nerf optique et peut, \u00e0 la longue, provoquer une perte de vision.<\/p>\n<p>On parle de glaucome pour d\u00e9signer le groupe de maladies capables de causer des dommages caract\u00e9ristiques au nerf optique et d&rsquo;entra\u00eener la c\u00e9cit\u00e9. Au Canada, environ 400 000 personnes en sont affect\u00e9es. Typiquement, le glaucome est une maladie qui touche les personnes \u00e2g\u00e9es de 50 ans et plus. Les risques d&rsquo;en \u00eatre affect\u00e9 augmentent consid\u00e9rablement au passage de chaque d\u00e9cennie.<\/p>\n<p>\u00c0 l&rsquo;Institut de l&rsquo;\u0153il, on utilise trois m\u00e9thodes de traitement du glaucome. Normalement, on utilise des gouttes pour les yeux pour abaisser la pression, soit en r\u00e9duisant la quantit\u00e9 de liquide produite, soit en rouvrant les canaux de drainage. Si le traitement m\u00e9dical ne fonctionne pas, on a souvent recours \u00e0 la th\u00e9rapie au laser pour \u00e9liminer le blocage. Comme derni\u00e8re solution, l&rsquo;ophtalmologiste effectue une trab\u00e9culectomie. Lors de cette chirurgie, on cr\u00e9e un nouveau canal de drainage pour contourner le syst\u00e8me bloqu\u00e9.<\/p>\n<p>Le glaucome est surnomm\u00e9 le voleur silencieux de la vue parce que les personnes touch\u00e9es n&rsquo;ont souvent pas de sympt\u00f4mes. Il peut s&rsquo;\u00e9couler des ann\u00e9es avant qu&rsquo;il ne soit d\u00e9tect\u00e9 car l&rsquo;\u0153il sain compense la capacit\u00e9 visuelle r\u00e9duite de l&rsquo;\u0153il atteint. Pour l&rsquo;instant, il n&rsquo;existe pas de rem\u00e8de pour le glaucome. Des examens de la vue r\u00e9guliers permettent de d\u00e9pister et de traiter rapidement le glaucome afin de pr\u00e9venir ou de r\u00e9duire consid\u00e9rablement les dommages potentiels.<\/p>\n<p>M\u00eame si, dans les cas avanc\u00e9s, il n&rsquo;y a pas grand-chose qu&rsquo;on puisse faire pour rectifier la vision, l&rsquo;Institut de l&rsquo;\u0153il s&#8217;emploie tout de m\u00eame \u00e0 aider les patients \u00e0 s&rsquo;adapter \u00e0 l&rsquo;alt\u00e9ration de leurs capacit\u00e9s. La section sur la basse vision d\u00e9crit certains des programmes offerts.<\/p>\n","protected":false},"excerpt":{"rendered":"<p>Dr William J. Rock, professeur adjoint Dr Ralf Buhrmann, Ph.D., professeur adjoint Dr Garfield (Gary) Miller Quand l&rsquo;\u0153il est en sant\u00e9, le corps ciliaire produit un liquide clair constant qui aide \u00e0 conserver la forme de l&rsquo;\u0153il et qui nourrit les structures internes. Ce liquide est drain\u00e9 par le r\u00e9seau trab\u00e9culaire. Lorsque ce syst\u00e8me de [&hellip;]<\/p>\n","protected":false},"author":25,"featured_media":0,"parent":11434,"menu_order":4,"comment_status":"closed","ping_status":"closed","template":"","meta":{"_acf_changed":false,"_mc_calendar":[],"footnotes":""},"class_list":["post-11451","page","type-page","status-publish","hentry"],"acf":[],"wps_subtitle":"","_links":{"self":[{"href":"https:\/\/www.ottawahospital.on.ca\/fr\/wp-json\/wp\/v2\/pages\/11451","targetHints":{"allow":["GET"]}}],"collection":[{"href":"https:\/\/www.ottawahospital.on.ca\/fr\/wp-json\/wp\/v2\/pages"}],"about":[{"href":"https:\/\/www.ottawahospital.on.ca\/fr\/wp-json\/wp\/v2\/types\/page"}],"author":[{"embeddable":true,"href":"https:\/\/www.ottawahospital.on.ca\/fr\/wp-json\/wp\/v2\/users\/25"}],"replies":[{"embeddable":true,"href":"https:\/\/www.ottawahospital.on.ca\/fr\/wp-json\/wp\/v2\/comments?post=11451"}],"version-history":[{"count":0,"href":"https:\/\/www.ottawahospital.on.ca\/fr\/wp-json\/wp\/v2\/pages\/11451\/revisions"}],"up":[{"embeddable":true,"href":"https:\/\/www.ottawahospital.on.ca\/fr\/wp-json\/wp\/v2\/pages\/11434"}],"wp:attachment":[{"href":"https:\/\/www.ottawahospital.on.ca\/fr\/wp-json\/wp\/v2\/media?parent=11451"}],"curies":[{"name":"wp","href":"https:\/\/api.w.org\/{rel}","templated":true}]}}