{"id":11447,"date":"2016-11-30T13:13:21","date_gmt":"2016-11-30T18:13:21","guid":{"rendered":"http:\/\/52.229.122.34\/fr\/?page_id=11447"},"modified":"2016-11-30T13:13:21","modified_gmt":"2016-11-30T18:13:21","slug":"maladies-externes-et-cornee","status":"publish","type":"page","link":"https:\/\/www.ottawahospital.on.ca\/fr\/services-cliniques\/deptpgrmcs\/programmes\/institut-de-loeil\/services-cliniques-et-diagnostiques\/maladies-externes-et-cornee\/","title":{"rendered":"Maladies externes et corn\u00e9e"},"content":{"rendered":"<p><strong>D<sup>r<\/sup>. Kashif Baig<\/strong><br \/>\n<strong>D<sup>r<\/sup> W. Bruce Jackson<br \/>\nD<sup>r<\/sup> George Mintsioulis<\/strong><\/p>\n<p>Les maladies externes et la corn\u00e9e forment une sous-sp\u00e9cialit\u00e9 qui englobe les troubles cong\u00e9nitaux, inflammatoires, allergiques, d\u00e9g\u00e9n\u00e9ratifs et n\u00e9oplasiques touchant le segment ant\u00e9rieur de l&rsquo;\u0153il (y compris les paupi\u00e8res, la conjonctive, la corn\u00e9e, l&rsquo;iris et le cristallin).<\/p>\n<p>La clinique des maladies externes et de la corn\u00e9e est \u00e9quip\u00e9e de la technologie de diagnostic la plus r\u00e9cente, notamment les technique d&rsquo;analyse informatis\u00e9e des cellules endoth\u00e9liales, la cartographie topographique corn\u00e9enne, l&rsquo;aberrom\u00e9trie du front d&rsquo;onde (wavefront aberrometry), la pachym\u00e9trie ultrasonique ainsi que de l&rsquo;\u00e9quipement photographique vari\u00e9 incluant l&rsquo;analyse am\u00e9lior\u00e9e par ordinateur.<\/p>\n<p>La clinique accueille les patients qui lui sont r\u00e9f\u00e9r\u00e9s pour des probl\u00e8mes m\u00e9dicaux complexes et ceux qui ont besoin d&rsquo;une chirurgie de la corn\u00e9e. Souvent, les patients r\u00e9f\u00e9r\u00e9s pr\u00e9sentent des probl\u00e8mes comme une s\u00e9cheresse grave des yeux, des troubles des paupi\u00e8res et de la peau, p. ex. la rosac\u00e9e et la bl\u00e9pharite, ainsi que des ulc\u00e8res corn\u00e9ens et des tumeurs conjonctivales et corn\u00e9ennes.<\/p>\n<p>Gr\u00e2ce \u00e0 la transplantation corn\u00e9enne, il est parfois possible de r\u00e9tablir la vision des patients pr\u00e9sentant une d\u00e9g\u00e9n\u00e9rescence, une dystrophie ou un traumatisme corn\u00e9ens. On peut aussi le faire apr\u00e8s une infection de la corn\u00e9e, comme l&rsquo;herp\u00e8s corn\u00e9en, qui peut entra\u00eener une cicatrice \u00e9paisse.<\/p>\n<p>En ce moment, la chirurgie k\u00e9rator\u00e9fractive fait partie des domaines d&rsquo;actualit\u00e9 les plus prometteurs en ophtalmologie. La capacit\u00e9 de corriger la myopie et l&rsquo;hyperm\u00e9tropie avec et sans astigmatisme gr\u00e2ce au laser excim\u00e8re soul\u00e8ve l&rsquo;enthousiasme du public. L&rsquo;ablation guid\u00e9e par front d&rsquo;ondes et l&rsquo;enregistrement du traitement vis-\u00e0 vis de l&rsquo;iris permettent d&rsquo;obtenir de meilleurs r\u00e9sultats tout en am\u00e9liorant la s\u00e9curit\u00e9.<\/p>\n<p>Les recherches actuelles sont ax\u00e9es sur le traitement de la presbytie permettant de r\u00e9tablir la vision de pr\u00e8s et de loin de personnes de 45 ans et plus. Jusqu&rsquo;\u00e0 maintenant, quelque 2 millions de patients partout dans le monde ont \u00e9t\u00e9 trait\u00e9s \u00e0 l&rsquo;aide de ces techniques. L&rsquo;Institut de l&rsquo;\u0153il est non seulement le premier, mais demeure le seul centre universitaire du Canada \u00e0 avoir acquis un laser excim\u00e8re. Le laser excim\u00e8re sert \u00e0 corriger des erreurs de r\u00e9fraction et \u00e0 \u00e9liminer des cicatrices et des opacit\u00e9s corn\u00e9ennes. On l&rsquo;utilise \u00e9galement pour les recherches sur la cicatrisation des plaies et celles ax\u00e9es sur les r\u00e9sultats pour la vue. Plus de 6 000 patients ont \u00e9t\u00e9 trait\u00e9s \u00e0 l&rsquo;Institut de l&rsquo;\u0153il et sont maintenant suivis.<\/p>\n<p>La chirurgie de la cataracte avec insertion d&rsquo;un cristallin artificiel compte parmi les techniques les plus courantes et fructueuses pratiqu\u00e9es par les ophtalmologistes. Bien souvent, on demande aux sp\u00e9cialistes de la corn\u00e9e de s&rsquo;occuper des cas plus complexes n\u00e9cessitant une extraction de cataracte, une transplantation corn\u00e9enne et la reconstruction de l&rsquo;avant de l&rsquo;\u0153il.<\/p>\n<p>Les recherches dans le domaine des maladies externes et de la corn\u00e9e sont ax\u00e9es sur la gestion et les r\u00e9sultats cliniques des erreurs de r\u00e9fraction trait\u00e9es au laser excim\u00e8re. D&rsquo;autres \u00e9tudes en laboratoire portent sur la cicatrisation de plaies de base \u00e0 la suite d&rsquo;un traitement au laser. Par ailleurs, des essais cliniques sont en cours afin d&rsquo;\u00e9valuer le traitement des infections corn\u00e9ennes et de la s\u00e9cheresse des yeux \u00e0 l&rsquo;aide de nouveaux antibiotiques et anti-inflammatoires.<\/p>\n","protected":false},"excerpt":{"rendered":"<p>Dr. Kashif Baig Dr W. Bruce Jackson Dr George Mintsioulis Les maladies externes et la corn\u00e9e forment une sous-sp\u00e9cialit\u00e9 qui englobe les troubles cong\u00e9nitaux, inflammatoires, allergiques, d\u00e9g\u00e9n\u00e9ratifs et n\u00e9oplasiques touchant le segment ant\u00e9rieur de l&rsquo;\u0153il (y compris les paupi\u00e8res, la conjonctive, la corn\u00e9e, l&rsquo;iris et le cristallin). La clinique des maladies externes et de la [&hellip;]<\/p>\n","protected":false},"author":25,"featured_media":0,"parent":11434,"menu_order":3,"comment_status":"closed","ping_status":"closed","template":"","meta":{"_acf_changed":false,"_mc_calendar":[],"footnotes":""},"class_list":["post-11447","page","type-page","status-publish","hentry"],"acf":[],"wps_subtitle":"","_links":{"self":[{"href":"https:\/\/www.ottawahospital.on.ca\/fr\/wp-json\/wp\/v2\/pages\/11447","targetHints":{"allow":["GET"]}}],"collection":[{"href":"https:\/\/www.ottawahospital.on.ca\/fr\/wp-json\/wp\/v2\/pages"}],"about":[{"href":"https:\/\/www.ottawahospital.on.ca\/fr\/wp-json\/wp\/v2\/types\/page"}],"author":[{"embeddable":true,"href":"https:\/\/www.ottawahospital.on.ca\/fr\/wp-json\/wp\/v2\/users\/25"}],"replies":[{"embeddable":true,"href":"https:\/\/www.ottawahospital.on.ca\/fr\/wp-json\/wp\/v2\/comments?post=11447"}],"version-history":[{"count":0,"href":"https:\/\/www.ottawahospital.on.ca\/fr\/wp-json\/wp\/v2\/pages\/11447\/revisions"}],"up":[{"embeddable":true,"href":"https:\/\/www.ottawahospital.on.ca\/fr\/wp-json\/wp\/v2\/pages\/11434"}],"wp:attachment":[{"href":"https:\/\/www.ottawahospital.on.ca\/fr\/wp-json\/wp\/v2\/media?parent=11447"}],"curies":[{"name":"wp","href":"https:\/\/api.w.org\/{rel}","templated":true}]}}