{"id":11442,"date":"2016-11-30T13:11:33","date_gmt":"2016-11-30T18:11:33","guid":{"rendered":"http:\/\/52.229.122.34\/fr\/?page_id=11442"},"modified":"2016-11-30T13:11:33","modified_gmt":"2016-11-30T18:11:33","slug":"epidemiologie-clinique","status":"publish","type":"page","link":"https:\/\/www.ottawahospital.on.ca\/fr\/services-cliniques\/deptpgrmcs\/programmes\/institut-de-loeil\/services-cliniques-et-diagnostiques\/epidemiologie-clinique\/","title":{"rendered":"\u00c9pid\u00e9miologie clinique"},"content":{"rendered":"<p>\u00c0 l&rsquo;Institut de l&rsquo;\u0153il de l&rsquo;Universit\u00e9 d&rsquo;Ottawa, on s\u00e9pare l&rsquo;\u00e9pid\u00e9miologie en deux cat\u00e9gories : l&rsquo;\u00e9pid\u00e9miologie clinique et l&rsquo;\u00e9pid\u00e9miologie de la sant\u00e9 publique. Le D<sup>r<\/sup> Buhrmann s&rsquo;occupe de l&rsquo;\u00e9pid\u00e9miologie en sant\u00e9 publique.<\/p>\n<p>L&rsquo;\u00e9pid\u00e9miologie clinique s&rsquo;appliquant \u00e0 la vision est le domaine de m\u00e9decine clinique qui s&rsquo;int\u00e9resse aux d\u00e9terminants et \u00e0 la distribution des maladies de l&rsquo;\u0153il et \u00e0 leur traitement. L&rsquo;\u00e9pid\u00e9miologie de la sant\u00e9 publique s&rsquo;int\u00e9resse au suivi des principales causes de c\u00e9cit\u00e9 au sein de populations importantes (p. ex. l&rsquo;ensemble de la population canadienne) et \u00e0 l&rsquo;identification des causes \u00e9vitables de c\u00e9cit\u00e9 au niveau de la population.<\/p>\n<p>Les d\u00e9couvertes pr\u00e9liminaires surviennent en laboratoire et sont test\u00e9es aupr\u00e8s de mod\u00e8les animaux. On peut dire que l&rsquo;on entre dans le monde de l&rsquo;\u00e9pid\u00e9miologie lorsque la recherche passe au niveau des personnes et au-del\u00e0 (la partie jaune du diagramme). Les recherches cliniques men\u00e9es aupr\u00e8s des patients appartiennent \u00e0 deux cat\u00e9gories :<\/p>\n<ol>\n<li><strong>Recherche clinique d&rsquo;observation<\/strong> : On observe les patients au cours de l&rsquo;\u00e9volution naturelle de leur maladie et des traitements. Des exemples sont nos recherches sur le laser excim\u00e8re, le diagnostic de la scl\u00e9rose en plaques, les tests g\u00e9n\u00e9tiques et les facteurs de risque du sida.<\/li>\n<li><strong>Recherche clinique exp\u00e9rimental<\/strong>e : Les patients se voient attribuer au hasard un groupe de traitement quelconque (par exemple, nos \u00e9tudes sur les ulc\u00e8res de la corn\u00e9e, le traitement du glaucome par laser, la s\u00e9cheresse des yeux ou la d\u00e9g\u00e9n\u00e9rescence maculaire).<\/li>\n<\/ol>\n<p>Lorsque suffisamment de recherches ont \u00e9t\u00e9 effectu\u00e9es, nous pr\u00e9parons une <strong>synth\u00e8se des connaissances<\/strong>. La synth\u00e8se est en fait un r\u00e9sum\u00e9 formel et rigoureux de la recherche men\u00e9e. On utilise l&rsquo;expression <strong>transfert des connaissances<\/strong> pour d\u00e9signer le transfert \u00e0 la pratique clinique des renseignements valides d\u00e9coulant de recherches \u00e9tablies.<\/p>\n<p>L&rsquo;\u00e9pid\u00e9miologie de la sant\u00e9 publique s&rsquo;int\u00e9resse au suivi des principales causes de c\u00e9cit\u00e9 au sein de populations importantes (p. ex. l&rsquo;ensemble de la population canadienne) et \u00e0 l&rsquo;identification des raisons \u00e9vitables de c\u00e9cit\u00e9 au niveau de la population. L&rsquo;Institut de l&rsquo;\u0153il m\u00e8ne en ce moment une \u00e9tude sur l&rsquo;\u00e9valuation des sources actuelles de donn\u00e9es du registre de c\u00e9cit\u00e9 au Canada.<\/p>\n","protected":false},"excerpt":{"rendered":"<p>\u00c0 l&rsquo;Institut de l&rsquo;\u0153il de l&rsquo;Universit\u00e9 d&rsquo;Ottawa, on s\u00e9pare l&rsquo;\u00e9pid\u00e9miologie en deux cat\u00e9gories : l&rsquo;\u00e9pid\u00e9miologie clinique et l&rsquo;\u00e9pid\u00e9miologie de la sant\u00e9 publique. Le Dr Buhrmann s&rsquo;occupe de l&rsquo;\u00e9pid\u00e9miologie en sant\u00e9 publique. L&rsquo;\u00e9pid\u00e9miologie clinique s&rsquo;appliquant \u00e0 la vision est le domaine de m\u00e9decine clinique qui s&rsquo;int\u00e9resse aux d\u00e9terminants et \u00e0 la distribution des maladies de l&rsquo;\u0153il [&hellip;]<\/p>\n","protected":false},"author":25,"featured_media":0,"parent":11434,"menu_order":2,"comment_status":"closed","ping_status":"closed","template":"","meta":{"_acf_changed":false,"_mc_calendar":[],"footnotes":""},"class_list":["post-11442","page","type-page","status-publish","hentry"],"acf":[],"wps_subtitle":"","_links":{"self":[{"href":"https:\/\/www.ottawahospital.on.ca\/fr\/wp-json\/wp\/v2\/pages\/11442","targetHints":{"allow":["GET"]}}],"collection":[{"href":"https:\/\/www.ottawahospital.on.ca\/fr\/wp-json\/wp\/v2\/pages"}],"about":[{"href":"https:\/\/www.ottawahospital.on.ca\/fr\/wp-json\/wp\/v2\/types\/page"}],"author":[{"embeddable":true,"href":"https:\/\/www.ottawahospital.on.ca\/fr\/wp-json\/wp\/v2\/users\/25"}],"replies":[{"embeddable":true,"href":"https:\/\/www.ottawahospital.on.ca\/fr\/wp-json\/wp\/v2\/comments?post=11442"}],"version-history":[{"count":0,"href":"https:\/\/www.ottawahospital.on.ca\/fr\/wp-json\/wp\/v2\/pages\/11442\/revisions"}],"up":[{"embeddable":true,"href":"https:\/\/www.ottawahospital.on.ca\/fr\/wp-json\/wp\/v2\/pages\/11434"}],"wp:attachment":[{"href":"https:\/\/www.ottawahospital.on.ca\/fr\/wp-json\/wp\/v2\/media?parent=11442"}],"curies":[{"name":"wp","href":"https:\/\/api.w.org\/{rel}","templated":true}]}}