{"id":11438,"date":"2016-11-30T13:10:02","date_gmt":"2016-11-30T18:10:02","guid":{"rendered":"http:\/\/52.229.122.34\/fr\/?page_id=11438"},"modified":"2016-12-30T09:28:30","modified_gmt":"2016-12-30T14:28:30","slug":"chirurgie-de-la-cataracte","status":"publish","type":"page","link":"https:\/\/www.ottawahospital.on.ca\/fr\/services-cliniques\/deptpgrmcs\/programmes\/institut-de-loeil\/services-cliniques-et-diagnostiques\/chirurgie-de-la-cataracte\/","title":{"rendered":"Chirurgie de la cataracte"},"content":{"rendered":"<p>Une cataracte est l&#8217;embrouillement des lentilles naturelles de l&rsquo;\u0153il (opacit\u00e9 du cristallin). Les prot\u00e9ines \u00e0 l&rsquo;int\u00e9rieur des lentilles vieillissent, entra\u00eenant ainsi une perte de leur transparence. C&rsquo;est un trouble de la vision normal en vieillissant. En fait, toute personne vivant assez vieille d\u00e9veloppera un jour ou l&rsquo;autre une cataracte. Certaines personnes d\u00e9velopperont une cataracte grave \u00e0 l&rsquo;\u00e2ge de 60 ans, tandis que d&rsquo;autres seront atteintes de cataracte seulement \u00e0 90 ans.<\/p>\n<p>Bien que l&rsquo;\u00e2ge soit le principal facteur d&rsquo;apparition de la cataracte, il y a d&rsquo;autres causes. Certaines maladies, comme l&rsquo;uv\u00e9ite (inflammation \u00e0 l&rsquo;int\u00e9rieur de l&rsquo;\u0153il), peuvent causer une cataracte. L&rsquo;exposition \u00e0 des sources de rayonnement, comme les rayons ultraviolets (p. ex. les rayons ultraviolets du soleil) et les rayons infrarouges, peut \u00e9galement causer une cataracte. La malnutrition peut brusquer l&rsquo;apparition de la cataracte et en acc\u00e9l\u00e9rer la progression. Une blessure \u00e0 l&rsquo;\u0153il et certains m\u00e9dicaments d&rsquo;ordonnance, comme des st\u00e9ro\u00efdes, peuvent aussi favoriser l&rsquo;apparition d&rsquo;une cataracte.<\/p>\n<p>Gr\u00e2ce \u00e0 des techniques \u00e0 la fine pointe de la technologie, l&rsquo;Institut de l&rsquo;\u0153il a toujours \u00e9t\u00e9 au premier plan en ce qui concerne la chirurgie de la cataracte.<\/p>\n<p>La chirurgie de la cataracte pratiqu\u00e9e \u00e0 l&rsquo;Institut de l&rsquo;\u0153il est une chirurgie d&rsquo;un jour, ce qui signifie que les patients peuvent g\u00e9n\u00e9ralement retourner \u00e0 la maison quelques heures apr\u00e8s leur op\u00e9ration. Nous faisons tout en notre pouvoir pour rendre l&rsquo;intervention la plus agr\u00e9able possible.<\/p>\n<ol>\n<li><a href=\"\/fr\/services-cliniques\/deptpgrmcs\/programmes\/institut-de-loeil\/temps-dattente-chirurgie-de-la-cataracte\/\" target=\"_blank\">Temps d&rsquo;attente pour une chirurgie de la cataracte<\/a><\/li>\n<\/ol>\n","protected":false},"excerpt":{"rendered":"<p>Une cataracte est l&#8217;embrouillement des lentilles naturelles de l&rsquo;\u0153il (opacit\u00e9 du cristallin). Les prot\u00e9ines \u00e0 l&rsquo;int\u00e9rieur des lentilles vieillissent, entra\u00eenant ainsi une perte de leur transparence. C&rsquo;est un trouble de la vision normal en vieillissant. En fait, toute personne vivant assez vieille d\u00e9veloppera un jour ou l&rsquo;autre une cataracte. Certaines personnes d\u00e9velopperont une cataracte grave [&hellip;]<\/p>\n","protected":false},"author":25,"featured_media":0,"parent":11434,"menu_order":1,"comment_status":"closed","ping_status":"closed","template":"","meta":{"_acf_changed":false,"_mc_calendar":[],"footnotes":""},"class_list":["post-11438","page","type-page","status-publish","hentry"],"acf":[],"wps_subtitle":"","_links":{"self":[{"href":"https:\/\/www.ottawahospital.on.ca\/fr\/wp-json\/wp\/v2\/pages\/11438","targetHints":{"allow":["GET"]}}],"collection":[{"href":"https:\/\/www.ottawahospital.on.ca\/fr\/wp-json\/wp\/v2\/pages"}],"about":[{"href":"https:\/\/www.ottawahospital.on.ca\/fr\/wp-json\/wp\/v2\/types\/page"}],"author":[{"embeddable":true,"href":"https:\/\/www.ottawahospital.on.ca\/fr\/wp-json\/wp\/v2\/users\/25"}],"replies":[{"embeddable":true,"href":"https:\/\/www.ottawahospital.on.ca\/fr\/wp-json\/wp\/v2\/comments?post=11438"}],"version-history":[{"count":0,"href":"https:\/\/www.ottawahospital.on.ca\/fr\/wp-json\/wp\/v2\/pages\/11438\/revisions"}],"up":[{"embeddable":true,"href":"https:\/\/www.ottawahospital.on.ca\/fr\/wp-json\/wp\/v2\/pages\/11434"}],"wp:attachment":[{"href":"https:\/\/www.ottawahospital.on.ca\/fr\/wp-json\/wp\/v2\/media?parent=11438"}],"curies":[{"name":"wp","href":"https:\/\/api.w.org\/{rel}","templated":true}]}}