{"id":11434,"date":"2016-11-30T13:07:11","date_gmt":"2016-11-30T18:07:11","guid":{"rendered":"http:\/\/52.229.122.34\/fr\/?page_id=11434"},"modified":"2016-12-30T09:12:32","modified_gmt":"2016-12-30T14:12:32","slug":"services-cliniques-et-diagnostiques","status":"publish","type":"page","link":"https:\/\/www.ottawahospital.on.ca\/fr\/services-cliniques\/deptpgrmcs\/programmes\/institut-de-loeil\/services-cliniques-et-diagnostiques\/","title":{"rendered":"Services cliniques et diagnostiques"},"content":{"rendered":"<p>Les membres de notre personnel m\u00e9dical ont suivi une formation sp\u00e9cialis\u00e9e dans un des nombreux prestigieux centres de sursp\u00e9cialisation en Am\u00e9rique du Nord. Les services diagnostiques en ophtalmologie sont disponibles sur place. Rosemary Bickerton, B.Sc.inf., IA, OA.<\/p>\n<ul>\n<li><a href=\"\/fr\/services-cliniques\/deptpgrmcs\/programmes\/institut-de-loeil\/services-cliniques-et-diagnostiques\/amelioration-de-la-vision-basse-vision\/\">Am\u00e9lioration de la vision (basse vision)<\/a><\/li>\n<li><a href=\"\/fr\/services-cliniques\/deptpgrmcs\/programmes\/institut-de-loeil\/services-cliniques-et-diagnostiques\/chirurgie-de-la-cataracte\/\">Chirurgie de la cataracte<\/a><\/li>\n<li><a href=\"\/fr\/services-cliniques\/deptpgrmcs\/programmes\/institut-de-loeil\/services-cliniques-et-diagnostiques\/services-de-chirurgie-de-la-retine-et-du-corps-vitre\/\">Chirurgie de la r\u00e9tine \/ du corps vitr\u00e9<\/a><\/li>\n<li><a href=\"\/fr\/services-cliniques\/deptpgrmcs\/programmes\/institut-de-loeil\/services-cliniques-et-diagnostiques\/chirurgie-ophtalmologique-plastique-et-reconstructive\/\">Chirurgie ophtalmologique, plastique et reconstructive<\/a><\/li>\n<li><a href=\"\/fr\/services-cliniques\/deptpgrmcs\/programmes\/institut-de-loeil\/services-cliniques-et-diagnostiques\/chirurgie-oculaire-au-laser-chirurgie-refractive\/\">Chirurgie oculaire au laser (chirurgie r\u00e9fractive)<\/a><\/li>\n<li><a href=\"\/fr\/services-cliniques\/deptpgrmcs\/programmes\/institut-de-loeil\/services-cliniques-et-diagnostiques\/echographie\/\">\u00c9chographie<\/a><\/li>\n<li><a href=\"\/fr\/services-cliniques\/deptpgrmcs\/programmes\/institut-de-loeil\/services-cliniques-et-diagnostiques\/epidemiologie-clinique\/\">\u00c9pid\u00e9miologie clinique<\/a><\/li>\n<li><a href=\"\/fr\/services-cliniques\/deptpgrmcs\/programmes\/institut-de-loeil\/services-cliniques-et-diagnostiques\/glaucome\/\">Glaucome<\/a><\/li>\n<li><a href=\"\/fr\/services-cliniques\/deptpgrmcs\/programmes\/institut-de-loeil\/services-cliniques-et-diagnostiques\/imagerie-ophtalmologique\/\">Imagerie ophtalmologique<\/a><\/li>\n<li><a href=\"\/fr\/services-cliniques\/deptpgrmcs\/programmes\/institut-de-loeil\/services-cliniques-et-diagnostiques\/laboratoire-dimagerie-et-delectrodiagnostic-de-la-vision\/\">Laboratoire d&rsquo;imagerie et d&rsquo;\u00e9lectrodiagnostic de la vision<\/a><\/li>\n<li><a href=\"\/fr\/services-cliniques\/deptpgrmcs\/programmes\/institut-de-loeil\/services-cliniques-et-diagnostiques\/maladies-externes-et-cornee\/\">Maladies externes et corn\u00e9e<\/a><\/li>\n<li><a href=\"\/fr\/services-cliniques\/deptpgrmcs\/programmes\/institut-de-loeil\/services-cliniques-et-diagnostiques\/neuro-ophtalmologie-neuropathie-optique\/\">Neuro-ophtalmologie (neuropathie optique)<\/a><\/li>\n<li><a href=\"\/fr\/services-cliniques\/deptpgrmcs\/programmes\/institut-de-loeil\/services-cliniques-et-diagnostiques\/ophtalmologie-pediatriques\/\">Ophtalmologie p\u00e9diatrique<\/a><\/li>\n<li><a href=\"\/fr\/services-cliniques\/deptpgrmcs\/programmes\/institut-de-loeil\/services-cliniques-et-diagnostiques\/pathologie-ophtalmologique\/\">Pathologie ophtalmologique<\/a><\/li>\n<\/ul>\n<p>Certains tests diagnostiques avanc\u00e9s ne pas \u00eatre couverts par le r\u00e9gime d&rsquo;assurance-sant\u00e9 de l&rsquo;Ontario (OHIP), consultez avec votre ophthalmologiste pour de plus amples renseignements.<\/p>\n<p><a href=\"\/fr\/services-cliniques\/deptpgrmcs\/programmes\/centre-de-soins-oculaires\/services-cliniques-et-diagnostiques\/services-non-assures\/\">Information sur les services non assur\u00e9s \u00e0 L&rsquo;H\u00f4pital d&rsquo;Ottawa &#8211; Institut de l&rsquo;\u0153il et Centre de soins oculaires.<\/a><\/p>\n","protected":false},"excerpt":{"rendered":"<p>Les membres de notre personnel m\u00e9dical ont suivi une formation sp\u00e9cialis\u00e9e dans un des nombreux prestigieux centres de sursp\u00e9cialisation en Am\u00e9rique du Nord. Les services diagnostiques en ophtalmologie sont disponibles sur place. Rosemary Bickerton, B.Sc.inf., IA, OA. Am\u00e9lioration de la vision (basse vision) Chirurgie de la cataracte Chirurgie de la r\u00e9tine \/ du corps vitr\u00e9 [&hellip;]<\/p>\n","protected":false},"author":25,"featured_media":0,"parent":11416,"menu_order":5,"comment_status":"closed","ping_status":"closed","template":"","meta":{"_acf_changed":false,"_mc_calendar":[],"footnotes":""},"class_list":["post-11434","page","type-page","status-publish","hentry"],"acf":[],"wps_subtitle":"","_links":{"self":[{"href":"https:\/\/www.ottawahospital.on.ca\/fr\/wp-json\/wp\/v2\/pages\/11434","targetHints":{"allow":["GET"]}}],"collection":[{"href":"https:\/\/www.ottawahospital.on.ca\/fr\/wp-json\/wp\/v2\/pages"}],"about":[{"href":"https:\/\/www.ottawahospital.on.ca\/fr\/wp-json\/wp\/v2\/types\/page"}],"author":[{"embeddable":true,"href":"https:\/\/www.ottawahospital.on.ca\/fr\/wp-json\/wp\/v2\/users\/25"}],"replies":[{"embeddable":true,"href":"https:\/\/www.ottawahospital.on.ca\/fr\/wp-json\/wp\/v2\/comments?post=11434"}],"version-history":[{"count":0,"href":"https:\/\/www.ottawahospital.on.ca\/fr\/wp-json\/wp\/v2\/pages\/11434\/revisions"}],"up":[{"embeddable":true,"href":"https:\/\/www.ottawahospital.on.ca\/fr\/wp-json\/wp\/v2\/pages\/11416"}],"wp:attachment":[{"href":"https:\/\/www.ottawahospital.on.ca\/fr\/wp-json\/wp\/v2\/media?parent=11434"}],"curies":[{"name":"wp","href":"https:\/\/api.w.org\/{rel}","templated":true}]}}